{"id":87349,"date":"2020-02-21T11:22:11","date_gmt":"2020-02-21T11:22:11","guid":{"rendered":"https:\/\/parcodellecascate.it\/il-patrimonio-naturale\/"},"modified":"2022-09-06T09:24:14","modified_gmt":"2022-09-06T09:24:14","slug":"natuerliches-erbe","status":"publish","type":"page","link":"https:\/\/parcodellecascate.it\/de\/der-park\/natuerliches-erbe\/","title":{"rendered":"Nat\u00fcrliches Erbe"},"content":{"rendered":"<div class=\"wpb-content-wrapper\"><p>[vc_row row_height_percent=&#8220;0&#8243; override_padding=&#8220;yes&#8220; h_padding=&#8220;2&#8243; top_padding=&#8220;5&#8243; bottom_padding=&#8220;3&#8243; overlay_alpha=&#8220;100&#8243; gutter_size=&#8220;3&#8243; column_width_percent=&#8220;100&#8243; shift_y=&#8220;0&#8243; z_index=&#8220;0&#8243; row_height_use_pixel=&#8220;&#8220; css=&#8220;.vc_custom_1618473762854{margin-bottom: -40px !important;}&#8220;][vc_column column_width_use_pixel=&#8220;yes&#8220; gutter_size=&#8220;3&#8243; overlay_alpha=&#8220;50&#8243; shift_x=&#8220;0&#8243; shift_y=&#8220;0&#8243; medium_width=&#8220;0&#8243; zoom_width=&#8220;0&#8243; zoom_height=&#8220;0&#8243; column_width_pixel=&#8220;800&#8243;][vc_column_text]<\/p>\n<div class=\"page\" title=\"Page 7\">\n<div class=\"layoutArea\">\n<div class=\"column\">\n<p>Der Wasserfallpark von Molina ist ein gesch\u00fctztes Gebiet, das zum weitl\u00e4ufigeren Regionalpark der Lessinischen Berge geh\u00f6rt. Der Park liegt s\u00fcd\u00f6stlich des Dorfes Molina in der Ortschaft Vaccarole und ist nur zu Fu\u00df \u00fcber einen einfachen Weg zu erreichen, der durch das mittelalterliche Dorf zum Eingang des Schutzgebietes f\u00fchrt. Der Park erstreckt sich \u00fcber eine Fl\u00e4che von etwa 80.000 Quadratmetern.<\/p>\n<p>Die endg\u00fcltige Entstehung der Lessinischen Berge erfolgte im Terti\u00e4r, also vor etwa 25-30 Millionen Jahren. Von diesem Zeitpunkt an waren die Kalksteinfelsen dieses Gebiets der st\u00e4ndigen Einwirkung von atmosph\u00e4rischen Einfl\u00fcssen ausgesetzt, die im Laufe der Zeit zu ihrer Ver\u00e4nderung und Fragmentierung f\u00fchrten. Der Einfluss des Wassers an der Oberfl\u00e4che und in den Tiefen des Kalkgesteins hat eine typische Karstlandschaft entstehen lassen, die auch durch das unerwartete Vorkommen von Quellen und Oberfl\u00e4chengew\u00e4ssern gekennzeichnet ist. Entlang der Wasserl\u00e4ufe haben sich Wasserf\u00e4lle gebildet, die auf das Vorhandensein von Gesteinen mit unterschiedlicher Erodierbarkeit zur\u00fcckzuf\u00fchren sind: Die undurchl\u00e4ssigen Tonschichten des Biancone-Kalksteins verhindern, dass Regenwasser in den Untergrund sickert, wodurch verschiedene Quellen entstehen.<\/p>\n<p>Charakteristische Formen, die mit der Wirkung der Str\u00f6mung zusammenh\u00e4ngen, sind Rillen, Nischen und Erosionsl\u00f6cher, die nicht nur im Stromverlauf, sondern auch an den seitlichen Felsw\u00e4nden zu sehen sind und von vergangenen Wasserwegen zeugen.<\/p>\n<\/div>\n<\/div>\n<\/div>\n<p>[\/vc_column_text][\/vc_column][\/vc_row][vc_row row_height_percent=&#8220;0&#8243; override_padding=&#8220;yes&#8220; h_padding=&#8220;2&#8243; top_padding=&#8220;0&#8243; bottom_padding=&#8220;0&#8243; overlay_alpha=&#8220;100&#8243; gutter_size=&#8220;3&#8243; column_width_percent=&#8220;100&#8243; shift_y=&#8220;0&#8243; z_index=&#8220;0&#8243; row_height_use_pixel=&#8220;&#8220;][vc_column column_width_percent=&#8220;100&#8243; gutter_size=&#8220;3&#8243; overlay_alpha=&#8220;50&#8243; shift_x=&#8220;0&#8243; shift_y=&#8220;0&#8243; medium_width=&#8220;0&#8243; zoom_width=&#8220;0&#8243; zoom_height=&#8220;0&#8243; width=&#8220;1\/1&#8243;][vc_gallery el_id=&#8220;gallery-300388&#8243; type=&#8220;carousel&#8220; medias=&#8220;83124,84358,84359,84360,84361,84362,84363,84364,84365,84366,84367,84368,84369,84370,84371&#8243; carousel_lg=&#8220;3&#8243; carousel_md=&#8220;1&#8243; carousel_sm=&#8220;1&#8243; thumb_size=&#8220;four-three&#8220; gutter_size=&#8220;3&#8243; carousel_type=&#8220;fade&#8220; carousel_interval=&#8220;3000&#8243; carousel_navspeed=&#8220;400&#8243; carousel_loop=&#8220;yes&#8220; carousel_overflow=&#8220;yes&#8220; carousel_dots=&#8220;yes&#8220; carousel_dots_mobile=&#8220;yes&#8220; stage_padding=&#8220;0&#8243; single_overlay_opacity=&#8220;50&#8243; single_padding=&#8220;2&#8243;][\/vc_column][\/vc_row][vc_row row_height_percent=&#8220;0&#8243; override_padding=&#8220;yes&#8220; h_padding=&#8220;2&#8243; top_padding=&#8220;3&#8243; bottom_padding=&#8220;5&#8243; overlay_alpha=&#8220;100&#8243; gutter_size=&#8220;3&#8243; column_width_percent=&#8220;100&#8243; shift_y=&#8220;0&#8243; z_index=&#8220;0&#8243; row_height_use_pixel=&#8220;&#8220;][vc_column column_width_use_pixel=&#8220;yes&#8220; gutter_size=&#8220;3&#8243; overlay_alpha=&#8220;50&#8243; shift_x=&#8220;0&#8243; shift_y=&#8220;0&#8243; medium_width=&#8220;0&#8243; zoom_width=&#8220;0&#8243; zoom_height=&#8220;0&#8243; column_width_pixel=&#8220;800&#8243;][vc_column_text]<\/p>\n<div class=\"page\" title=\"Page 7\">\n<div class=\"layoutArea\">\n<div class=\"column\">\n<p>Der Park bietet dem Besucher eine von W\u00e4ldern und Wiesen gepr\u00e4gte Landschaft, die h\u00e4ufig von Wasserf\u00e4llen, B\u00e4chen und Rinnsalen unterbrochen wird, in der die Sanftheit des Gr\u00fcns mit der Vielfalt der Vegetation und dem Grau der felsigen Ausl\u00e4ufer in Kontrast steht.<\/p>\n<p>Diese Landschaft beherbergt auch eine reiche Fauna: Neben F\u00fcchsen, Dachsen, Rehen, Eichh\u00f6rnchen und Siebenschl\u00e4fern gibt es V\u00f6gel wie die Wasseramsel, den Wanderfalken und den Uhu; einige Amphibienarten sind gesch\u00fctzt, wie der Grasfrosch und die Gelbbauchunke, sowie einige seltene Makroinvertebraten, die in den B\u00e4chen des Parks leben und wichtige Indikatoren f\u00fcr die Wasserreinheit sind.<\/p>\n<\/div>\n<\/div>\n<\/div>\n<p>[\/vc_column_text][vc_button button_color=&#8220;accent&#8220; radius=&#8220;btn-circle&#8220; border_animation=&#8220;btn-ripple-in&#8220; custom_typo=&#8220;yes&#8220; font_family=&#8220;font-555555&#8243; font_weight=&#8220;600&#8243; text_transform=&#8220;uppercase&#8220; border_width=&#8220;0&#8243; link=&#8220;url:https%3A%2F%2Fparcodellecascate.it%2Fde%2Fmission%2Fnatura-2000%2F|title:Orari%20di%20apertura&#8220;]Weiters zum schutzgebiet entdecken[\/vc_button][\/vc_column][\/vc_row]<\/p>\n<\/div>","protected":false},"excerpt":{"rendered":"<p>[vc_row row_height_percent=&#8220;0&#8243; override_padding=&#8220;yes&#8220; h_padding=&#8220;2&#8243; top_padding=&#8220;5&#8243; bottom_padding=&#8220;3&#8243; overlay_alpha=&#8220;100&#8243; gutter_size=&#8220;3&#8243; column_width_percent=&#8220;100&#8243; shift_y=&#8220;0&#8243; z_index=&#8220;0&#8243; row_height_use_pixel=&#8220;&#8220; css=&#8220;.vc_custom_1618473762854{margin-bottom: -40px !important;}&#8220;][vc_column column_width_use_pixel=&#8220;yes&#8220; gutter_size=&#8220;3&#8243; overlay_alpha=&#8220;50&#8243; shift_x=&#8220;0&#8243; shift_y=&#8220;0&#8243; [&hellip;]<\/p>\n","protected":false},"author":1,"featured_media":0,"parent":87419,"menu_order":0,"comment_status":"closed","ping_status":"closed","template":"","meta":{"footnotes":""},"class_list":["post-87349","page","type-page","status-publish","hentry"],"yoast_head":"<!-- This site is optimized with the Yoast SEO plugin v22.5 - https:\/\/yoast.com\/wordpress\/plugins\/seo\/ -->\n<title>Nat\u00fcrliches Erbe - Parco delle Cascate<\/title>\n<meta name=\"robots\" content=\"index, follow, max-snippet:-1, max-image-preview:large, max-video-preview:-1\" \/>\n<link rel=\"canonical\" href=\"https:\/\/parcodellecascate.it\/de\/der-park\/natuerliches-erbe\/\" \/>\n<meta property=\"og:locale\" content=\"de_DE\" \/>\n<meta property=\"og:type\" content=\"article\" \/>\n<meta property=\"og:title\" content=\"Nat\u00fcrliches Erbe - Parco delle Cascate\" \/>\n<meta property=\"og:description\" content=\"[vc_row row_height_percent=&#8220;0&#8243; override_padding=&#8220;yes&#8220; h_padding=&#8220;2&#8243; top_padding=&#8220;5&#8243; bottom_padding=&#8220;3&#8243; overlay_alpha=&#8220;100&#8243; gutter_size=&#8220;3&#8243; column_width_percent=&#8220;100&#8243; shift_y=&#8220;0&#8243; z_index=&#8220;0&#8243; row_height_use_pixel=&#8220;&#8220; css=&#8220;.vc_custom_1618473762854{margin-bottom: -40px !important;}&#8220;][vc_column column_width_use_pixel=&#8220;yes&#8220; gutter_size=&#8220;3&#8243; overlay_alpha=&#8220;50&#8243; shift_x=&#8220;0&#8243; shift_y=&#8220;0&#8243; [&hellip;]\" \/>\n<meta property=\"og:url\" content=\"https:\/\/parcodellecascate.it\/de\/der-park\/natuerliches-erbe\/\" \/>\n<meta property=\"og:site_name\" content=\"Parco delle Cascate\" \/>\n<meta property=\"article:modified_time\" content=\"2022-09-06T09:24:14+00:00\" \/>\n<meta name=\"twitter:card\" content=\"summary_large_image\" \/>\n<meta name=\"twitter:label1\" content=\"Gesch\u00e4tzte Lesezeit\" \/>\n\t<meta name=\"twitter:data1\" content=\"3\u00a0Minuten\" \/>\n<script type=\"application\/ld+json\" class=\"yoast-schema-graph\">{\"@context\":\"https:\/\/schema.org\",\"@graph\":[{\"@type\":\"WebPage\",\"@id\":\"https:\/\/parcodellecascate.it\/de\/der-park\/natuerliches-erbe\/\",\"url\":\"https:\/\/parcodellecascate.it\/de\/der-park\/natuerliches-erbe\/\",\"name\":\"Nat\u00fcrliches Erbe - Parco delle Cascate\",\"isPartOf\":{\"@id\":\"https:\/\/parcodellecascate.it\/#website\"},\"datePublished\":\"2020-02-21T11:22:11+00:00\",\"dateModified\":\"2022-09-06T09:24:14+00:00\",\"breadcrumb\":{\"@id\":\"https:\/\/parcodellecascate.it\/de\/der-park\/natuerliches-erbe\/#breadcrumb\"},\"inLanguage\":\"de\",\"potentialAction\":[{\"@type\":\"ReadAction\",\"target\":[\"https:\/\/parcodellecascate.it\/de\/der-park\/natuerliches-erbe\/\"]}]},{\"@type\":\"BreadcrumbList\",\"@id\":\"https:\/\/parcodellecascate.it\/de\/der-park\/natuerliches-erbe\/#breadcrumb\",\"itemListElement\":[{\"@type\":\"ListItem\",\"position\":1,\"name\":\"Home\",\"item\":\"https:\/\/parcodellecascate.it\/de\/\"},{\"@type\":\"ListItem\",\"position\":2,\"name\":\"Der Park\",\"item\":\"https:\/\/parcodellecascate.it\/de\/der-park\/\"},{\"@type\":\"ListItem\",\"position\":3,\"name\":\"Nat\u00fcrliches Erbe\"}]},{\"@type\":\"WebSite\",\"@id\":\"https:\/\/parcodellecascate.it\/#website\",\"url\":\"https:\/\/parcodellecascate.it\/\",\"name\":\"Parco delle Cascate\",\"description\":\"Vivere Molina\",\"potentialAction\":[{\"@type\":\"SearchAction\",\"target\":{\"@type\":\"EntryPoint\",\"urlTemplate\":\"https:\/\/parcodellecascate.it\/?s={search_term_string}\"},\"query-input\":\"required name=search_term_string\"}],\"inLanguage\":\"de\"}]}<\/script>\n<!-- \/ Yoast SEO plugin. -->","yoast_head_json":{"title":"Nat\u00fcrliches Erbe - Parco delle Cascate","robots":{"index":"index","follow":"follow","max-snippet":"max-snippet:-1","max-image-preview":"max-image-preview:large","max-video-preview":"max-video-preview:-1"},"canonical":"https:\/\/parcodellecascate.it\/de\/der-park\/natuerliches-erbe\/","og_locale":"de_DE","og_type":"article","og_title":"Nat\u00fcrliches Erbe - Parco delle Cascate","og_description":"[vc_row row_height_percent=&#8220;0&#8243; override_padding=&#8220;yes&#8220; h_padding=&#8220;2&#8243; top_padding=&#8220;5&#8243; bottom_padding=&#8220;3&#8243; overlay_alpha=&#8220;100&#8243; gutter_size=&#8220;3&#8243; column_width_percent=&#8220;100&#8243; shift_y=&#8220;0&#8243; z_index=&#8220;0&#8243; row_height_use_pixel=&#8220;&#8220; css=&#8220;.vc_custom_1618473762854{margin-bottom: -40px !important;}&#8220;][vc_column column_width_use_pixel=&#8220;yes&#8220; gutter_size=&#8220;3&#8243; overlay_alpha=&#8220;50&#8243; shift_x=&#8220;0&#8243; shift_y=&#8220;0&#8243; [&hellip;]","og_url":"https:\/\/parcodellecascate.it\/de\/der-park\/natuerliches-erbe\/","og_site_name":"Parco delle Cascate","article_modified_time":"2022-09-06T09:24:14+00:00","twitter_card":"summary_large_image","twitter_misc":{"Gesch\u00e4tzte Lesezeit":"3\u00a0Minuten"},"schema":{"@context":"https:\/\/schema.org","@graph":[{"@type":"WebPage","@id":"https:\/\/parcodellecascate.it\/de\/der-park\/natuerliches-erbe\/","url":"https:\/\/parcodellecascate.it\/de\/der-park\/natuerliches-erbe\/","name":"Nat\u00fcrliches Erbe - Parco delle Cascate","isPartOf":{"@id":"https:\/\/parcodellecascate.it\/#website"},"datePublished":"2020-02-21T11:22:11+00:00","dateModified":"2022-09-06T09:24:14+00:00","breadcrumb":{"@id":"https:\/\/parcodellecascate.it\/de\/der-park\/natuerliches-erbe\/#breadcrumb"},"inLanguage":"de","potentialAction":[{"@type":"ReadAction","target":["https:\/\/parcodellecascate.it\/de\/der-park\/natuerliches-erbe\/"]}]},{"@type":"BreadcrumbList","@id":"https:\/\/parcodellecascate.it\/de\/der-park\/natuerliches-erbe\/#breadcrumb","itemListElement":[{"@type":"ListItem","position":1,"name":"Home","item":"https:\/\/parcodellecascate.it\/de\/"},{"@type":"ListItem","position":2,"name":"Der Park","item":"https:\/\/parcodellecascate.it\/de\/der-park\/"},{"@type":"ListItem","position":3,"name":"Nat\u00fcrliches Erbe"}]},{"@type":"WebSite","@id":"https:\/\/parcodellecascate.it\/#website","url":"https:\/\/parcodellecascate.it\/","name":"Parco delle Cascate","description":"Vivere Molina","potentialAction":[{"@type":"SearchAction","target":{"@type":"EntryPoint","urlTemplate":"https:\/\/parcodellecascate.it\/?s={search_term_string}"},"query-input":"required name=search_term_string"}],"inLanguage":"de"}]}},"_links":{"self":[{"href":"https:\/\/parcodellecascate.it\/de\/wp-json\/wp\/v2\/pages\/87349","targetHints":{"allow":["GET"]}}],"collection":[{"href":"https:\/\/parcodellecascate.it\/de\/wp-json\/wp\/v2\/pages"}],"about":[{"href":"https:\/\/parcodellecascate.it\/de\/wp-json\/wp\/v2\/types\/page"}],"author":[{"embeddable":true,"href":"https:\/\/parcodellecascate.it\/de\/wp-json\/wp\/v2\/users\/1"}],"replies":[{"embeddable":true,"href":"https:\/\/parcodellecascate.it\/de\/wp-json\/wp\/v2\/comments?post=87349"}],"version-history":[{"count":6,"href":"https:\/\/parcodellecascate.it\/de\/wp-json\/wp\/v2\/pages\/87349\/revisions"}],"predecessor-version":[{"id":88288,"href":"https:\/\/parcodellecascate.it\/de\/wp-json\/wp\/v2\/pages\/87349\/revisions\/88288"}],"up":[{"embeddable":true,"href":"https:\/\/parcodellecascate.it\/de\/wp-json\/wp\/v2\/pages\/87419"}],"wp:attachment":[{"href":"https:\/\/parcodellecascate.it\/de\/wp-json\/wp\/v2\/media?parent=87349"}],"curies":[{"name":"wp","href":"https:\/\/api.w.org\/{rel}","templated":true}]}}