{"id":87356,"date":"2020-05-20T10:38:44","date_gmt":"2020-05-20T10:38:44","guid":{"rendered":"https:\/\/parcodellecascate.it\/patrimonio-preistorico\/"},"modified":"2022-08-30T11:32:48","modified_gmt":"2022-08-30T11:32:48","slug":"praehistorisches-erbe","status":"publish","type":"page","link":"https:\/\/parcodellecascate.it\/de\/der-park\/praehistorisches-erbe\/","title":{"rendered":"Pr\u00e4historisches Erbe"},"content":{"rendered":"<div class=\"wpb-content-wrapper\"><p>[vc_row row_height_percent=&#8220;0&#8243; override_padding=&#8220;yes&#8220; h_padding=&#8220;2&#8243; top_padding=&#8220;5&#8243; bottom_padding=&#8220;3&#8243; overlay_alpha=&#8220;100&#8243; gutter_size=&#8220;3&#8243; column_width_percent=&#8220;100&#8243; shift_y=&#8220;0&#8243; z_index=&#8220;0&#8243; row_height_use_pixel=&#8220;&#8220;][vc_column column_width_use_pixel=&#8220;yes&#8220; gutter_size=&#8220;3&#8243; overlay_alpha=&#8220;50&#8243; shift_x=&#8220;0&#8243; shift_y=&#8220;0&#8243; medium_width=&#8220;0&#8243; zoom_width=&#8220;0&#8243; zoom_height=&#8220;0&#8243; column_width_pixel=&#8220;800&#8243;][vc_column_text]<strong>Pr\u00e4historisches Erbe: Mensch und Umwelt<\/strong><\/p>\n<p>Das Gebiet von Molina hat Menschen seit der Antike angezogen: H\u00f6hlen, Oberfl\u00e4chengew\u00e4sser, die Vielfalt<br \/>\nan Pflanzen und Tieren, sowie der Reichtum an hochwertigem Feuerstein haben die Lessinischen Berge seit pr\u00e4historischen Zeiten zu einem von Menschen oft und gern aufgesuchten Ort gemacht.<\/p>\n<p>Der Wasserfallpark ist reich an nat\u00fcrlichen H\u00f6hlen, in denen zum Teil bedeutende Spuren von Gruppen<br \/>\nnomadischer J\u00e4ger und Sammler aus der Zeit vor mindestens 100.000 Jahren gefunden wurden: zuerst<br \/>\nunsere &#8222;Vetter&#8220;, die Neandertaler, und sp\u00e4ter die Sapiens (unsere Spezies), vor etwa 40.000 Jahren. Die \u201cGrotta di Fumane\u201d (H\u00f6hle von Fumane), wenige Kilometer von Molina entfernt, ist eine der wichtigsten europ\u00e4ischen Ausgrabungsst\u00e4tten, in denen die Spuren untersucht werden, die von den beiden Menschenformen hinterlassen wurden.<\/p>\n<p><span style=\"font-weight: 400;\">Das Bewusstsein um die Leidenschaft unserer pr\u00e4historischen Vorfahren f\u00fcr dieses Gebiet ist auch der<br \/>\nGrund f\u00fcr das au\u00dfergew\u00f6hnliche Erlebnis der &#8222;<a href=\"https:\/\/parcodellecascate.it\/de\/veranstaltungen\/praehistorische-naechte\/\">Pr\u00e4historischen N\u00e4chte<\/a>&#8220; die sich an junge moderne Sapiens zwischen 6 und 10 Jahren richten.<\/span>[\/vc_column_text][\/vc_column][\/vc_row][vc_row row_height_percent=&#8220;0&#8243; override_padding=&#8220;yes&#8220; h_padding=&#8220;2&#8243; top_padding=&#8220;0&#8243; bottom_padding=&#8220;0&#8243; overlay_alpha=&#8220;100&#8243; gutter_size=&#8220;3&#8243; column_width_percent=&#8220;100&#8243; shift_y=&#8220;0&#8243; z_index=&#8220;0&#8243; row_height_use_pixel=&#8220;&#8220;][vc_column column_width_use_pixel=&#8220;yes&#8220; gutter_size=&#8220;3&#8243; overlay_alpha=&#8220;50&#8243; shift_x=&#8220;0&#8243; shift_y=&#8220;0&#8243; medium_width=&#8220;0&#8243; zoom_width=&#8220;0&#8243; zoom_height=&#8220;0&#8243; width=&#8220;1\/1&#8243;][vc_gallery el_id=&#8220;gallery-300388&#8243; type=&#8220;carousel&#8220; medias=&#8220;84313,84314,84315,84316,84317,84318,84319&#8243; carousel_lg=&#8220;3&#8243; carousel_md=&#8220;1&#8243; carousel_sm=&#8220;1&#8243; thumb_size=&#8220;four-three&#8220; gutter_size=&#8220;3&#8243; media_items=&#8220;media|nolink|original,icon&#8220; carousel_type=&#8220;fade&#8220; carousel_interval=&#8220;3000&#8243; carousel_navspeed=&#8220;400&#8243; carousel_loop=&#8220;yes&#8220; carousel_overflow=&#8220;yes&#8220; carousel_dots=&#8220;yes&#8220; carousel_dots_mobile=&#8220;yes&#8220; stage_padding=&#8220;0&#8243; single_overlay_opacity=&#8220;50&#8243; single_padding=&#8220;2&#8243;][\/vc_column][\/vc_row][vc_row row_height_percent=&#8220;0&#8243; override_padding=&#8220;yes&#8220; h_padding=&#8220;2&#8243; top_padding=&#8220;3&#8243; bottom_padding=&#8220;5&#8243; overlay_alpha=&#8220;100&#8243; gutter_size=&#8220;3&#8243; column_width_percent=&#8220;100&#8243; shift_y=&#8220;0&#8243; z_index=&#8220;0&#8243; row_height_use_pixel=&#8220;&#8220;][vc_column column_width_use_pixel=&#8220;yes&#8220; gutter_size=&#8220;3&#8243; overlay_alpha=&#8220;50&#8243; shift_x=&#8220;0&#8243; shift_y=&#8220;0&#8243; medium_width=&#8220;0&#8243; zoom_width=&#8220;0&#8243; zoom_height=&#8220;0&#8243; column_width_pixel=&#8220;800&#8243;][vc_column_text]In den darauffolgenden Jahrtausenden, w\u00e4hrend des Neolithikums und der Metallzeit, wurden Felsvorspr\u00fcnge als Behausungen, f\u00fcr Bestattungen oder vielleicht, wie im Fall des majest\u00e4tischen und landschaftlich reizvollen &#8222;Coaloni&#8220;, als Aussichtspunkt auf das darunter liegende Tal und vor\u00fcberziehende Tiere genutzt.<\/p>\n<p><span style=\"font-weight: 400;\">Einige der Werkzeuge, die bei den Ausgrabungen in der H\u00f6hle von Fumane und an anderen Fundorten in der Gegend ans Licht gelangten, werden im Pr\u00e4historischen Pal\u00e4ontologischen Museum von Sant&#8217;Anna d&#8217;Alfaedo, im St\u00e4dtischen Museum f\u00fcr Naturgeschichte von Verona, im Arch\u00e4ologischen Nationalmuseum von Verona, im MUSE in Trento und in anderen italienischen und europ\u00e4ischen Museen au\u0129ewahrt.\u00a0<\/span>[\/vc_column_text][\/vc_column][\/vc_row]<\/p>\n<\/div>","protected":false},"excerpt":{"rendered":"<p>[vc_row row_height_percent=&#8220;0&#8243; override_padding=&#8220;yes&#8220; h_padding=&#8220;2&#8243; top_padding=&#8220;5&#8243; bottom_padding=&#8220;3&#8243; overlay_alpha=&#8220;100&#8243; gutter_size=&#8220;3&#8243; column_width_percent=&#8220;100&#8243; shift_y=&#8220;0&#8243; z_index=&#8220;0&#8243; row_height_use_pixel=&#8220;&#8220;][vc_column column_width_use_pixel=&#8220;yes&#8220; gutter_size=&#8220;3&#8243; overlay_alpha=&#8220;50&#8243; shift_x=&#8220;0&#8243; shift_y=&#8220;0&#8243; medium_width=&#8220;0&#8243; zoom_width=&#8220;0&#8243; zoom_height=&#8220;0&#8243; [&hellip;]<\/p>\n","protected":false},"author":1,"featured_media":0,"parent":87419,"menu_order":0,"comment_status":"closed","ping_status":"closed","template":"","meta":{"footnotes":""},"class_list":["post-87356","page","type-page","status-publish","hentry"],"yoast_head":"<!-- This site is optimized with the Yoast SEO plugin v22.5 - https:\/\/yoast.com\/wordpress\/plugins\/seo\/ -->\n<title>Pr\u00e4historisches Erbe - Parco delle Cascate<\/title>\n<meta name=\"robots\" content=\"index, follow, max-snippet:-1, max-image-preview:large, max-video-preview:-1\" \/>\n<link rel=\"canonical\" href=\"https:\/\/parcodellecascate.it\/de\/der-park\/praehistorisches-erbe\/\" \/>\n<meta property=\"og:locale\" content=\"de_DE\" \/>\n<meta property=\"og:type\" content=\"article\" \/>\n<meta property=\"og:title\" content=\"Pr\u00e4historisches Erbe - Parco delle Cascate\" \/>\n<meta property=\"og:description\" content=\"[vc_row row_height_percent=&#8220;0&#8243; override_padding=&#8220;yes&#8220; h_padding=&#8220;2&#8243; top_padding=&#8220;5&#8243; bottom_padding=&#8220;3&#8243; overlay_alpha=&#8220;100&#8243; gutter_size=&#8220;3&#8243; column_width_percent=&#8220;100&#8243; shift_y=&#8220;0&#8243; z_index=&#8220;0&#8243; row_height_use_pixel=&#8220;&#8220;][vc_column column_width_use_pixel=&#8220;yes&#8220; gutter_size=&#8220;3&#8243; overlay_alpha=&#8220;50&#8243; shift_x=&#8220;0&#8243; shift_y=&#8220;0&#8243; medium_width=&#8220;0&#8243; zoom_width=&#8220;0&#8243; zoom_height=&#8220;0&#8243; [&hellip;]\" \/>\n<meta property=\"og:url\" content=\"https:\/\/parcodellecascate.it\/de\/der-park\/praehistorisches-erbe\/\" \/>\n<meta property=\"og:site_name\" content=\"Parco delle Cascate\" \/>\n<meta property=\"article:modified_time\" content=\"2022-08-30T11:32:48+00:00\" \/>\n<meta name=\"twitter:card\" content=\"summary_large_image\" \/>\n<meta name=\"twitter:label1\" content=\"Gesch\u00e4tzte Lesezeit\" \/>\n\t<meta name=\"twitter:data1\" content=\"2\u00a0Minuten\" \/>\n<script type=\"application\/ld+json\" class=\"yoast-schema-graph\">{\"@context\":\"https:\/\/schema.org\",\"@graph\":[{\"@type\":\"WebPage\",\"@id\":\"https:\/\/parcodellecascate.it\/de\/der-park\/praehistorisches-erbe\/\",\"url\":\"https:\/\/parcodellecascate.it\/de\/der-park\/praehistorisches-erbe\/\",\"name\":\"Pr\u00e4historisches Erbe - Parco delle Cascate\",\"isPartOf\":{\"@id\":\"https:\/\/parcodellecascate.it\/#website\"},\"datePublished\":\"2020-05-20T10:38:44+00:00\",\"dateModified\":\"2022-08-30T11:32:48+00:00\",\"breadcrumb\":{\"@id\":\"https:\/\/parcodellecascate.it\/de\/der-park\/praehistorisches-erbe\/#breadcrumb\"},\"inLanguage\":\"de\",\"potentialAction\":[{\"@type\":\"ReadAction\",\"target\":[\"https:\/\/parcodellecascate.it\/de\/der-park\/praehistorisches-erbe\/\"]}]},{\"@type\":\"BreadcrumbList\",\"@id\":\"https:\/\/parcodellecascate.it\/de\/der-park\/praehistorisches-erbe\/#breadcrumb\",\"itemListElement\":[{\"@type\":\"ListItem\",\"position\":1,\"name\":\"Home\",\"item\":\"https:\/\/parcodellecascate.it\/de\/\"},{\"@type\":\"ListItem\",\"position\":2,\"name\":\"Der Park\",\"item\":\"https:\/\/parcodellecascate.it\/de\/der-park\/\"},{\"@type\":\"ListItem\",\"position\":3,\"name\":\"Pr\u00e4historisches Erbe\"}]},{\"@type\":\"WebSite\",\"@id\":\"https:\/\/parcodellecascate.it\/#website\",\"url\":\"https:\/\/parcodellecascate.it\/\",\"name\":\"Parco delle Cascate\",\"description\":\"Vivere Molina\",\"potentialAction\":[{\"@type\":\"SearchAction\",\"target\":{\"@type\":\"EntryPoint\",\"urlTemplate\":\"https:\/\/parcodellecascate.it\/?s={search_term_string}\"},\"query-input\":\"required name=search_term_string\"}],\"inLanguage\":\"de\"}]}<\/script>\n<!-- \/ Yoast SEO plugin. -->","yoast_head_json":{"title":"Pr\u00e4historisches Erbe - Parco delle Cascate","robots":{"index":"index","follow":"follow","max-snippet":"max-snippet:-1","max-image-preview":"max-image-preview:large","max-video-preview":"max-video-preview:-1"},"canonical":"https:\/\/parcodellecascate.it\/de\/der-park\/praehistorisches-erbe\/","og_locale":"de_DE","og_type":"article","og_title":"Pr\u00e4historisches Erbe - Parco delle Cascate","og_description":"[vc_row row_height_percent=&#8220;0&#8243; override_padding=&#8220;yes&#8220; h_padding=&#8220;2&#8243; top_padding=&#8220;5&#8243; bottom_padding=&#8220;3&#8243; overlay_alpha=&#8220;100&#8243; gutter_size=&#8220;3&#8243; column_width_percent=&#8220;100&#8243; shift_y=&#8220;0&#8243; z_index=&#8220;0&#8243; row_height_use_pixel=&#8220;&#8220;][vc_column column_width_use_pixel=&#8220;yes&#8220; gutter_size=&#8220;3&#8243; overlay_alpha=&#8220;50&#8243; shift_x=&#8220;0&#8243; shift_y=&#8220;0&#8243; medium_width=&#8220;0&#8243; zoom_width=&#8220;0&#8243; zoom_height=&#8220;0&#8243; [&hellip;]","og_url":"https:\/\/parcodellecascate.it\/de\/der-park\/praehistorisches-erbe\/","og_site_name":"Parco delle Cascate","article_modified_time":"2022-08-30T11:32:48+00:00","twitter_card":"summary_large_image","twitter_misc":{"Gesch\u00e4tzte Lesezeit":"2\u00a0Minuten"},"schema":{"@context":"https:\/\/schema.org","@graph":[{"@type":"WebPage","@id":"https:\/\/parcodellecascate.it\/de\/der-park\/praehistorisches-erbe\/","url":"https:\/\/parcodellecascate.it\/de\/der-park\/praehistorisches-erbe\/","name":"Pr\u00e4historisches Erbe - Parco delle Cascate","isPartOf":{"@id":"https:\/\/parcodellecascate.it\/#website"},"datePublished":"2020-05-20T10:38:44+00:00","dateModified":"2022-08-30T11:32:48+00:00","breadcrumb":{"@id":"https:\/\/parcodellecascate.it\/de\/der-park\/praehistorisches-erbe\/#breadcrumb"},"inLanguage":"de","potentialAction":[{"@type":"ReadAction","target":["https:\/\/parcodellecascate.it\/de\/der-park\/praehistorisches-erbe\/"]}]},{"@type":"BreadcrumbList","@id":"https:\/\/parcodellecascate.it\/de\/der-park\/praehistorisches-erbe\/#breadcrumb","itemListElement":[{"@type":"ListItem","position":1,"name":"Home","item":"https:\/\/parcodellecascate.it\/de\/"},{"@type":"ListItem","position":2,"name":"Der Park","item":"https:\/\/parcodellecascate.it\/de\/der-park\/"},{"@type":"ListItem","position":3,"name":"Pr\u00e4historisches Erbe"}]},{"@type":"WebSite","@id":"https:\/\/parcodellecascate.it\/#website","url":"https:\/\/parcodellecascate.it\/","name":"Parco delle Cascate","description":"Vivere Molina","potentialAction":[{"@type":"SearchAction","target":{"@type":"EntryPoint","urlTemplate":"https:\/\/parcodellecascate.it\/?s={search_term_string}"},"query-input":"required name=search_term_string"}],"inLanguage":"de"}]}},"_links":{"self":[{"href":"https:\/\/parcodellecascate.it\/de\/wp-json\/wp\/v2\/pages\/87356","targetHints":{"allow":["GET"]}}],"collection":[{"href":"https:\/\/parcodellecascate.it\/de\/wp-json\/wp\/v2\/pages"}],"about":[{"href":"https:\/\/parcodellecascate.it\/de\/wp-json\/wp\/v2\/types\/page"}],"author":[{"embeddable":true,"href":"https:\/\/parcodellecascate.it\/de\/wp-json\/wp\/v2\/users\/1"}],"replies":[{"embeddable":true,"href":"https:\/\/parcodellecascate.it\/de\/wp-json\/wp\/v2\/comments?post=87356"}],"version-history":[{"count":8,"href":"https:\/\/parcodellecascate.it\/de\/wp-json\/wp\/v2\/pages\/87356\/revisions"}],"predecessor-version":[{"id":88220,"href":"https:\/\/parcodellecascate.it\/de\/wp-json\/wp\/v2\/pages\/87356\/revisions\/88220"}],"up":[{"embeddable":true,"href":"https:\/\/parcodellecascate.it\/de\/wp-json\/wp\/v2\/pages\/87419"}],"wp:attachment":[{"href":"https:\/\/parcodellecascate.it\/de\/wp-json\/wp\/v2\/media?parent=87356"}],"curies":[{"name":"wp","href":"https:\/\/api.w.org\/{rel}","templated":true}]}}