{"id":87363,"date":"2020-05-20T10:45:52","date_gmt":"2020-05-20T10:45:52","guid":{"rendered":"https:\/\/parcodellecascate.it\/patrimonio-storico\/"},"modified":"2022-09-19T11:00:24","modified_gmt":"2022-09-19T11:00:24","slug":"historisches-erbe","status":"publish","type":"page","link":"https:\/\/parcodellecascate.it\/de\/der-park\/historisches-erbe\/","title":{"rendered":"Historisches Erbe"},"content":{"rendered":"<div class=\"wpb-content-wrapper\"><p>[vc_row row_height_percent=&#8220;0&#8243; override_padding=&#8220;yes&#8220; h_padding=&#8220;2&#8243; top_padding=&#8220;5&#8243; bottom_padding=&#8220;3&#8243; overlay_alpha=&#8220;100&#8243; gutter_size=&#8220;3&#8243; column_width_percent=&#8220;100&#8243; shift_y=&#8220;0&#8243; z_index=&#8220;0&#8243; row_height_use_pixel=&#8220;&#8220;][vc_column column_width_use_pixel=&#8220;yes&#8220; gutter_size=&#8220;3&#8243; overlay_alpha=&#8220;50&#8243; shift_x=&#8220;0&#8243; shift_y=&#8220;0&#8243; medium_width=&#8220;0&#8243; zoom_width=&#8220;0&#8243; zoom_height=&#8220;0&#8243; column_width_pixel=&#8220;800&#8243;][vc_column_text]<strong>Historisches Erbe: Einfallsreichtum und Flei\u00df<\/strong><\/p>\n<p><span style=\"font-weight: 400;\">Ein neues und entscheidendes Kapitel f\u00fcr Molina wurde im <strong>fr\u00fchen Mittelalter<\/strong> geschrieben: J\u00fcngste Studien haben gezeigt, dass ier bereits um 920 n. Chr. eine bl\u00fchende M\u00fchlent\u00e4tigkeit stattfand, die sich auf das weitere Gebiet des Valpolicella und insbesondere auf das wenig oberhalb gelegene Breonio erstreckte. Am 6. September 920 schenkte K\u00f6nig Berengar I. seinem treuen Bertelo die betr\u00e4chtlichen Besitzt\u00fcmer um Breonio und Molina, darunter Wiesen, Felder, Quellen, Wasserl\u00e4ufe und die gesch\u00e4ftigen M\u00fchlen. <\/span><\/p>\n<p>\u00dcberall dort, wo es Wasser gab, entstanden M\u00fchlen, die sich im Laufe der Zeit fast bis zum heutigen Tag vervielfachten. Auf einer Karte von Don Domenico Piccoli aus dem Jahr 1735 sind 18 M\u00fchlen im Gebiet von Molina verzeichnet, die eine Vielzahl von Funktionen erf\u00fcllten, vom Mahlen von Weizen, Hafer und anderen Getreidesorten \u00fcber das Walken von Textilien und die Herstellung von \u00d6l aus Waln\u00fcssen in der \u00d6lm\u00fchle bis hin zur Verarbeitung von Eisen und Holz in der Walkm\u00fchle bzw. der Holzm\u00fchle.[\/vc_column_text][\/vc_column][\/vc_row][vc_row row_height_percent=&#8220;0&#8243; override_padding=&#8220;yes&#8220; h_padding=&#8220;2&#8243; top_padding=&#8220;0&#8243; bottom_padding=&#8220;0&#8243; overlay_alpha=&#8220;100&#8243; gutter_size=&#8220;3&#8243; column_width_percent=&#8220;100&#8243; shift_y=&#8220;0&#8243; z_index=&#8220;0&#8243; row_height_use_pixel=&#8220;&#8220;][vc_column column_width_use_pixel=&#8220;yes&#8220; gutter_size=&#8220;3&#8243; overlay_alpha=&#8220;50&#8243; shift_x=&#8220;0&#8243; shift_y=&#8220;0&#8243; medium_width=&#8220;0&#8243; zoom_width=&#8220;0&#8243; zoom_height=&#8220;0&#8243; width=&#8220;1\/1&#8243;][vc_gallery el_id=&#8220;gallery-300388&#8243; type=&#8220;carousel&#8220; medias=&#8220;84373,84374,84375,84376,84377,84379,84380,84381,84382,84383,84384,84385,84386,84387,84388,84389&#8243; carousel_lg=&#8220;3&#8243; carousel_md=&#8220;1&#8243; carousel_sm=&#8220;1&#8243; thumb_size=&#8220;four-three&#8220; gutter_size=&#8220;3&#8243; carousel_type=&#8220;fade&#8220; carousel_interval=&#8220;3000&#8243; carousel_navspeed=&#8220;400&#8243; carousel_loop=&#8220;yes&#8220; carousel_overflow=&#8220;yes&#8220; carousel_dots=&#8220;yes&#8220; carousel_dots_mobile=&#8220;yes&#8220; stage_padding=&#8220;0&#8243; single_overlay_opacity=&#8220;50&#8243; single_padding=&#8220;2&#8243;][\/vc_column][\/vc_row][vc_row row_height_percent=&#8220;0&#8243; override_padding=&#8220;yes&#8220; h_padding=&#8220;2&#8243; top_padding=&#8220;3&#8243; bottom_padding=&#8220;5&#8243; overlay_alpha=&#8220;100&#8243; gutter_size=&#8220;3&#8243; column_width_percent=&#8220;100&#8243; shift_y=&#8220;0&#8243; z_index=&#8220;0&#8243; row_height_use_pixel=&#8220;&#8220;][vc_column column_width_use_pixel=&#8220;yes&#8220; gutter_size=&#8220;3&#8243; overlay_alpha=&#8220;50&#8243; shift_x=&#8220;0&#8243; shift_y=&#8220;0&#8243; medium_width=&#8220;0&#8243; zoom_width=&#8220;0&#8243; zoom_height=&#8220;0&#8243; column_width_pixel=&#8220;800&#8243;][vc_column_text]Das kostbare Vorkommen der Mu\u0308hlen war natu\u0308rlich auf den Reichtum an Quellen und Oberfl\u00e4chengew\u00e4sser zuru\u0308ckzufu\u0308hren, die fu\u0308r das Gebiet charakteristisch sind: Das Wasser, das aufgefangen und geschickt kanalisiert wurde, floss zu den Mu\u0308hlen, wo es die Maschinen mit Energie versorgte, bevor es zur n\u00e4chsten Mu\u0308hle weitergeleitet wurde.<\/p>\n<p>Auch der Grundriss des Dorfes ist typisch f\u00fcr das Mittelalter, mit geschlossenen H\u00f6fen, Wohnh\u00e4usern, St\u00e4llen, Treppen, Brunnen und sogar D\u00e4chern aus Platten und Quadern aus lokalem Sedimentgestein, &#8222;Pietra di Prun&#8220;, das in den zahlreichen Steinbr\u00fcchen der Gegend reichlich vorhanden ist und stets auf unterschiedlichste Weise verwendet wurde.<\/p>\n<p>Das historische Erbe der M\u00fchlen von Molina ist nun dank der Restaurierung und Inbetriebnahme des<br \/>\n<a href=\"https:\/\/parcodellecascate.it\/de\/das-dorf-molina\/muehlen-und-werkstae\u0283en\/\">&#8222;Mulin de Lorenzo&#8220; und des &#8222;Mulin dei Veraghi&#8220;<\/a>, beide im Dorf Molina, zug\u00e4nglich.[\/vc_column_text][\/vc_column][\/vc_row]<\/p>\n<\/div>","protected":false},"excerpt":{"rendered":"<p>[vc_row row_height_percent=&#8220;0&#8243; override_padding=&#8220;yes&#8220; h_padding=&#8220;2&#8243; top_padding=&#8220;5&#8243; bottom_padding=&#8220;3&#8243; overlay_alpha=&#8220;100&#8243; gutter_size=&#8220;3&#8243; column_width_percent=&#8220;100&#8243; shift_y=&#8220;0&#8243; z_index=&#8220;0&#8243; row_height_use_pixel=&#8220;&#8220;][vc_column column_width_use_pixel=&#8220;yes&#8220; gutter_size=&#8220;3&#8243; overlay_alpha=&#8220;50&#8243; shift_x=&#8220;0&#8243; shift_y=&#8220;0&#8243; medium_width=&#8220;0&#8243; zoom_width=&#8220;0&#8243; zoom_height=&#8220;0&#8243; [&hellip;]<\/p>\n","protected":false},"author":1,"featured_media":0,"parent":87419,"menu_order":0,"comment_status":"closed","ping_status":"closed","template":"","meta":{"footnotes":""},"class_list":["post-87363","page","type-page","status-publish","hentry"],"yoast_head":"<!-- This site is optimized with the Yoast SEO plugin v22.5 - https:\/\/yoast.com\/wordpress\/plugins\/seo\/ -->\n<title>Historisches Erbe - Parco delle Cascate<\/title>\n<meta name=\"robots\" content=\"index, follow, max-snippet:-1, max-image-preview:large, max-video-preview:-1\" \/>\n<link rel=\"canonical\" href=\"https:\/\/parcodellecascate.it\/de\/der-park\/historisches-erbe\/\" \/>\n<meta property=\"og:locale\" content=\"de_DE\" \/>\n<meta property=\"og:type\" content=\"article\" \/>\n<meta property=\"og:title\" content=\"Historisches Erbe - Parco delle Cascate\" \/>\n<meta property=\"og:description\" content=\"[vc_row row_height_percent=&#8220;0&#8243; override_padding=&#8220;yes&#8220; h_padding=&#8220;2&#8243; top_padding=&#8220;5&#8243; bottom_padding=&#8220;3&#8243; overlay_alpha=&#8220;100&#8243; gutter_size=&#8220;3&#8243; column_width_percent=&#8220;100&#8243; shift_y=&#8220;0&#8243; z_index=&#8220;0&#8243; row_height_use_pixel=&#8220;&#8220;][vc_column column_width_use_pixel=&#8220;yes&#8220; gutter_size=&#8220;3&#8243; overlay_alpha=&#8220;50&#8243; shift_x=&#8220;0&#8243; shift_y=&#8220;0&#8243; medium_width=&#8220;0&#8243; zoom_width=&#8220;0&#8243; zoom_height=&#8220;0&#8243; [&hellip;]\" \/>\n<meta property=\"og:url\" content=\"https:\/\/parcodellecascate.it\/de\/der-park\/historisches-erbe\/\" \/>\n<meta property=\"og:site_name\" content=\"Parco delle Cascate\" \/>\n<meta property=\"article:modified_time\" content=\"2022-09-19T11:00:24+00:00\" \/>\n<meta name=\"twitter:card\" content=\"summary_large_image\" \/>\n<meta name=\"twitter:label1\" content=\"Gesch\u00e4tzte Lesezeit\" \/>\n\t<meta name=\"twitter:data1\" content=\"2\u00a0Minuten\" \/>\n<script type=\"application\/ld+json\" class=\"yoast-schema-graph\">{\"@context\":\"https:\/\/schema.org\",\"@graph\":[{\"@type\":\"WebPage\",\"@id\":\"https:\/\/parcodellecascate.it\/de\/der-park\/historisches-erbe\/\",\"url\":\"https:\/\/parcodellecascate.it\/de\/der-park\/historisches-erbe\/\",\"name\":\"Historisches Erbe - Parco delle Cascate\",\"isPartOf\":{\"@id\":\"https:\/\/parcodellecascate.it\/#website\"},\"datePublished\":\"2020-05-20T10:45:52+00:00\",\"dateModified\":\"2022-09-19T11:00:24+00:00\",\"breadcrumb\":{\"@id\":\"https:\/\/parcodellecascate.it\/de\/der-park\/historisches-erbe\/#breadcrumb\"},\"inLanguage\":\"de\",\"potentialAction\":[{\"@type\":\"ReadAction\",\"target\":[\"https:\/\/parcodellecascate.it\/de\/der-park\/historisches-erbe\/\"]}]},{\"@type\":\"BreadcrumbList\",\"@id\":\"https:\/\/parcodellecascate.it\/de\/der-park\/historisches-erbe\/#breadcrumb\",\"itemListElement\":[{\"@type\":\"ListItem\",\"position\":1,\"name\":\"Home\",\"item\":\"https:\/\/parcodellecascate.it\/de\/\"},{\"@type\":\"ListItem\",\"position\":2,\"name\":\"Der Park\",\"item\":\"https:\/\/parcodellecascate.it\/de\/der-park\/\"},{\"@type\":\"ListItem\",\"position\":3,\"name\":\"Historisches Erbe\"}]},{\"@type\":\"WebSite\",\"@id\":\"https:\/\/parcodellecascate.it\/#website\",\"url\":\"https:\/\/parcodellecascate.it\/\",\"name\":\"Parco delle Cascate\",\"description\":\"Vivere Molina\",\"potentialAction\":[{\"@type\":\"SearchAction\",\"target\":{\"@type\":\"EntryPoint\",\"urlTemplate\":\"https:\/\/parcodellecascate.it\/?s={search_term_string}\"},\"query-input\":\"required name=search_term_string\"}],\"inLanguage\":\"de\"}]}<\/script>\n<!-- \/ Yoast SEO plugin. -->","yoast_head_json":{"title":"Historisches Erbe - Parco delle Cascate","robots":{"index":"index","follow":"follow","max-snippet":"max-snippet:-1","max-image-preview":"max-image-preview:large","max-video-preview":"max-video-preview:-1"},"canonical":"https:\/\/parcodellecascate.it\/de\/der-park\/historisches-erbe\/","og_locale":"de_DE","og_type":"article","og_title":"Historisches Erbe - Parco delle Cascate","og_description":"[vc_row row_height_percent=&#8220;0&#8243; override_padding=&#8220;yes&#8220; h_padding=&#8220;2&#8243; top_padding=&#8220;5&#8243; bottom_padding=&#8220;3&#8243; overlay_alpha=&#8220;100&#8243; gutter_size=&#8220;3&#8243; column_width_percent=&#8220;100&#8243; shift_y=&#8220;0&#8243; z_index=&#8220;0&#8243; row_height_use_pixel=&#8220;&#8220;][vc_column column_width_use_pixel=&#8220;yes&#8220; gutter_size=&#8220;3&#8243; overlay_alpha=&#8220;50&#8243; shift_x=&#8220;0&#8243; shift_y=&#8220;0&#8243; medium_width=&#8220;0&#8243; zoom_width=&#8220;0&#8243; zoom_height=&#8220;0&#8243; [&hellip;]","og_url":"https:\/\/parcodellecascate.it\/de\/der-park\/historisches-erbe\/","og_site_name":"Parco delle Cascate","article_modified_time":"2022-09-19T11:00:24+00:00","twitter_card":"summary_large_image","twitter_misc":{"Gesch\u00e4tzte Lesezeit":"2\u00a0Minuten"},"schema":{"@context":"https:\/\/schema.org","@graph":[{"@type":"WebPage","@id":"https:\/\/parcodellecascate.it\/de\/der-park\/historisches-erbe\/","url":"https:\/\/parcodellecascate.it\/de\/der-park\/historisches-erbe\/","name":"Historisches Erbe - Parco delle Cascate","isPartOf":{"@id":"https:\/\/parcodellecascate.it\/#website"},"datePublished":"2020-05-20T10:45:52+00:00","dateModified":"2022-09-19T11:00:24+00:00","breadcrumb":{"@id":"https:\/\/parcodellecascate.it\/de\/der-park\/historisches-erbe\/#breadcrumb"},"inLanguage":"de","potentialAction":[{"@type":"ReadAction","target":["https:\/\/parcodellecascate.it\/de\/der-park\/historisches-erbe\/"]}]},{"@type":"BreadcrumbList","@id":"https:\/\/parcodellecascate.it\/de\/der-park\/historisches-erbe\/#breadcrumb","itemListElement":[{"@type":"ListItem","position":1,"name":"Home","item":"https:\/\/parcodellecascate.it\/de\/"},{"@type":"ListItem","position":2,"name":"Der Park","item":"https:\/\/parcodellecascate.it\/de\/der-park\/"},{"@type":"ListItem","position":3,"name":"Historisches Erbe"}]},{"@type":"WebSite","@id":"https:\/\/parcodellecascate.it\/#website","url":"https:\/\/parcodellecascate.it\/","name":"Parco delle Cascate","description":"Vivere Molina","potentialAction":[{"@type":"SearchAction","target":{"@type":"EntryPoint","urlTemplate":"https:\/\/parcodellecascate.it\/?s={search_term_string}"},"query-input":"required name=search_term_string"}],"inLanguage":"de"}]}},"_links":{"self":[{"href":"https:\/\/parcodellecascate.it\/de\/wp-json\/wp\/v2\/pages\/87363","targetHints":{"allow":["GET"]}}],"collection":[{"href":"https:\/\/parcodellecascate.it\/de\/wp-json\/wp\/v2\/pages"}],"about":[{"href":"https:\/\/parcodellecascate.it\/de\/wp-json\/wp\/v2\/types\/page"}],"author":[{"embeddable":true,"href":"https:\/\/parcodellecascate.it\/de\/wp-json\/wp\/v2\/users\/1"}],"replies":[{"embeddable":true,"href":"https:\/\/parcodellecascate.it\/de\/wp-json\/wp\/v2\/comments?post=87363"}],"version-history":[{"count":7,"href":"https:\/\/parcodellecascate.it\/de\/wp-json\/wp\/v2\/pages\/87363\/revisions"}],"predecessor-version":[{"id":88353,"href":"https:\/\/parcodellecascate.it\/de\/wp-json\/wp\/v2\/pages\/87363\/revisions\/88353"}],"up":[{"embeddable":true,"href":"https:\/\/parcodellecascate.it\/de\/wp-json\/wp\/v2\/pages\/87419"}],"wp:attachment":[{"href":"https:\/\/parcodellecascate.it\/de\/wp-json\/wp\/v2\/media?parent=87363"}],"curies":[{"name":"wp","href":"https:\/\/api.w.org\/{rel}","templated":true}]}}