{"id":87367,"date":"2020-02-21T09:23:50","date_gmt":"2020-02-21T09:23:50","guid":{"rendered":"https:\/\/parcodellecascate.it\/itinerari\/"},"modified":"2025-07-01T14:32:44","modified_gmt":"2025-07-01T14:32:44","slug":"rundgaenge","status":"publish","type":"page","link":"https:\/\/parcodellecascate.it\/de\/der-park\/rundgaenge\/","title":{"rendered":"Rundg\u00e4nge"},"content":{"rendered":"<div class=\"wpb-content-wrapper\"><p>[vc_row row_height_percent=&#8220;0&#8243; override_padding=&#8220;yes&#8220; h_padding=&#8220;2&#8243; top_padding=&#8220;5&#8243; bottom_padding=&#8220;5&#8243; overlay_alpha=&#8220;50&#8243; gutter_size=&#8220;3&#8243; column_width_percent=&#8220;100&#8243; shift_y=&#8220;0&#8243; z_index=&#8220;0&#8243;][vc_column column_width_percent=&#8220;100&#8243; gutter_size=&#8220;4&#8243; overlay_alpha=&#8220;50&#8243; shift_x=&#8220;0&#8243; shift_y=&#8220;0&#8243; shift_y_down=&#8220;0&#8243; z_index=&#8220;0&#8243; medium_width=&#8220;0&#8243; mobile_width=&#8220;0&#8243; width=&#8220;1\/1&#8243;][vc_row_inner row_inner_height_percent=&#8220;0&#8243; overlay_alpha=&#8220;50&#8243; gutter_size=&#8220;4&#8243; shift_y=&#8220;0&#8243; z_index=&#8220;0&#8243;][vc_column_inner column_width_use_pixel=&#8220;yes&#8220; align_horizontal=&#8220;align_center&#8220; gutter_size=&#8220;1&#8243; overlay_alpha=&#8220;50&#8243; shift_x=&#8220;0&#8243; shift_y=&#8220;0&#8243; shift_y_down=&#8220;0&#8243; z_index=&#8220;0&#8243; medium_width=&#8220;0&#8243; mobile_width=&#8220;0&#8243; width=&#8220;1\/1&#8243; column_width_pixel=&#8220;700&#8243;][vc_custom_heading text_color=&#8220;color-224619&#8243; heading_semantic=&#8220;h3&#8243; text_size=&#8220;h1&#8243; subheading=&#8220;Im Wasserfallpark gibt es drei Routen, die f\u00fcr Familien und abenteuerlustige Naturforscher gleicherma\u00dfen geeignet sind.<br \/>\nW\u00e4hlen Sie je nach Ihrem Gesundheitszustand, Ihrer k\u00f6rperlichen Verfassung und Ihrer Kleidung diejenige aus, die am besten zu Ihnen passt.&#8220;]<\/p>\n<div class=\"vc_custom_heading_wrap \">\n<div class=\"heading-text el-text\">\n<div class=\"text-top-reduced\">\n<p>Drei Rundg\u00e4nge stehen zur Auswahl<\/p>\n<\/div>\n<\/div>\n<\/div>\n<p>[\/vc_custom_heading][vc_empty_space empty_h=&#8220;2&#8243;][\/vc_column_inner][\/vc_row_inner][vc_row_inner][vc_column_inner column_width_use_pixel=&#8220;yes&#8220; gutter_size=&#8220;3&#8243; overlay_alpha=&#8220;50&#8243; shift_x=&#8220;0&#8243; shift_y=&#8220;0&#8243; shift_y_down=&#8220;0&#8243; z_index=&#8220;0&#8243; medium_width=&#8220;0&#8243; mobile_width=&#8220;0&#8243; width=&#8220;1\/1&#8243; column_width_pixel=&#8220;700&#8243;][vc_column_text uncode_shortcode_id=&#8220;742633&#8243;]<strong>Wichtige Informationen:<\/strong><\/p>\n<p><span style=\"font-weight: 400;\"><img decoding=\"async\" class=\"alignnone wp-image-87124\" src=\"https:\/\/parcodellecascate.it\/wp-content\/uploads\/2021\/03\/icona1.png\" alt=\"\" width=\"20\" height=\"20\" \/> Die Strecke, die vom Parkplatz bis zum Eingang des Parks hinunterf\u00fchrt, betr\u00e4gt 700 m mit einem H\u00f6henunterschied von 100 m.<br \/>\n<\/span><\/p>\n<p><img decoding=\"async\" class=\"alignnone wp-image-87113\" src=\"https:\/\/parcodellecascate.it\/wp-content\/uploads\/2021\/03\/7.png\" alt=\"\" width=\"20\" height=\"20\" \/>\u00a0Der Park kann <strong>nur zu Fu\u00df<\/strong> besucht werden, die Wege sind NICHT mit Buggys oder Kinderwagen zug\u00e4nglich.<\/p>\n<p><img decoding=\"async\" class=\"alignnone wp-image-87126\" src=\"https:\/\/parcodellecascate.it\/wp-content\/uploads\/2021\/03\/icona3.png\" alt=\"\" width=\"20\" height=\"20\" \/>\u00a0 Die Wege sind kreisf\u00f6rmig angelegt und in die vorgegebene Richtung zu begehen.<\/p>\n<p><img decoding=\"async\" class=\"alignnone wp-image-87125\" src=\"https:\/\/parcodellecascate.it\/wp-content\/uploads\/2021\/03\/icona2.png\" alt=\"\" width=\"20\" height=\"20\" \/> Der Zugang zum Percorso Nero und die Seilbahn an der Cascata del Tombolo schlie\u00dfen um 17.30 Uhr bzw. 17.00 Uhr. Um den Percorso Nero zu besuchen und die Seilrutsche auszuprobieren, muss man den Park mindestens eineinhalb Stunden vor Schlie\u00dfung der Kasse betreten.<\/p>\n<p><img decoding=\"async\" class=\"alignnone wp-image-87127\" src=\"https:\/\/parcodellecascate.it\/wp-content\/uploads\/2021\/03\/icona4.png\" alt=\"\" width=\"20\" height=\"20\" \/> Bei schlechtem Wetter kann der Park vor\u00fcbergehend geschlossen werden: Informieren Sie sich \u00fcber die vorgesehene Wetterlage, um Ihren Ausflug zu planen, und werfen Sie einen Blick auf unsere Homepage, wo wir Sie \u00fcber eventuelle Schlie\u00dfungen informieren!<\/p>\n<p>\ud83d\udc9a Um Ihren Tag besser zu organisieren, finden <a href=\"https:\/\/parcodellecascate.it\/de\/planen-sie-ihren-besuch\/regeln-und-ratschlaege\/\">Sie HIER unsere Tipps f\u00fcr einen gelungenen Besuch!<\/a>[\/vc_column_text][vc_empty_space empty_h=&#8220;2&#8243;][\/vc_column_inner][\/vc_row_inner][vc_row_inner row_inner_height_percent=&#8220;0&#8243; overlay_alpha=&#8220;50&#8243; gutter_size=&#8220;4&#8243; shift_y=&#8220;0&#8243; z_index=&#8220;0&#8243;][vc_column_inner column_width_percent=&#8220;100&#8243; gutter_size=&#8220;3&#8243; overlay_alpha=&#8220;50&#8243; shift_x=&#8220;0&#8243; shift_y=&#8220;0&#8243; shift_y_down=&#8220;0&#8243; z_index=&#8220;0&#8243; medium_width=&#8220;3&#8243; mobile_width=&#8220;0&#8243; width=&#8220;1\/3&#8243;][vc_icon position=&#8220;left&#8220; icon=&#8220;fa fa-layers2&#8243; icon_image=&#8220;85596&#8243; icon_color=&#8220;accent&#8220; text_size=&#8220;h4&#8243; title=&#8220;Gr\u00fcner Rundgang&#8220;]Eine 1,2 km lange Route,<br \/>\nder f\u00fcr alle Altersgruppen geeignet ist.<\/p>\n<p>&nbsp;<\/p>\n<p><strong>Schwierigkeitsgrad<\/strong>\u00a0leicht<br \/>\n<strong>Dauer<\/strong> 30 Minuten<br \/>\n<strong>H\u00f6henunterschied zum Eingang<\/strong> 50 Meter[\/vc_icon][\/vc_column_inner][vc_column_inner column_width_percent=&#8220;100&#8243; gutter_size=&#8220;3&#8243; overlay_alpha=&#8220;50&#8243; shift_x=&#8220;0&#8243; shift_y=&#8220;0&#8243; shift_y_down=&#8220;0&#8243; z_index=&#8220;0&#8243; medium_width=&#8220;3&#8243; mobile_width=&#8220;0&#8243; width=&#8220;1\/3&#8243;][vc_icon position=&#8220;left&#8220; icon=&#8220;fa fa-mobile2&#8243; icon_image=&#8220;85598&#8243; icon_color=&#8220;color-521141&#8243; text_size=&#8220;h4&#8243; title=&#8220;Roter Rundgang&#8220;]Eine 2,5 km lange Route<br \/>\nzu den sch\u00f6nsten Wasserf\u00e4llen.<\/p>\n<p>&nbsp;<\/p>\n<p><strong>Schwierigkeitsgrad<\/strong> Mittel<br \/>\n<strong>Dauer<\/strong> 1 Stunde<br \/>\n<strong>H\u00f6henunterschied vom Eingang<\/strong> 100 Meter[\/vc_icon][\/vc_column_inner][vc_column_inner column_width_percent=&#8220;100&#8243; gutter_size=&#8220;3&#8243; overlay_alpha=&#8220;50&#8243; shift_x=&#8220;0&#8243; shift_y=&#8220;0&#8243; shift_y_down=&#8220;0&#8243; z_index=&#8220;0&#8243; medium_width=&#8220;3&#8243; mobile_width=&#8220;0&#8243; width=&#8220;1\/3&#8243;][vc_icon position=&#8220;left&#8220; icon=&#8220;fa fa-profile-male&#8220; icon_image=&#8220;85599&#8243; icon_color=&#8220;color-jevc&#8220; text_size=&#8220;h4&#8243; title=&#8220;Schwarzer Rundgang&#8220;]Eine 3,6 km lange Route,<br \/>\num den gesamten Park zu entdecken.<\/p>\n<p>&nbsp;<\/p>\n<p><strong>Schwierigkeitsgrad<\/strong> Herausfordernd<br \/>\n<strong>Dauer<\/strong> 2 Stunden<br \/>\n<strong>H\u00f6henunterschied vom Eingang<\/strong> 250 Meter[\/vc_icon][\/vc_column_inner][\/vc_row_inner][\/vc_column][\/vc_row][vc_row row_height_percent=&#8220;1&#8243; override_padding=&#8220;yes&#8220; h_padding=&#8220;2&#8243; top_padding=&#8220;0&#8243; bottom_padding=&#8220;0&#8243; back_color=&#8220;color-224619&#8243; overlay_alpha=&#8220;50&#8243; gutter_size=&#8220;3&#8243; column_width_percent=&#8220;100&#8243; shift_y=&#8220;0&#8243; z_index=&#8220;1&#8243; top_divider=&#8220;gradient&#8220; bottom_divider=&#8220;gradient&#8220; row_height_pixel=&#8220;400&#8243;][vc_column column_width_percent=&#8220;70&#8243; position_vertical=&#8220;middle&#8220; align_horizontal=&#8220;align_center&#8220; gutter_size=&#8220;2&#8243; style=&#8220;dark&#8220; overlay_alpha=&#8220;50&#8243; border_color=&#8220;color-xsdn&#8220; shift_x=&#8220;0&#8243; shift_y=&#8220;0&#8243; shift_y_down=&#8220;0&#8243; z_index=&#8220;0&#8243; medium_width=&#8220;0&#8243; mobile_width=&#8220;0&#8243; width=&#8220;1\/1&#8243;][vc_custom_heading text_color=&#8220;color-xsdn&#8220; text_transform=&#8220;uppercase&#8220; css_animation=&#8220;bottom-t-top&#8220; animation_speed=&#8220;600&#8243; animation_delay=&#8220;200&#8243;]DOWNLOAD DER PARKKARTE[\/vc_custom_heading][vc_custom_heading text_color=&#8220;color-xsdn&#8220; text_size=&#8220;h4&#8243; css_animation=&#8220;bottom-t-top&#8220; animation_speed=&#8220;600&#8243; animation_delay=&#8220;300&#8243;]Laden Sie den Routenplan des Parks herunter![\/vc_custom_heading][vc_button button_color=&#8220;color-xsdn&#8220; size=&#8220;btn-lg&#8220; radius=&#8220;btn-circle&#8220; border_animation=&#8220;btn-ripple-in&#8220; shadow=&#8220;yes&#8220; custom_typo=&#8220;yes&#8220; font_family=&#8220;font-555555&#8243; font_weight=&#8220;600&#8243; text_transform=&#8220;uppercase&#8220; border_width=&#8220;0&#8243; css_animation=&#8220;bottom-t-top&#8220; animation_speed=&#8220;600&#8243; animation_delay=&#8220;300&#8243; link=&#8220;url:https%3A%2F%2Fparcodellecascate.it%2Fwp-content%2Fuploads%2F2024%2F02%2Fmappa-WEB-e1707814452134.jpg%20|title:Mappa|target:_blank&#8220; el_class=&#8220;button-white&#8220; button_color_type=&#8220;uncode-palette&#8220; uncode_shortcode_id=&#8220;805698&#8243;]Karte Herunterladen[\/vc_button][\/vc_column][\/vc_row]<\/p>\n<\/div>","protected":false},"excerpt":{"rendered":"<p>[vc_row row_height_percent=&#8220;0&#8243; override_padding=&#8220;yes&#8220; h_padding=&#8220;2&#8243; top_padding=&#8220;5&#8243; bottom_padding=&#8220;5&#8243; overlay_alpha=&#8220;50&#8243; gutter_size=&#8220;3&#8243; column_width_percent=&#8220;100&#8243; shift_y=&#8220;0&#8243; z_index=&#8220;0&#8243;][vc_column column_width_percent=&#8220;100&#8243; gutter_size=&#8220;4&#8243; overlay_alpha=&#8220;50&#8243; shift_x=&#8220;0&#8243; shift_y=&#8220;0&#8243; shift_y_down=&#8220;0&#8243; z_index=&#8220;0&#8243; medium_width=&#8220;0&#8243; mobile_width=&#8220;0&#8243; [&hellip;]<\/p>\n","protected":false},"author":1,"featured_media":0,"parent":87419,"menu_order":0,"comment_status":"closed","ping_status":"closed","template":"","meta":{"footnotes":""},"class_list":["post-87367","page","type-page","status-publish","hentry"],"yoast_head":"<!-- This site is optimized with the Yoast SEO plugin v22.5 - https:\/\/yoast.com\/wordpress\/plugins\/seo\/ -->\n<title>Rundg\u00e4nge - Parco delle Cascate<\/title>\n<meta name=\"robots\" content=\"index, follow, max-snippet:-1, max-image-preview:large, max-video-preview:-1\" \/>\n<link rel=\"canonical\" href=\"https:\/\/parcodellecascate.it\/de\/der-park\/rundgaenge\/\" \/>\n<meta property=\"og:locale\" content=\"de_DE\" \/>\n<meta property=\"og:type\" content=\"article\" \/>\n<meta property=\"og:title\" content=\"Rundg\u00e4nge - Parco delle Cascate\" \/>\n<meta property=\"og:description\" content=\"[vc_row row_height_percent=&#8220;0&#8243; override_padding=&#8220;yes&#8220; h_padding=&#8220;2&#8243; top_padding=&#8220;5&#8243; bottom_padding=&#8220;5&#8243; overlay_alpha=&#8220;50&#8243; gutter_size=&#8220;3&#8243; column_width_percent=&#8220;100&#8243; shift_y=&#8220;0&#8243; z_index=&#8220;0&#8243;][vc_column column_width_percent=&#8220;100&#8243; gutter_size=&#8220;4&#8243; overlay_alpha=&#8220;50&#8243; shift_x=&#8220;0&#8243; shift_y=&#8220;0&#8243; shift_y_down=&#8220;0&#8243; z_index=&#8220;0&#8243; medium_width=&#8220;0&#8243; mobile_width=&#8220;0&#8243; [&hellip;]\" \/>\n<meta property=\"og:url\" content=\"https:\/\/parcodellecascate.it\/de\/der-park\/rundgaenge\/\" \/>\n<meta property=\"og:site_name\" content=\"Parco delle Cascate\" \/>\n<meta property=\"article:modified_time\" content=\"2025-07-01T14:32:44+00:00\" \/>\n<meta property=\"og:image\" content=\"https:\/\/parcodellecascate.it\/wp-content\/uploads\/2021\/03\/icona1.png\" \/>\n<meta name=\"twitter:card\" content=\"summary_large_image\" \/>\n<meta name=\"twitter:label1\" content=\"Gesch\u00e4tzte Lesezeit\" \/>\n\t<meta name=\"twitter:data1\" content=\"3\u00a0Minuten\" \/>\n<script type=\"application\/ld+json\" class=\"yoast-schema-graph\">{\"@context\":\"https:\/\/schema.org\",\"@graph\":[{\"@type\":\"WebPage\",\"@id\":\"https:\/\/parcodellecascate.it\/de\/der-park\/rundgaenge\/\",\"url\":\"https:\/\/parcodellecascate.it\/de\/der-park\/rundgaenge\/\",\"name\":\"Rundg\u00e4nge - Parco delle Cascate\",\"isPartOf\":{\"@id\":\"https:\/\/parcodellecascate.it\/#website\"},\"primaryImageOfPage\":{\"@id\":\"https:\/\/parcodellecascate.it\/de\/der-park\/rundgaenge\/#primaryimage\"},\"image\":{\"@id\":\"https:\/\/parcodellecascate.it\/de\/der-park\/rundgaenge\/#primaryimage\"},\"thumbnailUrl\":\"https:\/\/parcodellecascate.it\/wp-content\/uploads\/2021\/03\/icona1.png\",\"datePublished\":\"2020-02-21T09:23:50+00:00\",\"dateModified\":\"2025-07-01T14:32:44+00:00\",\"breadcrumb\":{\"@id\":\"https:\/\/parcodellecascate.it\/de\/der-park\/rundgaenge\/#breadcrumb\"},\"inLanguage\":\"de\",\"potentialAction\":[{\"@type\":\"ReadAction\",\"target\":[\"https:\/\/parcodellecascate.it\/de\/der-park\/rundgaenge\/\"]}]},{\"@type\":\"ImageObject\",\"inLanguage\":\"de\",\"@id\":\"https:\/\/parcodellecascate.it\/de\/der-park\/rundgaenge\/#primaryimage\",\"url\":\"https:\/\/parcodellecascate.it\/wp-content\/uploads\/2021\/03\/icona1.png\",\"contentUrl\":\"https:\/\/parcodellecascate.it\/wp-content\/uploads\/2021\/03\/icona1.png\"},{\"@type\":\"BreadcrumbList\",\"@id\":\"https:\/\/parcodellecascate.it\/de\/der-park\/rundgaenge\/#breadcrumb\",\"itemListElement\":[{\"@type\":\"ListItem\",\"position\":1,\"name\":\"Home\",\"item\":\"https:\/\/parcodellecascate.it\/de\/\"},{\"@type\":\"ListItem\",\"position\":2,\"name\":\"Der Park\",\"item\":\"https:\/\/parcodellecascate.it\/de\/der-park\/\"},{\"@type\":\"ListItem\",\"position\":3,\"name\":\"Rundg\u00e4nge\"}]},{\"@type\":\"WebSite\",\"@id\":\"https:\/\/parcodellecascate.it\/#website\",\"url\":\"https:\/\/parcodellecascate.it\/\",\"name\":\"Parco delle Cascate\",\"description\":\"Vivere Molina\",\"potentialAction\":[{\"@type\":\"SearchAction\",\"target\":{\"@type\":\"EntryPoint\",\"urlTemplate\":\"https:\/\/parcodellecascate.it\/?s={search_term_string}\"},\"query-input\":\"required name=search_term_string\"}],\"inLanguage\":\"de\"}]}<\/script>\n<!-- \/ Yoast SEO plugin. -->","yoast_head_json":{"title":"Rundg\u00e4nge - Parco delle Cascate","robots":{"index":"index","follow":"follow","max-snippet":"max-snippet:-1","max-image-preview":"max-image-preview:large","max-video-preview":"max-video-preview:-1"},"canonical":"https:\/\/parcodellecascate.it\/de\/der-park\/rundgaenge\/","og_locale":"de_DE","og_type":"article","og_title":"Rundg\u00e4nge - Parco delle Cascate","og_description":"[vc_row row_height_percent=&#8220;0&#8243; override_padding=&#8220;yes&#8220; h_padding=&#8220;2&#8243; top_padding=&#8220;5&#8243; bottom_padding=&#8220;5&#8243; overlay_alpha=&#8220;50&#8243; gutter_size=&#8220;3&#8243; column_width_percent=&#8220;100&#8243; shift_y=&#8220;0&#8243; z_index=&#8220;0&#8243;][vc_column column_width_percent=&#8220;100&#8243; gutter_size=&#8220;4&#8243; overlay_alpha=&#8220;50&#8243; shift_x=&#8220;0&#8243; shift_y=&#8220;0&#8243; shift_y_down=&#8220;0&#8243; z_index=&#8220;0&#8243; medium_width=&#8220;0&#8243; mobile_width=&#8220;0&#8243; [&hellip;]","og_url":"https:\/\/parcodellecascate.it\/de\/der-park\/rundgaenge\/","og_site_name":"Parco delle Cascate","article_modified_time":"2025-07-01T14:32:44+00:00","og_image":[{"url":"https:\/\/parcodellecascate.it\/wp-content\/uploads\/2021\/03\/icona1.png"}],"twitter_card":"summary_large_image","twitter_misc":{"Gesch\u00e4tzte Lesezeit":"3\u00a0Minuten"},"schema":{"@context":"https:\/\/schema.org","@graph":[{"@type":"WebPage","@id":"https:\/\/parcodellecascate.it\/de\/der-park\/rundgaenge\/","url":"https:\/\/parcodellecascate.it\/de\/der-park\/rundgaenge\/","name":"Rundg\u00e4nge - Parco delle Cascate","isPartOf":{"@id":"https:\/\/parcodellecascate.it\/#website"},"primaryImageOfPage":{"@id":"https:\/\/parcodellecascate.it\/de\/der-park\/rundgaenge\/#primaryimage"},"image":{"@id":"https:\/\/parcodellecascate.it\/de\/der-park\/rundgaenge\/#primaryimage"},"thumbnailUrl":"https:\/\/parcodellecascate.it\/wp-content\/uploads\/2021\/03\/icona1.png","datePublished":"2020-02-21T09:23:50+00:00","dateModified":"2025-07-01T14:32:44+00:00","breadcrumb":{"@id":"https:\/\/parcodellecascate.it\/de\/der-park\/rundgaenge\/#breadcrumb"},"inLanguage":"de","potentialAction":[{"@type":"ReadAction","target":["https:\/\/parcodellecascate.it\/de\/der-park\/rundgaenge\/"]}]},{"@type":"ImageObject","inLanguage":"de","@id":"https:\/\/parcodellecascate.it\/de\/der-park\/rundgaenge\/#primaryimage","url":"https:\/\/parcodellecascate.it\/wp-content\/uploads\/2021\/03\/icona1.png","contentUrl":"https:\/\/parcodellecascate.it\/wp-content\/uploads\/2021\/03\/icona1.png"},{"@type":"BreadcrumbList","@id":"https:\/\/parcodellecascate.it\/de\/der-park\/rundgaenge\/#breadcrumb","itemListElement":[{"@type":"ListItem","position":1,"name":"Home","item":"https:\/\/parcodellecascate.it\/de\/"},{"@type":"ListItem","position":2,"name":"Der Park","item":"https:\/\/parcodellecascate.it\/de\/der-park\/"},{"@type":"ListItem","position":3,"name":"Rundg\u00e4nge"}]},{"@type":"WebSite","@id":"https:\/\/parcodellecascate.it\/#website","url":"https:\/\/parcodellecascate.it\/","name":"Parco delle Cascate","description":"Vivere Molina","potentialAction":[{"@type":"SearchAction","target":{"@type":"EntryPoint","urlTemplate":"https:\/\/parcodellecascate.it\/?s={search_term_string}"},"query-input":"required name=search_term_string"}],"inLanguage":"de"}]}},"_links":{"self":[{"href":"https:\/\/parcodellecascate.it\/de\/wp-json\/wp\/v2\/pages\/87367","targetHints":{"allow":["GET"]}}],"collection":[{"href":"https:\/\/parcodellecascate.it\/de\/wp-json\/wp\/v2\/pages"}],"about":[{"href":"https:\/\/parcodellecascate.it\/de\/wp-json\/wp\/v2\/types\/page"}],"author":[{"embeddable":true,"href":"https:\/\/parcodellecascate.it\/de\/wp-json\/wp\/v2\/users\/1"}],"replies":[{"embeddable":true,"href":"https:\/\/parcodellecascate.it\/de\/wp-json\/wp\/v2\/comments?post=87367"}],"version-history":[{"count":8,"href":"https:\/\/parcodellecascate.it\/de\/wp-json\/wp\/v2\/pages\/87367\/revisions"}],"predecessor-version":[{"id":91303,"href":"https:\/\/parcodellecascate.it\/de\/wp-json\/wp\/v2\/pages\/87367\/revisions\/91303"}],"up":[{"embeddable":true,"href":"https:\/\/parcodellecascate.it\/de\/wp-json\/wp\/v2\/pages\/87419"}],"wp:attachment":[{"href":"https:\/\/parcodellecascate.it\/de\/wp-json\/wp\/v2\/media?parent=87367"}],"curies":[{"name":"wp","href":"https:\/\/api.w.org\/{rel}","templated":true}]}}