{"id":87458,"date":"2020-05-29T09:12:14","date_gmt":"2020-05-29T09:12:14","guid":{"rendered":"https:\/\/parcodellecascate.it\/notti-preistoriche\/"},"modified":"2022-09-06T13:54:03","modified_gmt":"2022-09-06T13:54:03","slug":"praehistorische-naechte","status":"publish","type":"page","link":"https:\/\/parcodellecascate.it\/de\/veranstaltungen\/praehistorische-naechte\/","title":{"rendered":"Pr\u00e4historische N\u00e4chte"},"content":{"rendered":"<div class=\"wpb-content-wrapper\"><p>[vc_row row_height_percent=&#8220;0&#8243; override_padding=&#8220;yes&#8220; h_padding=&#8220;2&#8243; top_padding=&#8220;5&#8243; bottom_padding=&#8220;3&#8243; overlay_alpha=&#8220;100&#8243; gutter_size=&#8220;3&#8243; column_width_percent=&#8220;100&#8243; shift_y=&#8220;0&#8243; z_index=&#8220;0&#8243; row_height_use_pixel=&#8220;&#8220; css=&#8220;.vc_custom_1618475813640{margin-bottom: -20px !important;}&#8220;][vc_column column_width_use_pixel=&#8220;yes&#8220; gutter_size=&#8220;3&#8243; overlay_alpha=&#8220;50&#8243; shift_x=&#8220;0&#8243; shift_y=&#8220;0&#8243; medium_width=&#8220;0&#8243; zoom_width=&#8220;0&#8243; zoom_height=&#8220;0&#8243; column_width_pixel=&#8220;800&#8243;][vc_column_text]Die Pr\u00e4historischen N\u00e4chte werden vom Team des Wasserfallparks veranstaltet und richten sich an kleine Sapiens zwischen 6 und 11 Jahren, die keine Angst haben, mit dem H\u00f6hlenl\u00f6wen zu br\u00fcllen!<\/p>\n<p>Dies ist eine einmalige Gelegenheit, das Leben und die Strategien unserer Vorfahren aus der Eiszeit kennenzulernen, die vor Zehntausenden von Jahren in unseren Bergen lebten: Wir gehen auf die Suche nach Feuerstein, um Waffen und Werkzeug herzustellen. Wir halten im Park Ausschau nach Wasser, tosenden Wasserf\u00e4llen, Waldbeeren, Tieren, H\u00f6hlen und einladenden Unterk\u00fcnften.<\/p>\n<p>Wir lauschen den Ger\u00e4uschen des Waldes und lernen die beruhigende W\u00e4rme des Feuers zu sch\u00e4tzen: Nach einem herzhaften pal\u00e4olithischen Abendessen schlafen wir auf bequemen Fellen in einer wie in der Urzeit eingerichteten H\u00f6hle ein und erz\u00e4hlen uns Geschichten \u00fcber H\u00f6hlenb\u00e4ren und Mammuts&#8230;<\/p>\n<p>Die Kinder werden st\u00e4ndig von Arch\u00e4ologen und Parkmitarbeitern beaufsichtigt, die ihnen das spannende Leben der kleinen &#8222;Sapiens&#8220; n\u00e4her bringen und sie am Samstagnachmittag gegen 17 Uhr in Molina willkommen hei\u00dfen. Die Eltern holen die Kinder am Sonntagmorgen gegen 10:00 Uhr ab.[\/vc_column_text][\/vc_column][\/vc_row][vc_row row_height_percent=&#8220;0&#8243; override_padding=&#8220;yes&#8220; h_padding=&#8220;2&#8243; top_padding=&#8220;0&#8243; bottom_padding=&#8220;0&#8243; overlay_alpha=&#8220;100&#8243; gutter_size=&#8220;3&#8243; column_width_percent=&#8220;100&#8243; shift_y=&#8220;0&#8243; z_index=&#8220;0&#8243; row_height_use_pixel=&#8220;&#8220;][vc_column column_width_use_pixel=&#8220;yes&#8220; gutter_size=&#8220;3&#8243; overlay_alpha=&#8220;50&#8243; shift_x=&#8220;0&#8243; shift_y=&#8220;0&#8243; medium_width=&#8220;0&#8243; zoom_width=&#8220;0&#8243; zoom_height=&#8220;0&#8243; width=&#8220;1\/1&#8243;][vc_gallery el_id=&#8220;gallery-300388&#8243; type=&#8220;carousel&#8220; medias=&#8220;83995,83993,83992,83994,83996,83997,83998,83999,84000,84001,84002,84003,84004,84005,84307,84308&#8243; carousel_lg=&#8220;3&#8243; carousel_md=&#8220;1&#8243; carousel_sm=&#8220;1&#8243; thumb_size=&#8220;four-three&#8220; gutter_size=&#8220;3&#8243; carousel_type=&#8220;fade&#8220; carousel_interval=&#8220;3000&#8243; carousel_navspeed=&#8220;400&#8243; carousel_loop=&#8220;yes&#8220; carousel_overflow=&#8220;yes&#8220; carousel_dots=&#8220;yes&#8220; carousel_dots_mobile=&#8220;yes&#8220; stage_padding=&#8220;0&#8243; single_overlay_opacity=&#8220;50&#8243; single_padding=&#8220;2&#8243;][\/vc_column][\/vc_row][vc_row row_height_percent=&#8220;0&#8243; override_padding=&#8220;yes&#8220; h_padding=&#8220;2&#8243; top_padding=&#8220;3&#8243; bottom_padding=&#8220;5&#8243; overlay_alpha=&#8220;100&#8243; gutter_size=&#8220;3&#8243; column_width_percent=&#8220;100&#8243; shift_y=&#8220;0&#8243; z_index=&#8220;0&#8243; row_height_use_pixel=&#8220;&#8220; css=&#8220;.vc_custom_1618475777433{margin-bottom: -50px !important;}&#8220;][vc_column column_width_use_pixel=&#8220;yes&#8220; gutter_size=&#8220;3&#8243; overlay_alpha=&#8220;50&#8243; shift_x=&#8220;0&#8243; shift_y=&#8220;0&#8243; medium_width=&#8220;0&#8243; zoom_width=&#8220;0&#8243; zoom_height=&#8220;0&#8243; column_width_pixel=&#8220;800&#8243;][vc_column_text]Das Erlebnis ist f\u00fcr eine begrenzte Anzahl von Kindern bestimmt: da die Teilnehmerzahl begrenzt ist, bitten wir Sie, sich zu Beginn der Saison bei uns zu informieren!<\/p>\n<p>F\u00fcr die Eltern besteht auf Wunsch die M\u00f6glichkeit, in einer \u201cTrattoria\u201d zu Abend zu essen und in einem der B&amp;Bs von Molina zu \u00fcbernachten.[\/vc_column_text][\/vc_column][\/vc_row][vc_row][vc_column column_width_percent=&#8220;100&#8243; position_horizontal=&#8220;left&#8220; align_horizontal=&#8220;align_center&#8220; gutter_size=&#8220;3&#8243; overlay_alpha=&#8220;50&#8243; shift_x=&#8220;0&#8243; shift_y=&#8220;0&#8243; shift_y_down=&#8220;0&#8243; z_index=&#8220;0&#8243; medium_width=&#8220;0&#8243; mobile_width=&#8220;0&#8243; width=&#8220;1\/1&#8243;][vc_raw_html]JTNDcCUzRSUzQ2lmcmFtZSUyMGNsYXNzJTNEJTIyaWZyYW1lLXZpZGVvJTIyJTIwd2lkdGglM0QlMjI1NjAlMjIlMjBoZWlnaHQlM0QlMjIzMTUlMjIlMjBzcmMlM0QlMjJodHRwcyUzQSUyRiUyRnd3dy55b3V0dWJlLW5vY29va2llLmNvbSUyRmVtYmVkJTJGc0xTY2pyczRqdEklMjIlMjBmcmFtZWJvcmRlciUzRCUyMjAlMjIlMjBhbGxvdyUzRCUyMmFjY2VsZXJvbWV0ZXIlM0IlMjBhdXRvcGxheSUzQiUyMGNsaXBib2FyZC13cml0ZSUzQiUyMGVuY3J5cHRlZC1tZWRpYSUzQiUyMGd5cm9zY29wZSUzQiUyMHBpY3R1cmUtaW4tcGljdHVyZSUyMiUyMGFsbG93ZnVsbHNjcmVlbiUzRSUzQyUyRmlmcmFtZSUzRSUzQyUyRnAlM0U=[\/vc_raw_html][\/vc_column][\/vc_row]<\/p>\n<\/div>","protected":false},"excerpt":{"rendered":"<p>[vc_row row_height_percent=&#8220;0&#8243; override_padding=&#8220;yes&#8220; h_padding=&#8220;2&#8243; top_padding=&#8220;5&#8243; bottom_padding=&#8220;3&#8243; overlay_alpha=&#8220;100&#8243; gutter_size=&#8220;3&#8243; column_width_percent=&#8220;100&#8243; shift_y=&#8220;0&#8243; z_index=&#8220;0&#8243; row_height_use_pixel=&#8220;&#8220; css=&#8220;.vc_custom_1618475813640{margin-bottom: -20px !important;}&#8220;][vc_column column_width_use_pixel=&#8220;yes&#8220; gutter_size=&#8220;3&#8243; overlay_alpha=&#8220;50&#8243; shift_x=&#8220;0&#8243; shift_y=&#8220;0&#8243; [&hellip;]<\/p>\n","protected":false},"author":1,"featured_media":0,"parent":87469,"menu_order":0,"comment_status":"closed","ping_status":"closed","template":"","meta":{"footnotes":""},"class_list":["post-87458","page","type-page","status-publish","hentry"],"yoast_head":"<!-- This site is optimized with the Yoast SEO plugin v22.5 - https:\/\/yoast.com\/wordpress\/plugins\/seo\/ -->\n<title>Pr\u00e4historische N\u00e4chte - Parco delle Cascate<\/title>\n<meta name=\"robots\" content=\"index, follow, max-snippet:-1, max-image-preview:large, max-video-preview:-1\" \/>\n<link rel=\"canonical\" href=\"https:\/\/parcodellecascate.it\/de\/veranstaltungen\/praehistorische-naechte\/\" \/>\n<meta property=\"og:locale\" content=\"de_DE\" \/>\n<meta property=\"og:type\" content=\"article\" \/>\n<meta property=\"og:title\" content=\"Pr\u00e4historische N\u00e4chte - Parco delle Cascate\" \/>\n<meta property=\"og:description\" content=\"[vc_row row_height_percent=&#8220;0&#8243; override_padding=&#8220;yes&#8220; h_padding=&#8220;2&#8243; top_padding=&#8220;5&#8243; bottom_padding=&#8220;3&#8243; overlay_alpha=&#8220;100&#8243; gutter_size=&#8220;3&#8243; column_width_percent=&#8220;100&#8243; shift_y=&#8220;0&#8243; z_index=&#8220;0&#8243; row_height_use_pixel=&#8220;&#8220; css=&#8220;.vc_custom_1618475813640{margin-bottom: -20px !important;}&#8220;][vc_column column_width_use_pixel=&#8220;yes&#8220; gutter_size=&#8220;3&#8243; overlay_alpha=&#8220;50&#8243; shift_x=&#8220;0&#8243; shift_y=&#8220;0&#8243; [&hellip;]\" \/>\n<meta property=\"og:url\" content=\"https:\/\/parcodellecascate.it\/de\/veranstaltungen\/praehistorische-naechte\/\" \/>\n<meta property=\"og:site_name\" content=\"Parco delle Cascate\" \/>\n<meta property=\"article:modified_time\" content=\"2022-09-06T13:54:03+00:00\" \/>\n<meta name=\"twitter:card\" content=\"summary_large_image\" \/>\n<meta name=\"twitter:label1\" content=\"Gesch\u00e4tzte Lesezeit\" \/>\n\t<meta name=\"twitter:data1\" content=\"2\u00a0Minuten\" \/>\n<script type=\"application\/ld+json\" class=\"yoast-schema-graph\">{\"@context\":\"https:\/\/schema.org\",\"@graph\":[{\"@type\":\"WebPage\",\"@id\":\"https:\/\/parcodellecascate.it\/de\/veranstaltungen\/praehistorische-naechte\/\",\"url\":\"https:\/\/parcodellecascate.it\/de\/veranstaltungen\/praehistorische-naechte\/\",\"name\":\"Pr\u00e4historische N\u00e4chte - Parco delle Cascate\",\"isPartOf\":{\"@id\":\"https:\/\/parcodellecascate.it\/#website\"},\"datePublished\":\"2020-05-29T09:12:14+00:00\",\"dateModified\":\"2022-09-06T13:54:03+00:00\",\"breadcrumb\":{\"@id\":\"https:\/\/parcodellecascate.it\/de\/veranstaltungen\/praehistorische-naechte\/#breadcrumb\"},\"inLanguage\":\"de\",\"potentialAction\":[{\"@type\":\"ReadAction\",\"target\":[\"https:\/\/parcodellecascate.it\/de\/veranstaltungen\/praehistorische-naechte\/\"]}]},{\"@type\":\"BreadcrumbList\",\"@id\":\"https:\/\/parcodellecascate.it\/de\/veranstaltungen\/praehistorische-naechte\/#breadcrumb\",\"itemListElement\":[{\"@type\":\"ListItem\",\"position\":1,\"name\":\"Home\",\"item\":\"https:\/\/parcodellecascate.it\/de\/\"},{\"@type\":\"ListItem\",\"position\":2,\"name\":\"Veranstaltungen\",\"item\":\"https:\/\/parcodellecascate.it\/de\/veranstaltungen\/\"},{\"@type\":\"ListItem\",\"position\":3,\"name\":\"Pr\u00e4historische N\u00e4chte\"}]},{\"@type\":\"WebSite\",\"@id\":\"https:\/\/parcodellecascate.it\/#website\",\"url\":\"https:\/\/parcodellecascate.it\/\",\"name\":\"Parco delle Cascate\",\"description\":\"Vivere Molina\",\"potentialAction\":[{\"@type\":\"SearchAction\",\"target\":{\"@type\":\"EntryPoint\",\"urlTemplate\":\"https:\/\/parcodellecascate.it\/?s={search_term_string}\"},\"query-input\":\"required name=search_term_string\"}],\"inLanguage\":\"de\"}]}<\/script>\n<!-- \/ Yoast SEO plugin. -->","yoast_head_json":{"title":"Pr\u00e4historische N\u00e4chte - Parco delle Cascate","robots":{"index":"index","follow":"follow","max-snippet":"max-snippet:-1","max-image-preview":"max-image-preview:large","max-video-preview":"max-video-preview:-1"},"canonical":"https:\/\/parcodellecascate.it\/de\/veranstaltungen\/praehistorische-naechte\/","og_locale":"de_DE","og_type":"article","og_title":"Pr\u00e4historische N\u00e4chte - Parco delle Cascate","og_description":"[vc_row row_height_percent=&#8220;0&#8243; override_padding=&#8220;yes&#8220; h_padding=&#8220;2&#8243; top_padding=&#8220;5&#8243; bottom_padding=&#8220;3&#8243; overlay_alpha=&#8220;100&#8243; gutter_size=&#8220;3&#8243; column_width_percent=&#8220;100&#8243; shift_y=&#8220;0&#8243; z_index=&#8220;0&#8243; row_height_use_pixel=&#8220;&#8220; css=&#8220;.vc_custom_1618475813640{margin-bottom: -20px !important;}&#8220;][vc_column column_width_use_pixel=&#8220;yes&#8220; gutter_size=&#8220;3&#8243; overlay_alpha=&#8220;50&#8243; shift_x=&#8220;0&#8243; shift_y=&#8220;0&#8243; [&hellip;]","og_url":"https:\/\/parcodellecascate.it\/de\/veranstaltungen\/praehistorische-naechte\/","og_site_name":"Parco delle Cascate","article_modified_time":"2022-09-06T13:54:03+00:00","twitter_card":"summary_large_image","twitter_misc":{"Gesch\u00e4tzte Lesezeit":"2\u00a0Minuten"},"schema":{"@context":"https:\/\/schema.org","@graph":[{"@type":"WebPage","@id":"https:\/\/parcodellecascate.it\/de\/veranstaltungen\/praehistorische-naechte\/","url":"https:\/\/parcodellecascate.it\/de\/veranstaltungen\/praehistorische-naechte\/","name":"Pr\u00e4historische N\u00e4chte - Parco delle Cascate","isPartOf":{"@id":"https:\/\/parcodellecascate.it\/#website"},"datePublished":"2020-05-29T09:12:14+00:00","dateModified":"2022-09-06T13:54:03+00:00","breadcrumb":{"@id":"https:\/\/parcodellecascate.it\/de\/veranstaltungen\/praehistorische-naechte\/#breadcrumb"},"inLanguage":"de","potentialAction":[{"@type":"ReadAction","target":["https:\/\/parcodellecascate.it\/de\/veranstaltungen\/praehistorische-naechte\/"]}]},{"@type":"BreadcrumbList","@id":"https:\/\/parcodellecascate.it\/de\/veranstaltungen\/praehistorische-naechte\/#breadcrumb","itemListElement":[{"@type":"ListItem","position":1,"name":"Home","item":"https:\/\/parcodellecascate.it\/de\/"},{"@type":"ListItem","position":2,"name":"Veranstaltungen","item":"https:\/\/parcodellecascate.it\/de\/veranstaltungen\/"},{"@type":"ListItem","position":3,"name":"Pr\u00e4historische N\u00e4chte"}]},{"@type":"WebSite","@id":"https:\/\/parcodellecascate.it\/#website","url":"https:\/\/parcodellecascate.it\/","name":"Parco delle Cascate","description":"Vivere Molina","potentialAction":[{"@type":"SearchAction","target":{"@type":"EntryPoint","urlTemplate":"https:\/\/parcodellecascate.it\/?s={search_term_string}"},"query-input":"required name=search_term_string"}],"inLanguage":"de"}]}},"_links":{"self":[{"href":"https:\/\/parcodellecascate.it\/de\/wp-json\/wp\/v2\/pages\/87458","targetHints":{"allow":["GET"]}}],"collection":[{"href":"https:\/\/parcodellecascate.it\/de\/wp-json\/wp\/v2\/pages"}],"about":[{"href":"https:\/\/parcodellecascate.it\/de\/wp-json\/wp\/v2\/types\/page"}],"author":[{"embeddable":true,"href":"https:\/\/parcodellecascate.it\/de\/wp-json\/wp\/v2\/users\/1"}],"replies":[{"embeddable":true,"href":"https:\/\/parcodellecascate.it\/de\/wp-json\/wp\/v2\/comments?post=87458"}],"version-history":[{"count":7,"href":"https:\/\/parcodellecascate.it\/de\/wp-json\/wp\/v2\/pages\/87458\/revisions"}],"predecessor-version":[{"id":88306,"href":"https:\/\/parcodellecascate.it\/de\/wp-json\/wp\/v2\/pages\/87458\/revisions\/88306"}],"up":[{"embeddable":true,"href":"https:\/\/parcodellecascate.it\/de\/wp-json\/wp\/v2\/pages\/87469"}],"wp:attachment":[{"href":"https:\/\/parcodellecascate.it\/de\/wp-json\/wp\/v2\/media?parent=87458"}],"curies":[{"name":"wp","href":"https:\/\/api.w.org\/{rel}","templated":true}]}}