{"id":87483,"date":"2020-02-24T14:47:22","date_gmt":"2020-02-24T14:47:22","guid":{"rendered":"https:\/\/parcodellecascate.it\/mission\/natura-2000\/"},"modified":"2022-08-30T15:30:47","modified_gmt":"2022-08-30T15:30:47","slug":"natura-2000","status":"publish","type":"page","link":"https:\/\/parcodellecascate.it\/de\/mission\/natura-2000\/","title":{"rendered":"Natura 2000"},"content":{"rendered":"<div class=\"wpb-content-wrapper\"><p>[vc_row row_height_percent=&#8220;0&#8243; override_padding=&#8220;yes&#8220; h_padding=&#8220;2&#8243; top_padding=&#8220;5&#8243; bottom_padding=&#8220;3&#8243; overlay_alpha=&#8220;100&#8243; gutter_size=&#8220;3&#8243; column_width_percent=&#8220;100&#8243; shift_y=&#8220;0&#8243; z_index=&#8220;0&#8243; row_height_use_pixel=&#8220;&#8220; css=&#8220;.vc_custom_1618473173692{margin-bottom: -50px !important;}&#8220;][vc_column column_width_use_pixel=&#8220;yes&#8220; gutter_size=&#8220;3&#8243; overlay_alpha=&#8220;50&#8243; shift_x=&#8220;0&#8243; shift_y=&#8220;0&#8243; shift_y_down=&#8220;0&#8243; z_index=&#8220;0&#8243; medium_width=&#8220;0&#8243; mobile_width=&#8220;0&#8243; zoom_width=&#8220;0&#8243; zoom_height=&#8220;0&#8243; column_width_pixel=&#8220;800&#8243;][vc_single_image media=&#8220;83300&#8243; media_width_percent=&#8220;40&#8243; media_title_uppercase=&#8220;&#8220;][vc_column_text]<span style=\"font-weight: 400;\"><strong>Der Wasserfallpark ist ein Gebiet von gemeinschaftsweiter Bedeutung<\/strong><br \/>\n<\/span><span style=\"font-weight: 400;\">(IT3210002 \u2013 MONTI LESSINI: CASCATE DI MOLINA)<\/span><\/p>\n<p><span style=\"font-weight: 400;\">Der Park ist Teil des europ\u00e4ischen <strong>Netzwerks &#8222;Natura 2000&#8220;<\/strong>, das 128 Gebiete in der Region Venetien (22,5 % des regionalen Gesamtgebiets) umfasst und durch eine Richtlinie der Europ\u00e4ischen Union (Richtlinie 92\/43\/EWG &#8222;Habitat&#8220;) zum Schutz der Artenvielfalt eingerichtet wurde.<br \/>\n<\/span><span style=\"font-weight: 400;\">Siehe <a href=\"https:\/\/parcodellecascate.it\/wp-content\/uploads\/2021\/01\/SIC_ZPS-Veneto.pdf\">HIER<\/a> die Karte der Umweltschutzgebiete in der Region Venetien<br \/>\n<\/span><\/p>\n<p><strong>Ziel ist es, nat\u00fcrliche Lebensr\u00e4ume und Tier- und Pflanzenarten, die auf Gemeinschaftsebene bedroht oder selten sind, langfristig zu erhalten oder erforderlichenfalls wiederherzustellen.<\/strong><\/p>\n<p>Das Schutzgebiet ist auf den oberen Teil des Tals von Fumane und einige seiner Seitent\u00e4ler, wie der &#8222;Vajo delle Scalucce&#8220; und die &#8222;Val Sorda&#8220;, beschr\u00e4nkt. Im lokalen Dialekt bezeichnet der Begriff &#8222;vajo&#8220; einen Taleinschnitt, eine steile Schlucht, die zwischen den felsigen Strebepfeilern der Bergw\u00e4nde eingekeilt ist.<br \/>\nDas Tal ist durch steile H\u00e4nge gekennzeichnet, die mit thermomesophilen W\u00e4ldern bewachsen sind, d. h. mit W\u00e4ldern, die bei nicht allzu kalten Temperaturen gedeihen. Dabei handelt es sich haupts\u00e4chlich um Hainbuchen- und Eichenw\u00e4lder. Die ersten bestehen haupts\u00e4chlich aus Manna-Eschen und Hainbuchen, die sonnenexponierte Hanglagen mit kalkhaltigen B\u00f6den und leichtem Wasserabfluss bevorzugen; die letzteren erfordern weniger extreme Bedingungen, deshalb kommen vermehrt Flaumeichen sowie Feldahorn und Wildkirsche vor.<br \/>\nIm oberen Teil des Tals erheben sich an den H\u00e4ngen majest\u00e4tische Felsbastionen, die von einer Felsenvegetation mit Pflanzenarten von hohem wissenschaftlichen Interesse gepr\u00e4gt sind.[\/vc_column_text][\/vc_column][\/vc_row][vc_row row_height_percent=&#8220;0&#8243; override_padding=&#8220;yes&#8220; h_padding=&#8220;2&#8243; top_padding=&#8220;2&#8243; bottom_padding=&#8220;3&#8243; overlay_alpha=&#8220;100&#8243; gutter_size=&#8220;100&#8243; column_width_percent=&#8220;100&#8243; border_style=&#8220;solid&#8220; shift_y=&#8220;0&#8243; z_index=&#8220;0&#8243; style=&#8220;inherited&#8220; css=&#8220;.vc_custom_1618473357616{margin-bottom: -75px !important;}&#8220;][vc_column column_width_percent=&#8220;100&#8243; align_horizontal=&#8220;align_center&#8220; gutter_size=&#8220;3&#8243; overlay_alpha=&#8220;50&#8243; shift_x=&#8220;0&#8243; shift_y=&#8220;0&#8243; shift_y_down=&#8220;0&#8243; z_index=&#8220;0&#8243; medium_width=&#8220;0&#8243; mobile_width=&#8220;0&#8243; zoom_width=&#8220;0&#8243; zoom_height=&#8220;0&#8243; width=&#8220;1\/1&#8243;][vc_custom_heading text_size=&#8220;h1&#8243; text_color=&#8220;color-224619&#8243;]Vorhandene Arten[\/vc_custom_heading][vc_empty_space empty_h=&#8220;2&#8243;][vc_gallery el_id=&#8220;gallery-4&#8243; isotope_mode=&#8220;fitRows&#8220; medias=&#8220;83804,83812,83813,83809,83807,83806,83805,83808,83810,83811,84284,84285&#8243; gutter_size=&#8220;3&#8243; media_items=&#8220;icon,media|lightbox|original,title&#8220; screen_lg=&#8220;1000&#8243; screen_md=&#8220;600&#8243; screen_sm=&#8220;480&#8243; single_text=&#8220;under&#8220; single_width=&#8220;3&#8243; images_size=&#8220;three-two&#8220; single_overlay_opacity=&#8220;50&#8243; single_padding=&#8220;2&#8243; single_text_reduced=&#8220;yes&#8220; single_title_dimension=&#8220;h5&#8243; single_icon=&#8220;fa fa-search&#8220; single_border=&#8220;yes&#8220; single_css_animation=&#8220;bottom-t-top&#8220; single_animation_delay=&#8220;200&#8243; lbox_title=&#8220;yes&#8220; lbox_caption=&#8220;yes&#8220; no_double_tap=&#8220;yes&#8220; carousel_rtl=&#8220;&#8220; single_title_uppercase=&#8220;&#8220; single_title_bold=&#8220;yes&#8220; single_title_serif=&#8220;&#8220; onclick=&#8220;link_image&#8220; custom_links_target=&#8220;_self&#8220; single_half_padding=&#8220;yes&#8220; single_no_background=&#8220;yes&#8220;][\/vc_column][\/vc_row][vc_row row_height_percent=&#8220;0&#8243; override_padding=&#8220;yes&#8220; h_padding=&#8220;2&#8243; top_padding=&#8220;3&#8243; bottom_padding=&#8220;5&#8243; overlay_alpha=&#8220;100&#8243; gutter_size=&#8220;3&#8243; column_width_percent=&#8220;100&#8243; shift_y=&#8220;0&#8243; z_index=&#8220;0&#8243; row_height_use_pixel=&#8220;&#8220;][vc_column column_width_use_pixel=&#8220;yes&#8220; gutter_size=&#8220;3&#8243; overlay_alpha=&#8220;50&#8243; shift_x=&#8220;0&#8243; shift_y=&#8220;0&#8243; medium_width=&#8220;0&#8243; zoom_width=&#8220;0&#8243; zoom_height=&#8220;0&#8243; column_width_pixel=&#8220;800&#8243;][vc_column_text]Folgende Lebensr\u00e4ume von gemeinschaftsweitem Interesse sind innerhalb des Gebietes gemeldet:<\/p>\n<p><span style=\"font-weight: 400;\"><strong>1. Vegetation auf Kalksteinfelsen<\/strong><br \/>\n<\/span>Die an den senkrechten W\u00e4nden wachsende Vegetation ist ein gutes Beispiel f\u00fcr Pioniergemeinschaften, die sich extremen Umweltbedingungen angepasst haben (starke Temperaturschwankungen, wenig Wasser, fast keine Erde): dabei handelt es sich um hochspezialisierte Pflanzen, die in den Felsen die einzige Umgebung finden, in der sie \u00fcberleben k\u00f6nnen, indem sie diesen Lebensraum und die wenigen vorhandenen Ressourcen voll ausnutzen und so in der Lage sind, den gesamten Lebenszyklus zu vollenden. Zu den bedeutendsten Arten geh\u00f6ren Schopfteufelskralle (Physoplexis comosa), Moehringia bavarica (Moehringia bavarica) und Vielst\u00e4ngeliges Fingerkraut (Potentilla caulescens): Die beiden letztgenannten Arten stehen unter strengem Artenschutz.<\/p>\n<p><span style=\"font-weight: 400;\"><strong>2. Hang-, Ger\u00f6ll- und Talw\u00e4lder mit Linden und Ahornb\u00e4umen.<\/strong><br \/>\nDiese W\u00e4lder sind typisch f\u00fcr Schluchten und k\u00fchle T\u00e4ler mit Ger\u00f6llansammlungen am Fu\u00dfe von Felsw\u00e4nden. Sie zeichnen sich durch das Vorherrschen edler Laubb\u00e4ume (Ahorn, Linde, Ulme, Esche) aus. Es geht dabei um kleine Baumgruppen, die manchmal schwer zu kartieren sind, aber gerade deshalb f\u00fcr die Erhaltung der Artenvielfalt, dem Hauptziel des Netzwerks Natura 2000, sehr wichtig sind. Indikatorarten sind der Bergahorn (Acer pseudoplatanus), die Gemeine Esche (Fraxinus excelsior), die Winterlinde (Tilia platyphyllos) und die Bergulme (Ulmus glabra).<br \/>\n<\/span><\/p>\n<p><b>3. Unter den S\u00e4ugetieren: Flederm\u00e4use<br \/>\n<\/b>Unter den in diesem Gebiet vorkommenden S\u00e4ugetierarten genie\u00dfen Flederm\u00e4use wie die Gro\u00dfe Hufeisennase (Rhinolophus ferrumequinum) und der Miniopterus (Miniopterus schreibersii) besonderen Schutz. Alle in Italien vorkommenden Fledermausarten sind zoologische Einheiten von gemeinschaftsweitem Interesse; sie sind in den verschiedenen Anh\u00e4ngen der Habitat-Richtlinie 92\/43\/EWG aufgef\u00fchrt und m\u00fcssen daher streng gesch\u00fctzt werden.<\/p>\n<p><span style=\"font-weight: 400;\"><strong>4. Avifauna: Raubv\u00f6gel<\/strong><br \/>\nIm Gebiet von gemeinschaftsweiter Bedeutung &#8222;Monti Lessini: Cascate di Molina&#8220; gibt es zahlreiche Raubvogelarten, von denen einige auch hier nisten. Darunter befinden sich einige Arten, die in Anhang I der Richtlinie 79\/409\/EWG aufgef\u00fchrt sind, wie der Uhu (Bubo bubo) und der Wanderfalke (Falco peregrinus), dessen Vorkommen in diesem Gebiet in den letzten Jahren mehrfach festgestellt wurde. Auch einige Zugvogelarten sind hier anzutreffen: der Wespenbussard (Pernis apivorus) und der Schwarzmilan (Milvus migrans), die nur im Sommer und Herbst beobachtet werden k\u00f6nnen.<br \/>\n<\/span><\/p>\n<p><span style=\"font-weight: 400;\"><strong>5. Flusskrebse<\/strong><br \/>\n<\/span>Der Edelkrebs (Austropotamobius pallipes) ist ein Krebstier, das saubere und gut mit Sauerstoff versorgte Bachabschnitte bevorzugt. Einst weit verbreitet und zahlreich vorhanden, wurde er lange Zeit wegen seines delikaten Fleisches wahllos abgefischt. In den letzten Jahren ist sein Bestand erheblich zur\u00fcckgegangen, was teilweise auf seine Empfindlichkeit und die Verschlechterung der Wasserqualit\u00e4t zur\u00fcckzuf\u00fchren ist. Aus diesem Grund wird sein Fang heute durch zahlreiche regionale Verordnungen verboten, wobei er zus\u00e4tzlich auf Gemeinschaftsebene durch die Habitat-Richtlinie gesch\u00fctzt ist.<\/p>\n<p><span style=\"font-weight: 400;\"><strong>6. Zu sch\u00fctzende Amphibien<\/strong><br \/>\n<\/span>Das st\u00e4ndige Vorhandensein von Wasser bestimmt die Umweltbedingungen mit hoher Luftfeuchtigkeit, die auch in w\u00e4rmeren Zeitabschnitten mit weniger Niederschlag bestehen bleibt. Diese Situation beg\u00fcnstigt eine gro\u00dfe Tierartenvielfalt: Bei den Amphibien sind es vor allem der T\u00fcpfelsalamander (Salamandra salamandra), der Bergmolch (Mesotriton alpestris), die Erdkr\u00f6te (Bufo bufo) und der Grasfrosch (Rana esculenta). Zu den gesch\u00fctzten Arten geh\u00f6ren die Gelbbauchunke (Bombina variegata), die in Anhang II der Habitatrichtlinie aufgef\u00fchrt ist, und der Springfrosch (Rana dalmatina), der in Anhang IV aufgef\u00fchrt ist.<\/p>\n<p><span style=\"font-weight: 400;\"><strong>Unser Ziel ist es, das langfrisstge \u00dcberleben dieser wichtigen Arten und Lebensr\u00e4ume zu sichern und dabei die wirtschaftlichen, sozialen und kulturellen Bed\u00fcrfnisse der Region im Sinne einer nachhaltigen Entwicklung zu ber\u00fccksichtigen.<\/strong><br \/>\n<\/span>In den Jahren 2013 und 2014 konnten dank der regionalen Mitfinanzierung (Por Cro Parte FESR 2007-2013 &#8211; Achse 1 &#8222;Politiken zur Unterst\u00fctzung der F\u00f6rderung und Entwicklung des Unternehmertums&#8220;) Ma\u00dfnahmen zur Erhaltung und Aufwertung des Naturerbes im SCI-Gebiet durchgef\u00fchrt werden. (Aktion 1.3.4 &#8222;Innovative Ma\u00dfnahmen zur Erhaltung und Aufwertung des Naturerbes&#8220;). Diese Ma\u00dfnahmen wurden auch durch eine Mitfinanzierung f\u00fcr die Renovierung von zwei M\u00fchlen im Park unterst\u00fctzt, die dank der vorhandenen Schulungs- und Speiser\u00e4ume optimal genutzt werden.[\/vc_column_text][\/vc_column][\/vc_row]<\/p>\n<\/div>","protected":false},"excerpt":{"rendered":"<p>[vc_row row_height_percent=&#8220;0&#8243; override_padding=&#8220;yes&#8220; h_padding=&#8220;2&#8243; top_padding=&#8220;5&#8243; bottom_padding=&#8220;3&#8243; overlay_alpha=&#8220;100&#8243; gutter_size=&#8220;3&#8243; column_width_percent=&#8220;100&#8243; shift_y=&#8220;0&#8243; z_index=&#8220;0&#8243; row_height_use_pixel=&#8220;&#8220; css=&#8220;.vc_custom_1618473173692{margin-bottom: -50px !important;}&#8220;][vc_column column_width_use_pixel=&#8220;yes&#8220; gutter_size=&#8220;3&#8243; overlay_alpha=&#8220;50&#8243; shift_x=&#8220;0&#8243; shift_y=&#8220;0&#8243; [&hellip;]<\/p>\n","protected":false},"author":1,"featured_media":0,"parent":87371,"menu_order":0,"comment_status":"closed","ping_status":"closed","template":"","meta":{"footnotes":""},"class_list":["post-87483","page","type-page","status-publish","hentry"],"yoast_head":"<!-- This site is optimized with the Yoast SEO plugin v22.5 - https:\/\/yoast.com\/wordpress\/plugins\/seo\/ -->\n<title>Natura 2000 - Parco delle Cascate<\/title>\n<meta name=\"robots\" content=\"index, follow, max-snippet:-1, max-image-preview:large, max-video-preview:-1\" \/>\n<link rel=\"canonical\" href=\"https:\/\/parcodellecascate.it\/de\/mission\/natura-2000\/\" \/>\n<meta property=\"og:locale\" content=\"de_DE\" \/>\n<meta property=\"og:type\" content=\"article\" \/>\n<meta property=\"og:title\" content=\"Natura 2000 - Parco delle Cascate\" \/>\n<meta property=\"og:description\" content=\"[vc_row row_height_percent=&#8220;0&#8243; override_padding=&#8220;yes&#8220; h_padding=&#8220;2&#8243; top_padding=&#8220;5&#8243; bottom_padding=&#8220;3&#8243; overlay_alpha=&#8220;100&#8243; gutter_size=&#8220;3&#8243; column_width_percent=&#8220;100&#8243; shift_y=&#8220;0&#8243; z_index=&#8220;0&#8243; row_height_use_pixel=&#8220;&#8220; css=&#8220;.vc_custom_1618473173692{margin-bottom: -50px !important;}&#8220;][vc_column column_width_use_pixel=&#8220;yes&#8220; gutter_size=&#8220;3&#8243; overlay_alpha=&#8220;50&#8243; shift_x=&#8220;0&#8243; shift_y=&#8220;0&#8243; [&hellip;]\" \/>\n<meta property=\"og:url\" content=\"https:\/\/parcodellecascate.it\/de\/mission\/natura-2000\/\" \/>\n<meta property=\"og:site_name\" content=\"Parco delle Cascate\" \/>\n<meta property=\"article:modified_time\" content=\"2022-08-30T15:30:47+00:00\" \/>\n<meta name=\"twitter:card\" content=\"summary_large_image\" \/>\n<meta name=\"twitter:label1\" content=\"Gesch\u00e4tzte Lesezeit\" \/>\n\t<meta name=\"twitter:data1\" content=\"5\u00a0Minuten\" \/>\n<script type=\"application\/ld+json\" class=\"yoast-schema-graph\">{\"@context\":\"https:\/\/schema.org\",\"@graph\":[{\"@type\":\"WebPage\",\"@id\":\"https:\/\/parcodellecascate.it\/de\/mission\/natura-2000\/\",\"url\":\"https:\/\/parcodellecascate.it\/de\/mission\/natura-2000\/\",\"name\":\"Natura 2000 - Parco delle Cascate\",\"isPartOf\":{\"@id\":\"https:\/\/parcodellecascate.it\/#website\"},\"datePublished\":\"2020-02-24T14:47:22+00:00\",\"dateModified\":\"2022-08-30T15:30:47+00:00\",\"breadcrumb\":{\"@id\":\"https:\/\/parcodellecascate.it\/de\/mission\/natura-2000\/#breadcrumb\"},\"inLanguage\":\"de\",\"potentialAction\":[{\"@type\":\"ReadAction\",\"target\":[\"https:\/\/parcodellecascate.it\/de\/mission\/natura-2000\/\"]}]},{\"@type\":\"BreadcrumbList\",\"@id\":\"https:\/\/parcodellecascate.it\/de\/mission\/natura-2000\/#breadcrumb\",\"itemListElement\":[{\"@type\":\"ListItem\",\"position\":1,\"name\":\"Home\",\"item\":\"https:\/\/parcodellecascate.it\/de\/\"},{\"@type\":\"ListItem\",\"position\":2,\"name\":\"Mission\",\"item\":\"https:\/\/parcodellecascate.it\/de\/mission\/\"},{\"@type\":\"ListItem\",\"position\":3,\"name\":\"Natura 2000\"}]},{\"@type\":\"WebSite\",\"@id\":\"https:\/\/parcodellecascate.it\/#website\",\"url\":\"https:\/\/parcodellecascate.it\/\",\"name\":\"Parco delle Cascate\",\"description\":\"Vivere Molina\",\"potentialAction\":[{\"@type\":\"SearchAction\",\"target\":{\"@type\":\"EntryPoint\",\"urlTemplate\":\"https:\/\/parcodellecascate.it\/?s={search_term_string}\"},\"query-input\":\"required name=search_term_string\"}],\"inLanguage\":\"de\"}]}<\/script>\n<!-- \/ Yoast SEO plugin. -->","yoast_head_json":{"title":"Natura 2000 - Parco delle Cascate","robots":{"index":"index","follow":"follow","max-snippet":"max-snippet:-1","max-image-preview":"max-image-preview:large","max-video-preview":"max-video-preview:-1"},"canonical":"https:\/\/parcodellecascate.it\/de\/mission\/natura-2000\/","og_locale":"de_DE","og_type":"article","og_title":"Natura 2000 - Parco delle Cascate","og_description":"[vc_row row_height_percent=&#8220;0&#8243; override_padding=&#8220;yes&#8220; h_padding=&#8220;2&#8243; top_padding=&#8220;5&#8243; bottom_padding=&#8220;3&#8243; overlay_alpha=&#8220;100&#8243; gutter_size=&#8220;3&#8243; column_width_percent=&#8220;100&#8243; shift_y=&#8220;0&#8243; z_index=&#8220;0&#8243; row_height_use_pixel=&#8220;&#8220; css=&#8220;.vc_custom_1618473173692{margin-bottom: -50px !important;}&#8220;][vc_column column_width_use_pixel=&#8220;yes&#8220; gutter_size=&#8220;3&#8243; overlay_alpha=&#8220;50&#8243; shift_x=&#8220;0&#8243; shift_y=&#8220;0&#8243; [&hellip;]","og_url":"https:\/\/parcodellecascate.it\/de\/mission\/natura-2000\/","og_site_name":"Parco delle Cascate","article_modified_time":"2022-08-30T15:30:47+00:00","twitter_card":"summary_large_image","twitter_misc":{"Gesch\u00e4tzte Lesezeit":"5\u00a0Minuten"},"schema":{"@context":"https:\/\/schema.org","@graph":[{"@type":"WebPage","@id":"https:\/\/parcodellecascate.it\/de\/mission\/natura-2000\/","url":"https:\/\/parcodellecascate.it\/de\/mission\/natura-2000\/","name":"Natura 2000 - Parco delle Cascate","isPartOf":{"@id":"https:\/\/parcodellecascate.it\/#website"},"datePublished":"2020-02-24T14:47:22+00:00","dateModified":"2022-08-30T15:30:47+00:00","breadcrumb":{"@id":"https:\/\/parcodellecascate.it\/de\/mission\/natura-2000\/#breadcrumb"},"inLanguage":"de","potentialAction":[{"@type":"ReadAction","target":["https:\/\/parcodellecascate.it\/de\/mission\/natura-2000\/"]}]},{"@type":"BreadcrumbList","@id":"https:\/\/parcodellecascate.it\/de\/mission\/natura-2000\/#breadcrumb","itemListElement":[{"@type":"ListItem","position":1,"name":"Home","item":"https:\/\/parcodellecascate.it\/de\/"},{"@type":"ListItem","position":2,"name":"Mission","item":"https:\/\/parcodellecascate.it\/de\/mission\/"},{"@type":"ListItem","position":3,"name":"Natura 2000"}]},{"@type":"WebSite","@id":"https:\/\/parcodellecascate.it\/#website","url":"https:\/\/parcodellecascate.it\/","name":"Parco delle Cascate","description":"Vivere Molina","potentialAction":[{"@type":"SearchAction","target":{"@type":"EntryPoint","urlTemplate":"https:\/\/parcodellecascate.it\/?s={search_term_string}"},"query-input":"required name=search_term_string"}],"inLanguage":"de"}]}},"_links":{"self":[{"href":"https:\/\/parcodellecascate.it\/de\/wp-json\/wp\/v2\/pages\/87483","targetHints":{"allow":["GET"]}}],"collection":[{"href":"https:\/\/parcodellecascate.it\/de\/wp-json\/wp\/v2\/pages"}],"about":[{"href":"https:\/\/parcodellecascate.it\/de\/wp-json\/wp\/v2\/types\/page"}],"author":[{"embeddable":true,"href":"https:\/\/parcodellecascate.it\/de\/wp-json\/wp\/v2\/users\/1"}],"replies":[{"embeddable":true,"href":"https:\/\/parcodellecascate.it\/de\/wp-json\/wp\/v2\/comments?post=87483"}],"version-history":[{"count":6,"href":"https:\/\/parcodellecascate.it\/de\/wp-json\/wp\/v2\/pages\/87483\/revisions"}],"predecessor-version":[{"id":88228,"href":"https:\/\/parcodellecascate.it\/de\/wp-json\/wp\/v2\/pages\/87483\/revisions\/88228"}],"up":[{"embeddable":true,"href":"https:\/\/parcodellecascate.it\/de\/wp-json\/wp\/v2\/pages\/87371"}],"wp:attachment":[{"href":"https:\/\/parcodellecascate.it\/de\/wp-json\/wp\/v2\/media?parent=87483"}],"curies":[{"name":"wp","href":"https:\/\/api.w.org\/{rel}","templated":true}]}}