{"id":87505,"date":"2020-02-26T10:12:13","date_gmt":"2020-02-26T10:12:13","guid":{"rendered":"https:\/\/parcodellecascate.it\/planen-sie-ihren-besuch\/dove-dormire\/"},"modified":"2022-09-07T10:43:29","modified_gmt":"2022-09-07T10:43:29","slug":"uebernachtungsmoeglichkeiten","status":"publish","type":"page","link":"https:\/\/parcodellecascate.it\/de\/planen-sie-ihren-besuch\/uebernachtungsmoeglichkeiten\/","title":{"rendered":"\u00dcbernachtungsm\u00f6glichkeiten"},"content":{"rendered":"<div class=\"wpb-content-wrapper\"><p>[vc_row unlock_row_content=&#8220;yes&#8220; row_height_percent=&#8220;0&#8243; override_padding=&#8220;yes&#8220; h_padding=&#8220;5&#8243; top_padding=&#8220;5&#8243; bottom_padding=&#8220;3&#8243; overlay_alpha=&#8220;50&#8243; equal_height=&#8220;yes&#8220; gutter_size=&#8220;4&#8243; column_width_percent=&#8220;100&#8243; shift_y=&#8220;0&#8243; z_index=&#8220;0&#8243; el_class=&#8220;inverted-device-order&#8220; css=&#8220;.vc_custom_1618474606227{margin-bottom: -60px !important;}&#8220;][vc_column column_width_percent=&#8220;100&#8243; gutter_size=&#8220;2&#8243; overlay_alpha=&#8220;50&#8243; shift_x=&#8220;0&#8243; shift_y=&#8220;0&#8243; shift_y_down=&#8220;0&#8243; z_index=&#8220;0&#8243; medium_width=&#8220;0&#8243; mobile_width=&#8220;0&#8243; width=&#8220;1\/3&#8243;][vc_custom_heading heading_semantic=&#8220;h6&#8243; text_size=&#8220;fontsize-133107&#8243; text_transform=&#8220;uppercase&#8220; text_color=&#8220;accent&#8220;]B&amp;B[\/vc_custom_heading][vc_custom_heading heading_semantic=&#8220;h3&#8243; text_size=&#8220;h1&#8243; subheading=&#8220;Das B&amp;B &#8222;Casa mia&#8222; befindet sich im Herzen des kleinen Dorfes Molina, das mitten im Gr\u00fcnen liegt und von B\u00e4chen mit frischem, kristallklarem Wasser umgeben ist; das B&amp;B ist ein altes Steinhaus aus dem neunzehnten Jahrhundert, das k\u00fcrzlich unter Ber\u00fccksichtigung der lokaltypischen Architektur renoviert wurde.&#8220;]B&amp;B Casa mia[\/vc_custom_heading][vc_button button_color=&#8220;color-224619&#8243; radius=&#8220;btn-circle&#8220; border_animation=&#8220;btn-ripple-in&#8220; custom_typo=&#8220;yes&#8220; font_family=&#8220;font-555555&#8243; font_weight=&#8220;600&#8243; text_transform=&#8220;uppercase&#8220; border_width=&#8220;0&#8243; link=&#8220;url:http%3A%2F%2Fwww.bbcasamia-molina.it%2F||target:%20_blank|rel:nofollow&#8220;]Zur Webseite[\/vc_button][\/vc_column][vc_column column_width_percent=&#8220;100&#8243; gutter_size=&#8220;2&#8243; overlay_alpha=&#8220;50&#8243; shift_x=&#8220;0&#8243; shift_y=&#8220;0&#8243; shift_y_down=&#8220;0&#8243; z_index=&#8220;0&#8243; medium_width=&#8220;0&#8243; mobile_width=&#8220;0&#8243; width=&#8220;1\/3&#8243;][vc_custom_heading heading_semantic=&#8220;h6&#8243; text_size=&#8220;fontsize-133107&#8243; text_transform=&#8220;uppercase&#8220; text_color=&#8220;accent&#8220;]B&amp;B[\/vc_custom_heading][vc_custom_heading heading_semantic=&#8220;h3&#8243; text_size=&#8220;h1&#8243; subheading=&#8220;Das B&amp;B&#8222;Casa Serili&#8222; ist in einem Innenhof aus lokalem Stein, &#8222;Pietra della Lessinia&#8222;, zu finden, in den man durch einen charakteristischen Bogen, ebenfalls aus Stein, gelangt.<br \/>\nDas alte Bauernhaus der Familie Sega wurde 2012 renoviert und bietet eine schlichte und<br \/>\neinladende Einrichtung.&#8220;]B&amp;B Casa Serili[\/vc_custom_heading][vc_button button_color=&#8220;color-224619&#8243; radius=&#8220;btn-circle&#8220; border_animation=&#8220;btn-ripple-in&#8220; custom_typo=&#8220;yes&#8220; font_family=&#8220;font-555555&#8243; font_weight=&#8220;600&#8243; text_transform=&#8220;uppercase&#8220; border_width=&#8220;0&#8243; link=&#8220;url:http%3A%2F%2Fwww.bbcasaserili.com%2F||target:%20_blank|rel:nofollow&#8220;]Zur Webseite[\/vc_button][\/vc_column][vc_column column_width_percent=&#8220;100&#8243; gutter_size=&#8220;2&#8243; overlay_alpha=&#8220;50&#8243; shift_x=&#8220;0&#8243; shift_y=&#8220;0&#8243; shift_y_down=&#8220;0&#8243; z_index=&#8220;0&#8243; medium_width=&#8220;0&#8243; mobile_width=&#8220;0&#8243; width=&#8220;1\/3&#8243;][vc_custom_heading heading_semantic=&#8220;h6&#8243; text_size=&#8220;fontsize-133107&#8243; text_transform=&#8220;uppercase&#8220; text_color=&#8220;accent&#8220;]B&amp;B[\/vc_custom_heading][vc_custom_heading heading_semantic=&#8220;h3&#8243; text_size=&#8220;h1&#8243; subheading=&#8220;Das B&amp;B &#8222;Corte Vigo&#8222; liegt im Dorfkern, in einem alten Hof mit Blick auf die gr\u00fcnen<br \/>\nLessinischen Berge. Das B&amp;B bietet seinen G\u00e4sten zwei Zimmer mit separatem Eingang<br \/>\nund eigenem Bad und ist mit einer Kochnische ausgestattet.&#8220;]B&amp;B Corte Vigo[\/vc_custom_heading][vc_button button_color=&#8220;color-224619&#8243; radius=&#8220;btn-circle&#8220; border_animation=&#8220;btn-ripple-in&#8220; custom_typo=&#8220;yes&#8220; font_family=&#8220;font-555555&#8243; font_weight=&#8220;600&#8243; text_transform=&#8220;uppercase&#8220; border_width=&#8220;0&#8243; link=&#8220;url:https%3A%2F%2Fbedandbreakfastamolina.it||target:%20_blank|rel:nofollow&#8220;]Zur Webseite[\/vc_button][\/vc_column][\/vc_row][vc_row unlock_row_content=&#8220;yes&#8220; row_height_percent=&#8220;0&#8243; override_padding=&#8220;yes&#8220; h_padding=&#8220;5&#8243; top_padding=&#8220;3&#8243; bottom_padding=&#8220;3&#8243; overlay_alpha=&#8220;50&#8243; equal_height=&#8220;yes&#8220; gutter_size=&#8220;4&#8243; column_width_percent=&#8220;100&#8243; shift_y=&#8220;0&#8243; z_index=&#8220;0&#8243; el_class=&#8220;inverted-device-order&#8220; css=&#8220;.vc_custom_1620981439932{margin-bottom: -25px !important;}&#8220;][vc_column column_width_percent=&#8220;100&#8243; gutter_size=&#8220;2&#8243; overlay_alpha=&#8220;50&#8243; shift_x=&#8220;0&#8243; shift_y=&#8220;0&#8243; shift_y_down=&#8220;0&#8243; z_index=&#8220;0&#8243; medium_width=&#8220;0&#8243; mobile_width=&#8220;0&#8243; width=&#8220;1\/3&#8243;][vc_custom_heading heading_semantic=&#8220;h6&#8243; text_size=&#8220;fontsize-133107&#8243; text_transform=&#8220;uppercase&#8220; text_color=&#8220;accent&#8220;]B&amp;B[\/vc_custom_heading][vc_custom_heading heading_semantic=&#8220;h3&#8243; text_size=&#8220;h1&#8243; subheading=&#8220;Corte dei Sarti<br \/>\nDas B&amp;B Corte dei Sarti befindet sich im Dorfkern. Von der Terrasse des Hauses aus<br \/>\nk\u00f6nnen Sie die wundersch\u00f6ne Landschaft der Lessinischen Berge bewundern.&#8220;]B&amp;B Corte dei Sarti[\/vc_custom_heading][vc_button button_color=&#8220;color-224619&#8243; radius=&#8220;btn-circle&#8220; border_animation=&#8220;btn-ripple-in&#8220; custom_typo=&#8220;yes&#8220; font_family=&#8220;font-555555&#8243; font_weight=&#8220;600&#8243; text_transform=&#8220;uppercase&#8220; border_width=&#8220;0&#8243; link=&#8220;url:http%3A%2F%2Fwww.bbcortedeisarti.it%2Fhome.asp||target:%20_blank|rel:nofollow&#8220;]Zur Webseite[\/vc_button][\/vc_column][vc_column column_width_percent=&#8220;100&#8243; gutter_size=&#8220;2&#8243; overlay_alpha=&#8220;50&#8243; shift_x=&#8220;0&#8243; shift_y=&#8220;0&#8243; shift_y_down=&#8220;0&#8243; z_index=&#8220;0&#8243; medium_width=&#8220;0&#8243; mobile_width=&#8220;0&#8243; width=&#8220;1\/3&#8243;][vc_custom_heading heading_semantic=&#8220;h6&#8243; text_size=&#8220;fontsize-133107&#8243; text_transform=&#8220;uppercase&#8220; text_color=&#8220;accent&#8220;]M\u00dcHLE MIT G\u00c4STEZIMMERN[\/vc_custom_heading][vc_custom_heading heading_semantic=&#8220;h3&#8243; text_size=&#8220;h1&#8243; subheading=&#8220;Organisieren Sie Ihre \u00dcbernachtung in einer noch in Betrieb befindlichen M\u00fchle, eingebettet in eine nat\u00fcrliche Umgebung von au\u00dfergew\u00f6hnlichem Charme.&#8220;]Veraghi-M\u00fchle[\/vc_custom_heading][vc_button button_color=&#8220;color-224619&#8243; radius=&#8220;btn-circle&#8220; border_animation=&#8220;btn-ripple-in&#8220; custom_typo=&#8220;yes&#8220; font_family=&#8220;font-555555&#8243; font_weight=&#8220;600&#8243; text_transform=&#8220;uppercase&#8220; border_width=&#8220;0&#8243; link=&#8220;url:https%3A%2F%2Fterredimolina.it%2Fil-mulino-dei-veraghi%2F%20|target:_blank|rel:nofollow&#8220;]Zur Webseite[\/vc_button][\/vc_column][vc_column column_width_percent=&#8220;100&#8243; gutter_size=&#8220;2&#8243; overlay_alpha=&#8220;50&#8243; shift_x=&#8220;0&#8243; shift_y=&#8220;0&#8243; shift_y_down=&#8220;0&#8243; z_index=&#8220;0&#8243; medium_width=&#8220;0&#8243; mobile_width=&#8220;0&#8243; width=&#8220;1\/3&#8243;][\/vc_column][\/vc_row][vc_row unlock_row_content=&#8220;yes&#8220; row_height_percent=&#8220;0&#8243; override_padding=&#8220;yes&#8220; h_padding=&#8220;5&#8243; top_padding=&#8220;2&#8243; bottom_padding=&#8220;3&#8243; overlay_alpha=&#8220;50&#8243; equal_height=&#8220;yes&#8220; gutter_size=&#8220;4&#8243; column_width_percent=&#8220;100&#8243; shift_y=&#8220;0&#8243; z_index=&#8220;0&#8243; el_class=&#8220;inverted-device-order&#8220; css=&#8220;.vc_custom_1620981486420{margin-bottom: -25px !important;}&#8220;][vc_column column_width_percent=&#8220;100&#8243; gutter_size=&#8220;2&#8243; overlay_alpha=&#8220;50&#8243; shift_x=&#8220;0&#8243; shift_y=&#8220;0&#8243; shift_y_down=&#8220;0&#8243; z_index=&#8220;0&#8243; medium_width=&#8220;0&#8243; mobile_width=&#8220;0&#8243; width=&#8220;1\/3&#8243;][vc_custom_heading heading_semantic=&#8220;h6&#8243; text_size=&#8220;fontsize-133107&#8243; text_transform=&#8220;uppercase&#8220; text_color=&#8220;accent&#8220;]WOHNMOBILE[\/vc_custom_heading][vc_custom_heading heading_semantic=&#8220;h3&#8243; text_size=&#8220;h1&#8243; subheading=&#8220;Wenn Sie mit dem Wohnmobil nach Molina fahren, steht ein kostenloser Parkplatz oberhalb des Dorfes zur Verf\u00fcgung (auch nachts\u00fcber). Bitte beachten Sie die Parkhinweise, damit die angrenzenden Pl\u00e4tze frei bleiben.&#8220;]WOHNMOBILE[\/vc_custom_heading][\/vc_column][vc_column column_width_percent=&#8220;100&#8243; gutter_size=&#8220;2&#8243; overlay_alpha=&#8220;50&#8243; shift_x=&#8220;0&#8243; shift_y=&#8220;0&#8243; shift_y_down=&#8220;0&#8243; z_index=&#8220;0&#8243; medium_width=&#8220;0&#8243; mobile_width=&#8220;0&#8243; width=&#8220;1\/3&#8243;][\/vc_column][vc_column column_width_percent=&#8220;100&#8243; gutter_size=&#8220;2&#8243; overlay_alpha=&#8220;50&#8243; shift_x=&#8220;0&#8243; shift_y=&#8220;0&#8243; shift_y_down=&#8220;0&#8243; z_index=&#8220;0&#8243; medium_width=&#8220;0&#8243; mobile_width=&#8220;0&#8243; width=&#8220;1\/3&#8243;][\/vc_column][\/vc_row]<\/p>\n<\/div>","protected":false},"excerpt":{"rendered":"<p>[vc_row unlock_row_content=&#8220;yes&#8220; row_height_percent=&#8220;0&#8243; override_padding=&#8220;yes&#8220; h_padding=&#8220;5&#8243; top_padding=&#8220;5&#8243; bottom_padding=&#8220;3&#8243; overlay_alpha=&#8220;50&#8243; equal_height=&#8220;yes&#8220; gutter_size=&#8220;4&#8243; column_width_percent=&#8220;100&#8243; shift_y=&#8220;0&#8243; z_index=&#8220;0&#8243; el_class=&#8220;inverted-device-order&#8220; css=&#8220;.vc_custom_1618474606227{margin-bottom: -60px !important;}&#8220;][vc_column column_width_percent=&#8220;100&#8243; gutter_size=&#8220;2&#8243; overlay_alpha=&#8220;50&#8243; [&hellip;]<\/p>\n","protected":false},"author":1,"featured_media":0,"parent":87489,"menu_order":0,"comment_status":"closed","ping_status":"closed","template":"","meta":{"footnotes":""},"class_list":["post-87505","page","type-page","status-publish","hentry"],"yoast_head":"<!-- This site is optimized with the Yoast SEO plugin v22.5 - https:\/\/yoast.com\/wordpress\/plugins\/seo\/ -->\n<title>\u00dcbernachtungsm\u00f6glichkeiten - Parco delle Cascate<\/title>\n<meta name=\"robots\" content=\"index, follow, max-snippet:-1, max-image-preview:large, max-video-preview:-1\" \/>\n<link rel=\"canonical\" href=\"https:\/\/parcodellecascate.it\/de\/planen-sie-ihren-besuch\/uebernachtungsmoeglichkeiten\/\" \/>\n<meta property=\"og:locale\" content=\"de_DE\" \/>\n<meta property=\"og:type\" content=\"article\" \/>\n<meta property=\"og:title\" content=\"\u00dcbernachtungsm\u00f6glichkeiten - Parco delle Cascate\" \/>\n<meta property=\"og:description\" content=\"[vc_row unlock_row_content=&#8220;yes&#8220; row_height_percent=&#8220;0&#8243; override_padding=&#8220;yes&#8220; h_padding=&#8220;5&#8243; top_padding=&#8220;5&#8243; bottom_padding=&#8220;3&#8243; overlay_alpha=&#8220;50&#8243; equal_height=&#8220;yes&#8220; gutter_size=&#8220;4&#8243; column_width_percent=&#8220;100&#8243; shift_y=&#8220;0&#8243; z_index=&#8220;0&#8243; el_class=&#8220;inverted-device-order&#8220; css=&#8220;.vc_custom_1618474606227{margin-bottom: -60px !important;}&#8220;][vc_column column_width_percent=&#8220;100&#8243; gutter_size=&#8220;2&#8243; overlay_alpha=&#8220;50&#8243; [&hellip;]\" \/>\n<meta property=\"og:url\" content=\"https:\/\/parcodellecascate.it\/de\/planen-sie-ihren-besuch\/uebernachtungsmoeglichkeiten\/\" \/>\n<meta property=\"og:site_name\" content=\"Parco delle Cascate\" \/>\n<meta property=\"article:modified_time\" content=\"2022-09-07T10:43:29+00:00\" \/>\n<meta name=\"twitter:card\" content=\"summary_large_image\" \/>\n<meta name=\"twitter:label1\" content=\"Gesch\u00e4tzte Lesezeit\" \/>\n\t<meta name=\"twitter:data1\" content=\"3\u00a0Minuten\" \/>\n<script type=\"application\/ld+json\" class=\"yoast-schema-graph\">{\"@context\":\"https:\/\/schema.org\",\"@graph\":[{\"@type\":\"WebPage\",\"@id\":\"https:\/\/parcodellecascate.it\/de\/planen-sie-ihren-besuch\/uebernachtungsmoeglichkeiten\/\",\"url\":\"https:\/\/parcodellecascate.it\/de\/planen-sie-ihren-besuch\/uebernachtungsmoeglichkeiten\/\",\"name\":\"\u00dcbernachtungsm\u00f6glichkeiten - Parco delle Cascate\",\"isPartOf\":{\"@id\":\"https:\/\/parcodellecascate.it\/#website\"},\"datePublished\":\"2020-02-26T10:12:13+00:00\",\"dateModified\":\"2022-09-07T10:43:29+00:00\",\"breadcrumb\":{\"@id\":\"https:\/\/parcodellecascate.it\/de\/planen-sie-ihren-besuch\/uebernachtungsmoeglichkeiten\/#breadcrumb\"},\"inLanguage\":\"de\",\"potentialAction\":[{\"@type\":\"ReadAction\",\"target\":[\"https:\/\/parcodellecascate.it\/de\/planen-sie-ihren-besuch\/uebernachtungsmoeglichkeiten\/\"]}]},{\"@type\":\"BreadcrumbList\",\"@id\":\"https:\/\/parcodellecascate.it\/de\/planen-sie-ihren-besuch\/uebernachtungsmoeglichkeiten\/#breadcrumb\",\"itemListElement\":[{\"@type\":\"ListItem\",\"position\":1,\"name\":\"Home\",\"item\":\"https:\/\/parcodellecascate.it\/de\/\"},{\"@type\":\"ListItem\",\"position\":2,\"name\":\"Planen sie ihren Besuch\",\"item\":\"https:\/\/parcodellecascate.it\/de\/planen-sie-ihren-besuch\/\"},{\"@type\":\"ListItem\",\"position\":3,\"name\":\"\u00dcbernachtungsm\u00f6glichkeiten\"}]},{\"@type\":\"WebSite\",\"@id\":\"https:\/\/parcodellecascate.it\/#website\",\"url\":\"https:\/\/parcodellecascate.it\/\",\"name\":\"Parco delle Cascate\",\"description\":\"Vivere Molina\",\"potentialAction\":[{\"@type\":\"SearchAction\",\"target\":{\"@type\":\"EntryPoint\",\"urlTemplate\":\"https:\/\/parcodellecascate.it\/?s={search_term_string}\"},\"query-input\":\"required name=search_term_string\"}],\"inLanguage\":\"de\"}]}<\/script>\n<!-- \/ Yoast SEO plugin. -->","yoast_head_json":{"title":"\u00dcbernachtungsm\u00f6glichkeiten - Parco delle Cascate","robots":{"index":"index","follow":"follow","max-snippet":"max-snippet:-1","max-image-preview":"max-image-preview:large","max-video-preview":"max-video-preview:-1"},"canonical":"https:\/\/parcodellecascate.it\/de\/planen-sie-ihren-besuch\/uebernachtungsmoeglichkeiten\/","og_locale":"de_DE","og_type":"article","og_title":"\u00dcbernachtungsm\u00f6glichkeiten - Parco delle Cascate","og_description":"[vc_row unlock_row_content=&#8220;yes&#8220; row_height_percent=&#8220;0&#8243; override_padding=&#8220;yes&#8220; h_padding=&#8220;5&#8243; top_padding=&#8220;5&#8243; bottom_padding=&#8220;3&#8243; overlay_alpha=&#8220;50&#8243; equal_height=&#8220;yes&#8220; gutter_size=&#8220;4&#8243; column_width_percent=&#8220;100&#8243; shift_y=&#8220;0&#8243; z_index=&#8220;0&#8243; el_class=&#8220;inverted-device-order&#8220; css=&#8220;.vc_custom_1618474606227{margin-bottom: -60px !important;}&#8220;][vc_column column_width_percent=&#8220;100&#8243; gutter_size=&#8220;2&#8243; overlay_alpha=&#8220;50&#8243; [&hellip;]","og_url":"https:\/\/parcodellecascate.it\/de\/planen-sie-ihren-besuch\/uebernachtungsmoeglichkeiten\/","og_site_name":"Parco delle Cascate","article_modified_time":"2022-09-07T10:43:29+00:00","twitter_card":"summary_large_image","twitter_misc":{"Gesch\u00e4tzte Lesezeit":"3\u00a0Minuten"},"schema":{"@context":"https:\/\/schema.org","@graph":[{"@type":"WebPage","@id":"https:\/\/parcodellecascate.it\/de\/planen-sie-ihren-besuch\/uebernachtungsmoeglichkeiten\/","url":"https:\/\/parcodellecascate.it\/de\/planen-sie-ihren-besuch\/uebernachtungsmoeglichkeiten\/","name":"\u00dcbernachtungsm\u00f6glichkeiten - Parco delle Cascate","isPartOf":{"@id":"https:\/\/parcodellecascate.it\/#website"},"datePublished":"2020-02-26T10:12:13+00:00","dateModified":"2022-09-07T10:43:29+00:00","breadcrumb":{"@id":"https:\/\/parcodellecascate.it\/de\/planen-sie-ihren-besuch\/uebernachtungsmoeglichkeiten\/#breadcrumb"},"inLanguage":"de","potentialAction":[{"@type":"ReadAction","target":["https:\/\/parcodellecascate.it\/de\/planen-sie-ihren-besuch\/uebernachtungsmoeglichkeiten\/"]}]},{"@type":"BreadcrumbList","@id":"https:\/\/parcodellecascate.it\/de\/planen-sie-ihren-besuch\/uebernachtungsmoeglichkeiten\/#breadcrumb","itemListElement":[{"@type":"ListItem","position":1,"name":"Home","item":"https:\/\/parcodellecascate.it\/de\/"},{"@type":"ListItem","position":2,"name":"Planen sie ihren Besuch","item":"https:\/\/parcodellecascate.it\/de\/planen-sie-ihren-besuch\/"},{"@type":"ListItem","position":3,"name":"\u00dcbernachtungsm\u00f6glichkeiten"}]},{"@type":"WebSite","@id":"https:\/\/parcodellecascate.it\/#website","url":"https:\/\/parcodellecascate.it\/","name":"Parco delle Cascate","description":"Vivere Molina","potentialAction":[{"@type":"SearchAction","target":{"@type":"EntryPoint","urlTemplate":"https:\/\/parcodellecascate.it\/?s={search_term_string}"},"query-input":"required name=search_term_string"}],"inLanguage":"de"}]}},"_links":{"self":[{"href":"https:\/\/parcodellecascate.it\/de\/wp-json\/wp\/v2\/pages\/87505","targetHints":{"allow":["GET"]}}],"collection":[{"href":"https:\/\/parcodellecascate.it\/de\/wp-json\/wp\/v2\/pages"}],"about":[{"href":"https:\/\/parcodellecascate.it\/de\/wp-json\/wp\/v2\/types\/page"}],"author":[{"embeddable":true,"href":"https:\/\/parcodellecascate.it\/de\/wp-json\/wp\/v2\/users\/1"}],"replies":[{"embeddable":true,"href":"https:\/\/parcodellecascate.it\/de\/wp-json\/wp\/v2\/comments?post=87505"}],"version-history":[{"count":5,"href":"https:\/\/parcodellecascate.it\/de\/wp-json\/wp\/v2\/pages\/87505\/revisions"}],"predecessor-version":[{"id":88233,"href":"https:\/\/parcodellecascate.it\/de\/wp-json\/wp\/v2\/pages\/87505\/revisions\/88233"}],"up":[{"embeddable":true,"href":"https:\/\/parcodellecascate.it\/de\/wp-json\/wp\/v2\/pages\/87489"}],"wp:attachment":[{"href":"https:\/\/parcodellecascate.it\/de\/wp-json\/wp\/v2\/media?parent=87505"}],"curies":[{"name":"wp","href":"https:\/\/api.w.org\/{rel}","templated":true}]}}