{"id":87510,"date":"2021-05-20T08:28:06","date_gmt":"2021-05-20T08:28:06","guid":{"rendered":"https:\/\/parcodellecascate.it\/planen-sie-ihren-besuch\/esplora-il-territorio\/"},"modified":"2022-08-30T15:55:37","modified_gmt":"2022-08-30T15:55:37","slug":"das-gebiet-erkunden","status":"publish","type":"page","link":"https:\/\/parcodellecascate.it\/de\/planen-sie-ihren-besuch\/das-gebiet-erkunden\/","title":{"rendered":"Das Gebiet Erkunden"},"content":{"rendered":"<div class=\"wpb-content-wrapper\"><p>[vc_row row_height_percent=&#8220;0&#8243; override_padding=&#8220;yes&#8220; h_padding=&#8220;2&#8243; top_padding=&#8220;2&#8243; bottom_padding=&#8220;2&#8243; overlay_alpha=&#8220;50&#8243; gutter_size=&#8220;3&#8243; column_width_percent=&#8220;100&#8243; shift_y=&#8220;0&#8243; z_index=&#8220;0&#8243;][vc_column column_width_percent=&#8220;100&#8243; align_horizontal=&#8220;align_center&#8220; gutter_size=&#8220;3&#8243; overlay_alpha=&#8220;50&#8243; shift_x=&#8220;0&#8243; shift_y=&#8220;0&#8243; shift_y_down=&#8220;0&#8243; z_index=&#8220;0&#8243; medium_width=&#8220;0&#8243; mobile_width=&#8220;0&#8243; width=&#8220;1\/1&#8243;][vc_row_inner][vc_column_inner column_width_use_pixel=&#8220;yes&#8220; align_horizontal=&#8220;align_center&#8220; gutter_size=&#8220;3&#8243; overlay_alpha=&#8220;50&#8243; shift_x=&#8220;0&#8243; shift_y=&#8220;0&#8243; shift_y_down=&#8220;0&#8243; z_index=&#8220;0&#8243; medium_width=&#8220;0&#8243; mobile_width=&#8220;0&#8243; width=&#8220;1\/1&#8243; column_width_pixel=&#8220;600&#8243;][vc_column_text]Erkunden Sie das umliegende Gebiet ganz nach Ihrem Geschmack&#8230; zu Fu\u00df, mit dem Auto, Motorrad oder mit dem Fahrrad. Hier finden Sie Vorschl\u00e4ge zum Besten, was das Valpolicella und die Lessinischen Berge zu bieten haben.[\/vc_column_text][\/vc_column_inner][\/vc_row_inner][\/vc_column][\/vc_row][vc_row row_height_percent=&#8220;0&#8243; override_padding=&#8220;yes&#8220; h_padding=&#8220;2&#8243; top_padding=&#8220;5&#8243; bottom_padding=&#8220;0&#8243; overlay_alpha=&#8220;50&#8243; equal_height=&#8220;yes&#8220; gutter_size=&#8220;3&#8243; column_width_percent=&#8220;100&#8243; shift_y=&#8220;0&#8243; z_index=&#8220;0&#8243; el_class=&#8220;inverted-device-order&#8220;][vc_column column_width_percent=&#8220;100&#8243; position_vertical=&#8220;middle&#8220; gutter_size=&#8220;3&#8243; override_padding=&#8220;yes&#8220; column_padding=&#8220;3&#8243; back_color=&#8220;color-gyho&#8220; overlay_alpha=&#8220;50&#8243; shift_x=&#8220;0&#8243; shift_y=&#8220;0&#8243; shift_y_down=&#8220;0&#8243; z_index=&#8220;0&#8243; medium_width=&#8220;0&#8243; mobile_width=&#8220;0&#8243; radius=&#8220;sm&#8220; width=&#8220;1\/3&#8243;][vc_single_image media=&#8220;85710&#8243; media_width_percent=&#8220;40&#8243; alignment=&#8220;center&#8220;][vc_custom_heading heading_semantic=&#8220;h3&#8243; text_size=&#8220;h3&#8243; subheading=&#8220;Auf Entdeckungsreise: Kunst, Tradition und Schmackhaftes aus dem Valpolicella&#8220;]Strada del vino Valpolicella[\/vc_custom_heading][vc_button button_color=&#8220;color-224619&#8243; radius=&#8220;btn-circle&#8220; border_animation=&#8220;btn-ripple-in&#8220; custom_typo=&#8220;yes&#8220; font_family=&#8220;font-555555&#8243; font_weight=&#8220;600&#8243; text_transform=&#8220;uppercase&#8220; border_width=&#8220;0&#8243; link=&#8220;url:http%3A%2F%2Fh%C6%A9ps%3A%2F%2Fwww.stradadelvinovalpolicella.it%2Fde%2Fhome|target:_blank&#8220;]Zur Webseite:[\/vc_button][\/vc_column][vc_column column_width_percent=&#8220;100&#8243; gutter_size=&#8220;3&#8243; override_padding=&#8220;yes&#8220; column_padding=&#8220;3&#8243; back_color=&#8220;color-gyho&#8220; overlay_alpha=&#8220;50&#8243; shift_x=&#8220;0&#8243; shift_y=&#8220;0&#8243; shift_y_down=&#8220;0&#8243; z_index=&#8220;0&#8243; medium_width=&#8220;0&#8243; mobile_width=&#8220;0&#8243; radius=&#8220;sm&#8220; width=&#8220;1\/3&#8243;][vc_single_image media=&#8220;85712&#8243; media_width_percent=&#8220;60&#8243; alignment=&#8220;center&#8220;][vc_custom_heading heading_semantic=&#8220;h3&#8243; text_size=&#8220;h3&#8243; subheading=&#8220;Touristen-Informationsb\u00fcro im Valpolicella&#8220;]Consorzio pro loco della Valpolicella[\/vc_custom_heading][vc_button button_color=&#8220;color-224619&#8243; radius=&#8220;btn-circle&#8220; border_animation=&#8220;btn-ripple-in&#8220; custom_typo=&#8220;yes&#8220; font_family=&#8220;font-555555&#8243; font_weight=&#8220;600&#8243; text_transform=&#8220;uppercase&#8220; border_width=&#8220;0&#8243; link=&#8220;url:https%3A%2F%2Fwww.valpolicellaweb.it%2F|target:_blank&#8220;]Zur Webseite[\/vc_button][\/vc_column][vc_column column_width_percent=&#8220;100&#8243; gutter_size=&#8220;3&#8243; override_padding=&#8220;yes&#8220; column_padding=&#8220;3&#8243; back_color=&#8220;color-xsdn&#8220; overlay_alpha=&#8220;50&#8243; shift_x=&#8220;0&#8243; shift_y=&#8220;0&#8243; shift_y_down=&#8220;0&#8243; z_index=&#8220;0&#8243; medium_width=&#8220;0&#8243; mobile_visibility=&#8220;yes&#8220; mobile_width=&#8220;0&#8243; radius=&#8220;sm&#8220; width=&#8220;1\/3&#8243;][\/vc_column][\/vc_row][vc_row row_height_percent=&#8220;0&#8243; override_padding=&#8220;yes&#8220; h_padding=&#8220;2&#8243; top_padding=&#8220;2&#8243; bottom_padding=&#8220;5&#8243; overlay_alpha=&#8220;50&#8243; equal_height=&#8220;yes&#8220; gutter_size=&#8220;3&#8243; column_width_percent=&#8220;100&#8243; shift_y=&#8220;0&#8243; z_index=&#8220;0&#8243; el_class=&#8220;inverted-device-order&#8220;][vc_column column_width_percent=&#8220;100&#8243; gutter_size=&#8220;3&#8243; override_padding=&#8220;yes&#8220; column_padding=&#8220;3&#8243; back_color=&#8220;color-gyho&#8220; overlay_alpha=&#8220;50&#8243; shift_x=&#8220;0&#8243; shift_y=&#8220;0&#8243; shift_y_down=&#8220;0&#8243; z_index=&#8220;0&#8243; medium_width=&#8220;0&#8243; mobile_width=&#8220;0&#8243; radius=&#8220;sm&#8220; width=&#8220;1\/3&#8243;][vc_single_image media=&#8220;85720&#8243; media_width_percent=&#8220;80&#8243; alignment=&#8220;center&#8220;][vc_custom_heading heading_semantic=&#8220;h3&#8243; text_size=&#8220;h3&#8243; subheading=&#8220;N\u00e4heres zum Regionalen Naturschutzpark der Lessinischen Berge&#8220;]Parco regionale Lessinia[\/vc_custom_heading][vc_button button_color=&#8220;color-224619&#8243; radius=&#8220;btn-circle&#8220; border_animation=&#8220;btn-ripple-in&#8220; custom_typo=&#8220;yes&#8220; font_family=&#8220;font-555555&#8243; font_weight=&#8220;600&#8243; text_transform=&#8220;uppercase&#8220; border_width=&#8220;0&#8243; link=&#8220;url:http%3A%2F%2Fh%C6%A9p%3A%2F%2Fwww.parks.it%2Fparco.lessinia%2FEindex.php|target:_blank&#8220;]Zur Webseite[\/vc_button][\/vc_column][vc_column column_width_percent=&#8220;100&#8243; position_vertical=&#8220;middle&#8220; gutter_size=&#8220;3&#8243; override_padding=&#8220;yes&#8220; column_padding=&#8220;3&#8243; back_color=&#8220;color-gyho&#8220; overlay_alpha=&#8220;50&#8243; shift_x=&#8220;0&#8243; shift_y=&#8220;0&#8243; shift_y_down=&#8220;0&#8243; z_index=&#8220;0&#8243; medium_width=&#8220;0&#8243; mobile_width=&#8220;0&#8243; radius=&#8220;sm&#8220; width=&#8220;1\/3&#8243;][vc_single_image media=&#8220;85736&#8243; media_width_percent=&#8220;65&#8243; alignment=&#8220;center&#8220;][vc_custom_heading heading_semantic=&#8220;h3&#8243; text_size=&#8220;h3&#8243; subheading=&#8220;Die Lessinischen Berge, ihre wundersch\u00f6nen Wanderwege, Ausfl\u00fcge, Museen, K\u00f6stlichkeiten, Verpflegungs- und \u00dcbernachtungsm\u00f6glichkeiten&#8220;]Alta Lessinia[\/vc_custom_heading][vc_button button_color=&#8220;color-224619&#8243; radius=&#8220;btn-circle&#8220; border_animation=&#8220;btn-ripple-in&#8220; custom_typo=&#8220;yes&#8220; font_family=&#8220;font-555555&#8243; font_weight=&#8220;600&#8243; text_transform=&#8220;uppercase&#8220; border_width=&#8220;0&#8243; link=&#8220;url:https%3A%2F%2Fwww.altalessinia.com%2Fde%2F|target:_blank&#8220;]Zur Webseite[\/vc_button][\/vc_column][vc_column column_width_percent=&#8220;100&#8243; gutter_size=&#8220;3&#8243; override_padding=&#8220;yes&#8220; column_padding=&#8220;3&#8243; back_color=&#8220;color-xsdn&#8220; overlay_alpha=&#8220;50&#8243; shift_x=&#8220;0&#8243; shift_y=&#8220;0&#8243; shift_y_down=&#8220;0&#8243; z_index=&#8220;0&#8243; medium_width=&#8220;0&#8243; mobile_visibility=&#8220;yes&#8220; mobile_width=&#8220;0&#8243; radius=&#8220;sm&#8220; width=&#8220;1\/3&#8243;][\/vc_column][\/vc_row]<\/p>\n<\/div>","protected":false},"excerpt":{"rendered":"<p>[vc_row row_height_percent=&#8220;0&#8243; override_padding=&#8220;yes&#8220; h_padding=&#8220;2&#8243; top_padding=&#8220;2&#8243; bottom_padding=&#8220;2&#8243; overlay_alpha=&#8220;50&#8243; gutter_size=&#8220;3&#8243; column_width_percent=&#8220;100&#8243; shift_y=&#8220;0&#8243; z_index=&#8220;0&#8243;][vc_column column_width_percent=&#8220;100&#8243; align_horizontal=&#8220;align_center&#8220; gutter_size=&#8220;3&#8243; overlay_alpha=&#8220;50&#8243; shift_x=&#8220;0&#8243; shift_y=&#8220;0&#8243; shift_y_down=&#8220;0&#8243; z_index=&#8220;0&#8243; medium_width=&#8220;0&#8243; [&hellip;]<\/p>\n","protected":false},"author":1,"featured_media":0,"parent":87489,"menu_order":0,"comment_status":"closed","ping_status":"closed","template":"","meta":{"footnotes":""},"class_list":["post-87510","page","type-page","status-publish","hentry"],"yoast_head":"<!-- This site is optimized with the Yoast SEO plugin v22.5 - https:\/\/yoast.com\/wordpress\/plugins\/seo\/ -->\n<title>Das Gebiet Erkunden - Parco delle Cascate<\/title>\n<meta name=\"robots\" content=\"index, follow, max-snippet:-1, max-image-preview:large, max-video-preview:-1\" \/>\n<link rel=\"canonical\" href=\"https:\/\/parcodellecascate.it\/de\/planen-sie-ihren-besuch\/das-gebiet-erkunden\/\" \/>\n<meta property=\"og:locale\" content=\"de_DE\" \/>\n<meta property=\"og:type\" content=\"article\" \/>\n<meta property=\"og:title\" content=\"Das Gebiet Erkunden - Parco delle Cascate\" \/>\n<meta property=\"og:description\" content=\"[vc_row row_height_percent=&#8220;0&#8243; override_padding=&#8220;yes&#8220; h_padding=&#8220;2&#8243; top_padding=&#8220;2&#8243; bottom_padding=&#8220;2&#8243; overlay_alpha=&#8220;50&#8243; gutter_size=&#8220;3&#8243; column_width_percent=&#8220;100&#8243; shift_y=&#8220;0&#8243; z_index=&#8220;0&#8243;][vc_column column_width_percent=&#8220;100&#8243; align_horizontal=&#8220;align_center&#8220; gutter_size=&#8220;3&#8243; overlay_alpha=&#8220;50&#8243; shift_x=&#8220;0&#8243; shift_y=&#8220;0&#8243; shift_y_down=&#8220;0&#8243; z_index=&#8220;0&#8243; medium_width=&#8220;0&#8243; [&hellip;]\" \/>\n<meta property=\"og:url\" content=\"https:\/\/parcodellecascate.it\/de\/planen-sie-ihren-besuch\/das-gebiet-erkunden\/\" \/>\n<meta property=\"og:site_name\" content=\"Parco delle Cascate\" \/>\n<meta property=\"article:modified_time\" content=\"2022-08-30T15:55:37+00:00\" \/>\n<meta name=\"twitter:card\" content=\"summary_large_image\" \/>\n<meta name=\"twitter:label1\" content=\"Gesch\u00e4tzte Lesezeit\" \/>\n\t<meta name=\"twitter:data1\" content=\"2\u00a0Minuten\" \/>\n<script type=\"application\/ld+json\" class=\"yoast-schema-graph\">{\"@context\":\"https:\/\/schema.org\",\"@graph\":[{\"@type\":\"WebPage\",\"@id\":\"https:\/\/parcodellecascate.it\/de\/planen-sie-ihren-besuch\/das-gebiet-erkunden\/\",\"url\":\"https:\/\/parcodellecascate.it\/de\/planen-sie-ihren-besuch\/das-gebiet-erkunden\/\",\"name\":\"Das Gebiet Erkunden - Parco delle Cascate\",\"isPartOf\":{\"@id\":\"https:\/\/parcodellecascate.it\/#website\"},\"datePublished\":\"2021-05-20T08:28:06+00:00\",\"dateModified\":\"2022-08-30T15:55:37+00:00\",\"breadcrumb\":{\"@id\":\"https:\/\/parcodellecascate.it\/de\/planen-sie-ihren-besuch\/das-gebiet-erkunden\/#breadcrumb\"},\"inLanguage\":\"de\",\"potentialAction\":[{\"@type\":\"ReadAction\",\"target\":[\"https:\/\/parcodellecascate.it\/de\/planen-sie-ihren-besuch\/das-gebiet-erkunden\/\"]}]},{\"@type\":\"BreadcrumbList\",\"@id\":\"https:\/\/parcodellecascate.it\/de\/planen-sie-ihren-besuch\/das-gebiet-erkunden\/#breadcrumb\",\"itemListElement\":[{\"@type\":\"ListItem\",\"position\":1,\"name\":\"Home\",\"item\":\"https:\/\/parcodellecascate.it\/de\/\"},{\"@type\":\"ListItem\",\"position\":2,\"name\":\"Planen sie ihren Besuch\",\"item\":\"https:\/\/parcodellecascate.it\/de\/planen-sie-ihren-besuch\/\"},{\"@type\":\"ListItem\",\"position\":3,\"name\":\"Das Gebiet Erkunden\"}]},{\"@type\":\"WebSite\",\"@id\":\"https:\/\/parcodellecascate.it\/#website\",\"url\":\"https:\/\/parcodellecascate.it\/\",\"name\":\"Parco delle Cascate\",\"description\":\"Vivere Molina\",\"potentialAction\":[{\"@type\":\"SearchAction\",\"target\":{\"@type\":\"EntryPoint\",\"urlTemplate\":\"https:\/\/parcodellecascate.it\/?s={search_term_string}\"},\"query-input\":\"required name=search_term_string\"}],\"inLanguage\":\"de\"}]}<\/script>\n<!-- \/ Yoast SEO plugin. -->","yoast_head_json":{"title":"Das Gebiet Erkunden - Parco delle Cascate","robots":{"index":"index","follow":"follow","max-snippet":"max-snippet:-1","max-image-preview":"max-image-preview:large","max-video-preview":"max-video-preview:-1"},"canonical":"https:\/\/parcodellecascate.it\/de\/planen-sie-ihren-besuch\/das-gebiet-erkunden\/","og_locale":"de_DE","og_type":"article","og_title":"Das Gebiet Erkunden - Parco delle Cascate","og_description":"[vc_row row_height_percent=&#8220;0&#8243; override_padding=&#8220;yes&#8220; h_padding=&#8220;2&#8243; top_padding=&#8220;2&#8243; bottom_padding=&#8220;2&#8243; overlay_alpha=&#8220;50&#8243; gutter_size=&#8220;3&#8243; column_width_percent=&#8220;100&#8243; shift_y=&#8220;0&#8243; z_index=&#8220;0&#8243;][vc_column column_width_percent=&#8220;100&#8243; align_horizontal=&#8220;align_center&#8220; gutter_size=&#8220;3&#8243; overlay_alpha=&#8220;50&#8243; shift_x=&#8220;0&#8243; shift_y=&#8220;0&#8243; shift_y_down=&#8220;0&#8243; z_index=&#8220;0&#8243; medium_width=&#8220;0&#8243; [&hellip;]","og_url":"https:\/\/parcodellecascate.it\/de\/planen-sie-ihren-besuch\/das-gebiet-erkunden\/","og_site_name":"Parco delle Cascate","article_modified_time":"2022-08-30T15:55:37+00:00","twitter_card":"summary_large_image","twitter_misc":{"Gesch\u00e4tzte Lesezeit":"2\u00a0Minuten"},"schema":{"@context":"https:\/\/schema.org","@graph":[{"@type":"WebPage","@id":"https:\/\/parcodellecascate.it\/de\/planen-sie-ihren-besuch\/das-gebiet-erkunden\/","url":"https:\/\/parcodellecascate.it\/de\/planen-sie-ihren-besuch\/das-gebiet-erkunden\/","name":"Das Gebiet Erkunden - Parco delle Cascate","isPartOf":{"@id":"https:\/\/parcodellecascate.it\/#website"},"datePublished":"2021-05-20T08:28:06+00:00","dateModified":"2022-08-30T15:55:37+00:00","breadcrumb":{"@id":"https:\/\/parcodellecascate.it\/de\/planen-sie-ihren-besuch\/das-gebiet-erkunden\/#breadcrumb"},"inLanguage":"de","potentialAction":[{"@type":"ReadAction","target":["https:\/\/parcodellecascate.it\/de\/planen-sie-ihren-besuch\/das-gebiet-erkunden\/"]}]},{"@type":"BreadcrumbList","@id":"https:\/\/parcodellecascate.it\/de\/planen-sie-ihren-besuch\/das-gebiet-erkunden\/#breadcrumb","itemListElement":[{"@type":"ListItem","position":1,"name":"Home","item":"https:\/\/parcodellecascate.it\/de\/"},{"@type":"ListItem","position":2,"name":"Planen sie ihren Besuch","item":"https:\/\/parcodellecascate.it\/de\/planen-sie-ihren-besuch\/"},{"@type":"ListItem","position":3,"name":"Das Gebiet Erkunden"}]},{"@type":"WebSite","@id":"https:\/\/parcodellecascate.it\/#website","url":"https:\/\/parcodellecascate.it\/","name":"Parco delle Cascate","description":"Vivere Molina","potentialAction":[{"@type":"SearchAction","target":{"@type":"EntryPoint","urlTemplate":"https:\/\/parcodellecascate.it\/?s={search_term_string}"},"query-input":"required name=search_term_string"}],"inLanguage":"de"}]}},"_links":{"self":[{"href":"https:\/\/parcodellecascate.it\/de\/wp-json\/wp\/v2\/pages\/87510","targetHints":{"allow":["GET"]}}],"collection":[{"href":"https:\/\/parcodellecascate.it\/de\/wp-json\/wp\/v2\/pages"}],"about":[{"href":"https:\/\/parcodellecascate.it\/de\/wp-json\/wp\/v2\/types\/page"}],"author":[{"embeddable":true,"href":"https:\/\/parcodellecascate.it\/de\/wp-json\/wp\/v2\/users\/1"}],"replies":[{"embeddable":true,"href":"https:\/\/parcodellecascate.it\/de\/wp-json\/wp\/v2\/comments?post=87510"}],"version-history":[{"count":5,"href":"https:\/\/parcodellecascate.it\/de\/wp-json\/wp\/v2\/pages\/87510\/revisions"}],"predecessor-version":[{"id":88235,"href":"https:\/\/parcodellecascate.it\/de\/wp-json\/wp\/v2\/pages\/87510\/revisions\/88235"}],"up":[{"embeddable":true,"href":"https:\/\/parcodellecascate.it\/de\/wp-json\/wp\/v2\/pages\/87489"}],"wp:attachment":[{"href":"https:\/\/parcodellecascate.it\/de\/wp-json\/wp\/v2\/media?parent=87510"}],"curies":[{"name":"wp","href":"https:\/\/api.w.org\/{rel}","templated":true}]}}