{"id":87529,"date":"2020-03-27T11:16:41","date_gmt":"2020-03-27T11:16:41","guid":{"rendered":"https:\/\/parcodellecascate.it\/planen-sie-ihren-besuch\/orari-apertura\/"},"modified":"2026-03-30T10:59:38","modified_gmt":"2026-03-30T10:59:38","slug":"oeffnungszeiten","status":"publish","type":"page","link":"https:\/\/parcodellecascate.it\/de\/planen-sie-ihren-besuch\/oeffnungszeiten\/","title":{"rendered":"\u00d6ffnungszeiten"},"content":{"rendered":"<div class=\"wpb-content-wrapper\"><p>[vc_row row_height_percent=&#8220;0&#8243; override_padding=&#8220;yes&#8220; h_padding=&#8220;3&#8243; top_padding=&#8220;5&#8243; bottom_padding=&#8220;5&#8243; back_color=&#8220;color-xsdn&#8220; overlay_alpha=&#8220;50&#8243; gutter_size=&#8220;3&#8243; column_width_percent=&#8220;100&#8243; shift_y=&#8220;0&#8243; z_index=&#8220;0&#8243; row_name=&#8220;Events&#8220;][vc_column column_width_percent=&#8220;100&#8243; gutter_size=&#8220;3&#8243; overlay_alpha=&#8220;50&#8243; shift_x=&#8220;0&#8243; shift_y=&#8220;0&#8243; shift_y_down=&#8220;0&#8243; z_index=&#8220;0&#8243; medium_width=&#8220;0&#8243; mobile_width=&#8220;0&#8243; width=&#8220;1\/1&#8243;][vc_row_inner][vc_column_inner width=&#8220;1\/1&#8243;][vc_column_text uncode_shortcode_id=&#8220;118191&#8243;]<strong>Eine Reservierung ist nicht erforderlich (au\u00dfer f\u00fcr Gruppen ab 20 Personen, f\u00fcr die eine Reservierung obligatorisch ist); der Park wird gem\u00e4\u00df den geltenden Vorschriften verwaltet, um die Sicherheit aller zu gew\u00e4hrleisten. Montags bis samstags sind die besten Tage, um sich in der Natur des Parks zu entspannen.<\/strong>[\/vc_column_text][vc_column_text uncode_shortcode_id=&#8220;184539&#8243;]ACHTUNG!<br \/>\nDer Zugang zur schwarzen Route schlie\u00dft gleichzeitig mit dem Ticketschalter. Bei schlechtem Wetter kann der Park geschlossen werden.<\/p>\n<p><strong>Vom 1. April bis zum 12. Juni 2026<\/strong><br \/>\nT\u00e4glich ge\u00f6ffnet<br \/>\nMontag-Freitag: 9 bis 18 Uhr (letzter Einlass um 16 Uhr).<br \/>\nSamstag, Sonntag und Feiertage: 9.00 bis 19.30 Uhr (letzter Einlass um 17.30 Uhr).<\/p>\n<p><strong>Vom 13. Juni bis 13. September 2026<\/strong><br \/>\nT\u00e4glich ge\u00f6ffnet von 9 bis 19.30 Uhr (letzter Einlass um 17.30 Uhr).<\/p>\n<p><strong>Vom 14. September bis 1. November 2026<\/strong><br \/>\nT\u00e4glich ge\u00f6ffnet<br \/>\nMontag-Freitag: 10 bis 18 Uhr (letzter Einlass um 16 Uhr).<\/p>\n<p><strong>Vom 2. bis 22. November 2026<\/strong><\/p>\n<p>Ge\u00f6ffnet an Samstagen, Sonntagen und Feiertagen von 10 bis 16 Uhr (letzter Einlass um 14 Uhr).<br \/>\nIm Winter empfiehlt es sich, je nach Wetterlage und Wegbeschaffenheit, die \u00d6ffnung des Parks ab Freitag zu pr\u00fcfen: Sie k\u00f6nnen uns auch telefonisch oder \u00fcber Facebook Messenger kontaktieren (hier klicken \u2013 Tel. 045 7720185).<\/p>\n<p><strong>Ab 23. November 2026, Dezember, Januar und Februar 2027<\/strong><br \/>\nDer Park ist w\u00e4hrend dieser Zeit vollst\u00e4ndig geschlossen.<\/p>\n<p><strong>Vom 1. bis 31. M\u00e4rz 2027<\/strong><br \/>\nGe\u00f6ffnet an Samstagen, Sonntagen und Feiertagen von 10 bis 18 Uhr (letzter Einlass um 16 Uhr).<br \/>\nIm Winter sind die \u00d6ffnungszeiten je nach Wetterlage und Zustand der Loipen ab Freitag zu beachten.[\/vc_column_text][\/vc_column_inner][\/vc_row_inner][vc_row_inner row_inner_height_percent=&#8220;0&#8243; overlay_alpha=&#8220;50&#8243; gutter_size=&#8220;3&#8243; shift_y=&#8220;0&#8243; z_index=&#8220;0&#8243; desktop_visibility=&#8220;yes&#8220; medium_visibility=&#8220;yes&#8220; mobile_visibility=&#8220;yes&#8220;][vc_column_inner column_width_percent=&#8220;45&#8243; position_vertical=&#8220;middle&#8220; align_horizontal=&#8220;align_center&#8220; gutter_size=&#8220;2&#8243; override_padding=&#8220;yes&#8220; column_padding=&#8220;3&#8243; overlay_alpha=&#8220;50&#8243; shift_x=&#8220;0&#8243; shift_y=&#8220;0&#8243; shift_y_down=&#8220;0&#8243; z_index=&#8220;0&#8243; medium_width=&#8220;0&#8243; mobile_width=&#8220;0&#8243; width=&#8220;1\/1&#8243;][vc_custom_heading text_color=&#8220;color-224619&#8243; subheading=&#8220;Visita lo Shop online&#8220;]<\/p>\n<div class=\"vc_custom_heading_wrap \">\n<div class=\"heading-text el-text\">Acquista subito il tuo biglietto per il Parco delle Cascate<\/div>\n<\/div>\n<p>[\/vc_custom_heading][vc_button button_color=&#8220;color-224619&#8243; size=&#8220;btn-lg&#8220; radius=&#8220;btn-circle&#8220; border_animation=&#8220;btn-ripple-in&#8220; custom_typo=&#8220;yes&#8220; font_family=&#8220;font-555555&#8243; font_weight=&#8220;600&#8243; text_transform=&#8220;uppercase&#8220; border_width=&#8220;0&#8243; link=&#8220;url:%2Fshop|||&#8220;]Shop[\/vc_button][\/vc_column_inner][\/vc_row_inner][\/vc_column][\/vc_row]<\/p>\n<\/div>","protected":false},"excerpt":{"rendered":"<p>[vc_row row_height_percent=&#8220;0&#8243; override_padding=&#8220;yes&#8220; h_padding=&#8220;3&#8243; top_padding=&#8220;5&#8243; bottom_padding=&#8220;5&#8243; back_color=&#8220;color-xsdn&#8220; overlay_alpha=&#8220;50&#8243; gutter_size=&#8220;3&#8243; column_width_percent=&#8220;100&#8243; shift_y=&#8220;0&#8243; z_index=&#8220;0&#8243; row_name=&#8220;Events&#8220;][vc_column column_width_percent=&#8220;100&#8243; gutter_size=&#8220;3&#8243; overlay_alpha=&#8220;50&#8243; shift_x=&#8220;0&#8243; shift_y=&#8220;0&#8243; shift_y_down=&#8220;0&#8243; z_index=&#8220;0&#8243; [&hellip;]<\/p>\n","protected":false},"author":1,"featured_media":0,"parent":87489,"menu_order":0,"comment_status":"closed","ping_status":"closed","template":"","meta":{"footnotes":""},"class_list":["post-87529","page","type-page","status-publish","hentry"],"yoast_head":"<!-- This site is optimized with the Yoast SEO plugin v22.5 - https:\/\/yoast.com\/wordpress\/plugins\/seo\/ -->\n<title>\u00d6ffnungszeiten - Parco delle Cascate<\/title>\n<meta name=\"robots\" content=\"index, follow, max-snippet:-1, max-image-preview:large, max-video-preview:-1\" \/>\n<link rel=\"canonical\" href=\"https:\/\/parcodellecascate.it\/de\/planen-sie-ihren-besuch\/oeffnungszeiten\/\" \/>\n<meta property=\"og:locale\" content=\"de_DE\" \/>\n<meta property=\"og:type\" content=\"article\" \/>\n<meta property=\"og:title\" content=\"\u00d6ffnungszeiten - Parco delle Cascate\" \/>\n<meta property=\"og:description\" content=\"[vc_row row_height_percent=&#8220;0&#8243; override_padding=&#8220;yes&#8220; h_padding=&#8220;3&#8243; top_padding=&#8220;5&#8243; bottom_padding=&#8220;5&#8243; back_color=&#8220;color-xsdn&#8220; overlay_alpha=&#8220;50&#8243; gutter_size=&#8220;3&#8243; column_width_percent=&#8220;100&#8243; shift_y=&#8220;0&#8243; z_index=&#8220;0&#8243; row_name=&#8220;Events&#8220;][vc_column column_width_percent=&#8220;100&#8243; gutter_size=&#8220;3&#8243; overlay_alpha=&#8220;50&#8243; shift_x=&#8220;0&#8243; shift_y=&#8220;0&#8243; shift_y_down=&#8220;0&#8243; z_index=&#8220;0&#8243; [&hellip;]\" \/>\n<meta property=\"og:url\" content=\"https:\/\/parcodellecascate.it\/de\/planen-sie-ihren-besuch\/oeffnungszeiten\/\" \/>\n<meta property=\"og:site_name\" content=\"Parco delle Cascate\" \/>\n<meta property=\"article:modified_time\" content=\"2026-03-30T10:59:38+00:00\" \/>\n<meta name=\"twitter:card\" content=\"summary_large_image\" \/>\n<meta name=\"twitter:label1\" content=\"Gesch\u00e4tzte Lesezeit\" \/>\n\t<meta name=\"twitter:data1\" content=\"2\u00a0Minuten\" \/>\n<script type=\"application\/ld+json\" class=\"yoast-schema-graph\">{\"@context\":\"https:\/\/schema.org\",\"@graph\":[{\"@type\":\"WebPage\",\"@id\":\"https:\/\/parcodellecascate.it\/de\/planen-sie-ihren-besuch\/oeffnungszeiten\/\",\"url\":\"https:\/\/parcodellecascate.it\/de\/planen-sie-ihren-besuch\/oeffnungszeiten\/\",\"name\":\"\u00d6ffnungszeiten - Parco delle Cascate\",\"isPartOf\":{\"@id\":\"https:\/\/parcodellecascate.it\/#website\"},\"datePublished\":\"2020-03-27T11:16:41+00:00\",\"dateModified\":\"2026-03-30T10:59:38+00:00\",\"breadcrumb\":{\"@id\":\"https:\/\/parcodellecascate.it\/de\/planen-sie-ihren-besuch\/oeffnungszeiten\/#breadcrumb\"},\"inLanguage\":\"de\",\"potentialAction\":[{\"@type\":\"ReadAction\",\"target\":[\"https:\/\/parcodellecascate.it\/de\/planen-sie-ihren-besuch\/oeffnungszeiten\/\"]}]},{\"@type\":\"BreadcrumbList\",\"@id\":\"https:\/\/parcodellecascate.it\/de\/planen-sie-ihren-besuch\/oeffnungszeiten\/#breadcrumb\",\"itemListElement\":[{\"@type\":\"ListItem\",\"position\":1,\"name\":\"Home\",\"item\":\"https:\/\/parcodellecascate.it\/de\/\"},{\"@type\":\"ListItem\",\"position\":2,\"name\":\"Planen sie ihren Besuch\",\"item\":\"https:\/\/parcodellecascate.it\/de\/planen-sie-ihren-besuch\/\"},{\"@type\":\"ListItem\",\"position\":3,\"name\":\"\u00d6ffnungszeiten\"}]},{\"@type\":\"WebSite\",\"@id\":\"https:\/\/parcodellecascate.it\/#website\",\"url\":\"https:\/\/parcodellecascate.it\/\",\"name\":\"Parco delle Cascate\",\"description\":\"Vivere Molina\",\"potentialAction\":[{\"@type\":\"SearchAction\",\"target\":{\"@type\":\"EntryPoint\",\"urlTemplate\":\"https:\/\/parcodellecascate.it\/?s={search_term_string}\"},\"query-input\":\"required name=search_term_string\"}],\"inLanguage\":\"de\"}]}<\/script>\n<!-- \/ Yoast SEO plugin. -->","yoast_head_json":{"title":"\u00d6ffnungszeiten - Parco delle Cascate","robots":{"index":"index","follow":"follow","max-snippet":"max-snippet:-1","max-image-preview":"max-image-preview:large","max-video-preview":"max-video-preview:-1"},"canonical":"https:\/\/parcodellecascate.it\/de\/planen-sie-ihren-besuch\/oeffnungszeiten\/","og_locale":"de_DE","og_type":"article","og_title":"\u00d6ffnungszeiten - Parco delle Cascate","og_description":"[vc_row row_height_percent=&#8220;0&#8243; override_padding=&#8220;yes&#8220; h_padding=&#8220;3&#8243; top_padding=&#8220;5&#8243; bottom_padding=&#8220;5&#8243; back_color=&#8220;color-xsdn&#8220; overlay_alpha=&#8220;50&#8243; gutter_size=&#8220;3&#8243; column_width_percent=&#8220;100&#8243; shift_y=&#8220;0&#8243; z_index=&#8220;0&#8243; row_name=&#8220;Events&#8220;][vc_column column_width_percent=&#8220;100&#8243; gutter_size=&#8220;3&#8243; overlay_alpha=&#8220;50&#8243; shift_x=&#8220;0&#8243; shift_y=&#8220;0&#8243; shift_y_down=&#8220;0&#8243; z_index=&#8220;0&#8243; [&hellip;]","og_url":"https:\/\/parcodellecascate.it\/de\/planen-sie-ihren-besuch\/oeffnungszeiten\/","og_site_name":"Parco delle Cascate","article_modified_time":"2026-03-30T10:59:38+00:00","twitter_card":"summary_large_image","twitter_misc":{"Gesch\u00e4tzte Lesezeit":"2\u00a0Minuten"},"schema":{"@context":"https:\/\/schema.org","@graph":[{"@type":"WebPage","@id":"https:\/\/parcodellecascate.it\/de\/planen-sie-ihren-besuch\/oeffnungszeiten\/","url":"https:\/\/parcodellecascate.it\/de\/planen-sie-ihren-besuch\/oeffnungszeiten\/","name":"\u00d6ffnungszeiten - Parco delle Cascate","isPartOf":{"@id":"https:\/\/parcodellecascate.it\/#website"},"datePublished":"2020-03-27T11:16:41+00:00","dateModified":"2026-03-30T10:59:38+00:00","breadcrumb":{"@id":"https:\/\/parcodellecascate.it\/de\/planen-sie-ihren-besuch\/oeffnungszeiten\/#breadcrumb"},"inLanguage":"de","potentialAction":[{"@type":"ReadAction","target":["https:\/\/parcodellecascate.it\/de\/planen-sie-ihren-besuch\/oeffnungszeiten\/"]}]},{"@type":"BreadcrumbList","@id":"https:\/\/parcodellecascate.it\/de\/planen-sie-ihren-besuch\/oeffnungszeiten\/#breadcrumb","itemListElement":[{"@type":"ListItem","position":1,"name":"Home","item":"https:\/\/parcodellecascate.it\/de\/"},{"@type":"ListItem","position":2,"name":"Planen sie ihren Besuch","item":"https:\/\/parcodellecascate.it\/de\/planen-sie-ihren-besuch\/"},{"@type":"ListItem","position":3,"name":"\u00d6ffnungszeiten"}]},{"@type":"WebSite","@id":"https:\/\/parcodellecascate.it\/#website","url":"https:\/\/parcodellecascate.it\/","name":"Parco delle Cascate","description":"Vivere Molina","potentialAction":[{"@type":"SearchAction","target":{"@type":"EntryPoint","urlTemplate":"https:\/\/parcodellecascate.it\/?s={search_term_string}"},"query-input":"required name=search_term_string"}],"inLanguage":"de"}]}},"_links":{"self":[{"href":"https:\/\/parcodellecascate.it\/de\/wp-json\/wp\/v2\/pages\/87529","targetHints":{"allow":["GET"]}}],"collection":[{"href":"https:\/\/parcodellecascate.it\/de\/wp-json\/wp\/v2\/pages"}],"about":[{"href":"https:\/\/parcodellecascate.it\/de\/wp-json\/wp\/v2\/types\/page"}],"author":[{"embeddable":true,"href":"https:\/\/parcodellecascate.it\/de\/wp-json\/wp\/v2\/users\/1"}],"replies":[{"embeddable":true,"href":"https:\/\/parcodellecascate.it\/de\/wp-json\/wp\/v2\/comments?post=87529"}],"version-history":[{"count":43,"href":"https:\/\/parcodellecascate.it\/de\/wp-json\/wp\/v2\/pages\/87529\/revisions"}],"predecessor-version":[{"id":91999,"href":"https:\/\/parcodellecascate.it\/de\/wp-json\/wp\/v2\/pages\/87529\/revisions\/91999"}],"up":[{"embeddable":true,"href":"https:\/\/parcodellecascate.it\/de\/wp-json\/wp\/v2\/pages\/87489"}],"wp:attachment":[{"href":"https:\/\/parcodellecascate.it\/de\/wp-json\/wp\/v2\/media?parent=87529"}],"curies":[{"name":"wp","href":"https:\/\/api.w.org\/{rel}","templated":true}]}}