{"id":87554,"date":"2020-03-26T11:14:53","date_gmt":"2020-03-26T11:14:53","guid":{"rendered":"https:\/\/parcodellecascate.it\/gruppen\/gruppi\/"},"modified":"2025-01-22T15:38:40","modified_gmt":"2025-01-22T15:38:40","slug":"gruppen","status":"publish","type":"page","link":"https:\/\/parcodellecascate.it\/de\/gruppen\/gruppen\/","title":{"rendered":"Gruppen"},"content":{"rendered":"<div class=\"wpb-content-wrapper\"><p>[vc_row row_height_percent=&#8220;0&#8243; override_padding=&#8220;yes&#8220; h_padding=&#8220;2&#8243; top_padding=&#8220;5&#8243; bottom_padding=&#8220;2&#8243; overlay_alpha=&#8220;50&#8243; gutter_size=&#8220;3&#8243; column_width_percent=&#8220;100&#8243; shift_y=&#8220;0&#8243; z_index=&#8220;0&#8243; css=&#8220;.vc_custom_1618475170945{margin-bottom: -60px !important;}&#8220;][vc_column column_width_percent=&#8220;100&#8243; position_vertical=&#8220;middle&#8220; align_horizontal=&#8220;align_center&#8220; gutter_size=&#8220;3&#8243; overlay_alpha=&#8220;50&#8243; shift_x=&#8220;0&#8243; shift_y=&#8220;0&#8243; shift_y_down=&#8220;0&#8243; z_index=&#8220;0&#8243; medium_width=&#8220;0&#8243; mobile_width=&#8220;0&#8243; width=&#8220;1\/1&#8243;][vc_custom_heading text_color=&#8220;color-224619&#8243; text_size=&#8220;h1&#8243; text_transform=&#8220;uppercase&#8220;]BESUCH DES WASSERFALLPARKS[\/vc_custom_heading][\/vc_column][\/vc_row][vc_row row_height_percent=&#8220;50&#8243; override_padding=&#8220;yes&#8220; h_padding=&#8220;2&#8243; top_padding=&#8220;3&#8243; bottom_padding=&#8220;2&#8243; overlay_alpha=&#8220;50&#8243; gutter_size=&#8220;4&#8243; column_width_percent=&#8220;100&#8243; shift_y=&#8220;0&#8243; z_index=&#8220;0&#8243;][vc_column width=&#8220;1\/2&#8243;][vc_gallery el_id=&#8220;gallery-51&#8243; type=&#8220;carousel&#8220; medias=&#8220;83954,83955,90500&#8243; carousel_lg=&#8220;1&#8243; carousel_md=&#8220;1&#8243; carousel_sm=&#8220;1&#8243; thumb_size=&#8220;four-three&#8220; gutter_size=&#8220;0&#8243; media_items=&#8220;media|nolink|original&#8220; carousel_type=&#8220;fade&#8220; carousel_interval=&#8220;0&#8243; carousel_navspeed=&#8220;400&#8243; carousel_loop=&#8220;yes&#8220; carousel_nav=&#8220;yes&#8220; carousel_dots=&#8220;yes&#8220; carousel_dots_mobile=&#8220;yes&#8220; stage_padding=&#8220;0&#8243; single_overlay_opacity=&#8220;50&#8243; single_overlay_anim=&#8220;no&#8220; single_text_anim=&#8220;no&#8220; single_image_anim=&#8220;no&#8220; single_h_align=&#8220;center&#8220; single_padding=&#8220;2&#8243; single_icon=&#8220;fa fa-search3&#8243; single_border=&#8220;yes&#8220; lbox_caption=&#8220;yes&#8220; no_double_tap=&#8220;yes&#8220; carousel_rtl=&#8220;&#8220; single_title_uppercase=&#8220;&#8220; single_title_bold=&#8220;&#8220; single_title_serif=&#8220;&#8220; onclick=&#8220;link_image&#8220; custom_links_target=&#8220;_self&#8220; items=&#8220;eyI4ODY4X2kiOnsic2luZ2xlX3dpZHRoIjoiNCIsInNpbmdsZV9oZWlnaHQiOiI0In0sIjg4NjJfaSI6eyJzaW5nbGVfd2lkdGgiOiI0Iiwic2luZ2xlX2hlaWdodCI6IjQifSwiODg2MF9pIjp7InNpbmdsZV93aWR0aCI6IjQiLCJzaW5nbGVfaGVpZ2h0IjoiNCJ9LCIyNjIxOF9pIjp7InNpbmdsZV93aWR0aCI6IjQiLCJzaW5nbGVfaGVpZ2h0IjoiNCJ9LCIyNjIyNF9pIjp7InNpbmdsZV93aWR0aCI6IjQiLCJzaW5nbGVfaGVpZ2h0IjoiNCJ9LCIyNjIyMl9pIjp7InNpbmdsZV93aWR0aCI6IjQiLCJzaW5nbGVfaGVpZ2h0IjoiNCJ9LCIyNjIyOV9pIjp7InNpbmdsZV93aWR0aCI6IjQiLCJzaW5nbGVfaGVpZ2h0IjoiNCJ9fQ==&#8220; single_half_padding=&#8220;&#8220; single_no_background=&#8220;&#8220; uncode_shortcode_id=&#8220;116736&#8243;][\/vc_column][vc_column column_width_use_pixel=&#8220;yes&#8220; gutter_size=&#8220;2&#8243; overlay_alpha=&#8220;50&#8243; shift_x=&#8220;0&#8243; shift_y=&#8220;0&#8243; shift_y_down=&#8220;0&#8243; z_index=&#8220;0&#8243; medium_width=&#8220;0&#8243; mobile_width=&#8220;0&#8243; width=&#8220;1\/2&#8243; column_width_pixel=&#8220;900&#8243;][vc_custom_heading text_color=&#8220;accent&#8220; heading_semantic=&#8220;h4&#8243; text_size=&#8220;h4&#8243; uncode_shortcode_id=&#8220;162998&#8243; text_color_type=&#8220;uncode-palette&#8220;]Individuelle Besichtigung f\u00fcr Gruppen[\/vc_custom_heading][vc_column_text uncode_shortcode_id=&#8220;188874&#8243;]Bei angemeldeten <strong>Gruppen ab 20 zahlenden Personen<\/strong> und ohne gebuchte F\u00fchrung gibt es eine Freikarte f\u00fcr den Gruppenleiter.<\/p>\n<ul>\n<li>8,00 \u20ac pro Teilnehmer f\u00fcr den Eintritt in den Park &#8211; 5,00 \u20ac f\u00fcr Kinder von 6-12 Jahren.<\/li>\n<li>\u00a0Kostenlos f\u00fcr Kinder bis zu 5 Jahren und Behinderte<\/li>\n<li>\u00a0Freikarte f\u00fcr den Gruppenleiter.<\/li>\n<\/ul>\n<p>[\/vc_column_text][vc_empty_space empty_h=&#8220;1&#8243;][vc_custom_heading text_color=&#8220;accent&#8220; heading_semantic=&#8220;h4&#8243; text_size=&#8220;h4&#8243; uncode_shortcode_id=&#8220;533927&#8243; text_color_type=&#8220;uncode-palette&#8220;]Gef\u00fchrte Tour durch den Park[\/vc_custom_heading][vc_column_text uncode_shortcode_id=&#8220;395727&#8243;]F\u00fcr die halbt\u00e4gige gef\u00fchrte Tour durch den Wasserfallpark:<\/p>\n<p>\u2981 \u20ac 150,00 pro halbt\u00e4gige gef\u00fchrte Tour in Englisch\/Deutsch<\/p>\n<p>+ \u20ac 7,00 pro Teilnehmer f\u00fcr den Eintritt in den Park; \u20ac 5,00 f\u00fcr Kinder von 6-12 Jahren; kostenlos f\u00fcr Kinder bis 5 Jahre und Behinderte. Eine Freikarte f\u00fcr den Gruppenleiter.[\/vc_column_text][\/vc_column][\/vc_row][vc_row row_height_percent=&#8220;0&#8243; override_padding=&#8220;yes&#8220; h_padding=&#8220;2&#8243; top_padding=&#8220;4&#8243; bottom_padding=&#8220;2&#8243; overlay_alpha=&#8220;50&#8243; gutter_size=&#8220;3&#8243; column_width_percent=&#8220;100&#8243; shift_y=&#8220;0&#8243; z_index=&#8220;0&#8243; css=&#8220;.vc_custom_1618475232473{margin-bottom: -60px !important;}&#8220;][vc_column column_width_percent=&#8220;100&#8243; position_vertical=&#8220;middle&#8220; align_horizontal=&#8220;align_center&#8220; gutter_size=&#8220;3&#8243; overlay_alpha=&#8220;50&#8243; shift_x=&#8220;0&#8243; shift_y=&#8220;0&#8243; shift_y_down=&#8220;0&#8243; z_index=&#8220;0&#8243; medium_width=&#8220;0&#8243; mobile_width=&#8220;0&#8243; width=&#8220;1\/1&#8243;][vc_custom_heading text_color=&#8220;color-224619&#8243; text_size=&#8220;h1&#8243; text_transform=&#8220;uppercase&#8220;]BESUCH DES WASSERFALLPARKS UND DES DORFES MOLINA[\/vc_custom_heading][\/vc_column][\/vc_row][vc_row row_height_percent=&#8220;50&#8243; override_padding=&#8220;yes&#8220; h_padding=&#8220;2&#8243; top_padding=&#8220;3&#8243; bottom_padding=&#8220;2&#8243; overlay_alpha=&#8220;50&#8243; gutter_size=&#8220;4&#8243; column_width_percent=&#8220;100&#8243; shift_y=&#8220;0&#8243; z_index=&#8220;0&#8243;][vc_column width=&#8220;1\/2&#8243;][vc_gallery el_id=&#8220;gallery-52&#8243; type=&#8220;carousel&#8220; medias=&#8220;83956,83957,83958,83959&#8243; carousel_lg=&#8220;1&#8243; carousel_md=&#8220;1&#8243; carousel_sm=&#8220;1&#8243; thumb_size=&#8220;four-three&#8220; gutter_size=&#8220;0&#8243; media_items=&#8220;media|nolink|original&#8220; carousel_type=&#8220;fade&#8220; carousel_interval=&#8220;0&#8243; carousel_navspeed=&#8220;400&#8243; carousel_loop=&#8220;yes&#8220; carousel_nav=&#8220;yes&#8220; carousel_dots=&#8220;yes&#8220; carousel_dots_mobile=&#8220;yes&#8220; stage_padding=&#8220;0&#8243; single_overlay_opacity=&#8220;50&#8243; single_overlay_anim=&#8220;no&#8220; single_text_anim=&#8220;no&#8220; single_image_anim=&#8220;no&#8220; single_h_align=&#8220;center&#8220; single_padding=&#8220;2&#8243; single_icon=&#8220;fa fa-search3&#8243; single_border=&#8220;yes&#8220; lbox_caption=&#8220;yes&#8220; no_double_tap=&#8220;yes&#8220; carousel_rtl=&#8220;&#8220; single_title_uppercase=&#8220;&#8220; single_title_bold=&#8220;&#8220; single_title_serif=&#8220;&#8220; onclick=&#8220;link_image&#8220; custom_links_target=&#8220;_self&#8220; items=&#8220;eyI4ODY4X2kiOnsic2luZ2xlX3dpZHRoIjoiNCIsInNpbmdsZV9oZWlnaHQiOiI0In0sIjg4NjJfaSI6eyJzaW5nbGVfd2lkdGgiOiI0Iiwic2luZ2xlX2hlaWdodCI6IjQifSwiODg2MF9pIjp7InNpbmdsZV93aWR0aCI6IjQiLCJzaW5nbGVfaGVpZ2h0IjoiNCJ9LCIyNjIxOF9pIjp7InNpbmdsZV93aWR0aCI6IjQiLCJzaW5nbGVfaGVpZ2h0IjoiNCJ9LCIyNjIyNF9pIjp7InNpbmdsZV93aWR0aCI6IjQiLCJzaW5nbGVfaGVpZ2h0IjoiNCJ9LCIyNjIyMl9pIjp7InNpbmdsZV93aWR0aCI6IjQiLCJzaW5nbGVfaGVpZ2h0IjoiNCJ9LCIyNjIyOV9pIjp7InNpbmdsZV93aWR0aCI6IjQiLCJzaW5nbGVfaGVpZ2h0IjoiNCJ9fQ==&#8220; single_half_padding=&#8220;&#8220; single_no_background=&#8220;&#8220;][\/vc_column][vc_column column_width_use_pixel=&#8220;yes&#8220; gutter_size=&#8220;3&#8243; overlay_alpha=&#8220;50&#8243; shift_x=&#8220;0&#8243; shift_y=&#8220;0&#8243; shift_y_down=&#8220;0&#8243; z_index=&#8220;0&#8243; medium_width=&#8220;0&#8243; mobile_width=&#8220;0&#8243; width=&#8220;1\/2&#8243; column_width_pixel=&#8220;900&#8243;][vc_column_text uncode_shortcode_id=&#8220;193199&#8243;]F\u00fcr kleine Gruppen bis zu 25 Personen besteht die M\u00f6glichkeit, an einer F\u00fchrung durch das Dorf Molina teilzunehmen (mittelalterliche Steinh\u00f6fe, Gemeinschaftsk\u00e4serei und M\u00fchle \u201cMolin de Lorenzo\u201d).<\/p>\n<ul>\n<li>150,00 \u20ac pro Gruppe (bis 25 Teilnehmer) f\u00fcr die halbt\u00e4gige gef\u00fchrte Besichtigung des Dorfes Molina + 7,00 \u20ac pro Teilnehmer f\u00fcr den Eintrtt in den Park vor oder nach der Besichtigung des Dorfes; 5,00 \u20ac f\u00fcr Kinder von 6-12 Jahren; kostenlos f\u00fcr Kinder bis zu 5 Jahren und Behinderte. F\u00fcr den Gruppenleiter gibt es eine Freikarte.<\/li>\n<li>210,00 \u20ac pro Gruppe (bis 25 Teilnehmer) f\u00fcr die ganzt\u00e4gige F\u00fchrung (F\u00fchrung durch Molina + F\u00fchrung durch den Wasserfallpark) + 7,00 \u20ac pro Teilnehmer f\u00fcr den Eintritt in den Park vor oder nach dem Besuch des Dorfes; 5,00 \u20ac f\u00fcr Kinder von 6-12 Jahren; kostenlos f\u00fcr Kinder bis 5 Jahre und Behinderte. Eine Freikarte f\u00fcr den Gruppenleiter.<\/li>\n<\/ul>\n<p>[\/vc_column_text][\/vc_column][\/vc_row][vc_row row_height_percent=&#8220;0&#8243; override_padding=&#8220;yes&#8220; h_padding=&#8220;2&#8243; top_padding=&#8220;4&#8243; bottom_padding=&#8220;2&#8243; overlay_alpha=&#8220;50&#8243; gutter_size=&#8220;3&#8243; column_width_percent=&#8220;100&#8243; shift_y=&#8220;0&#8243; z_index=&#8220;0&#8243; css=&#8220;.vc_custom_1618475238959{margin-bottom: -60px !important;}&#8220;][vc_column column_width_percent=&#8220;100&#8243; position_vertical=&#8220;middle&#8220; align_horizontal=&#8220;align_center&#8220; gutter_size=&#8220;3&#8243; overlay_alpha=&#8220;50&#8243; shift_x=&#8220;0&#8243; shift_y=&#8220;0&#8243; shift_y_down=&#8220;0&#8243; z_index=&#8220;0&#8243; medium_width=&#8220;0&#8243; mobile_width=&#8220;0&#8243; width=&#8220;1\/1&#8243;][vc_custom_heading text_color=&#8220;color-224619&#8243; text_size=&#8220;h1&#8243; text_transform=&#8220;uppercase&#8220;]BESUCH DES WASSERFALLPARKS + DER NAT\u00dcRLICHEN FELSBR\u00dcCKE \u201cPONTE DI VEJA\u201d[\/vc_custom_heading][\/vc_column][\/vc_row][vc_row row_height_percent=&#8220;50&#8243; override_padding=&#8220;yes&#8220; h_padding=&#8220;2&#8243; top_padding=&#8220;3&#8243; bottom_padding=&#8220;4&#8243; overlay_alpha=&#8220;50&#8243; gutter_size=&#8220;4&#8243; column_width_percent=&#8220;100&#8243; shift_y=&#8220;0&#8243; z_index=&#8220;0&#8243;][vc_column width=&#8220;1\/2&#8243;][vc_gallery el_id=&#8220;gallery-53&#8243; type=&#8220;carousel&#8220; medias=&#8220;84241,83961,83962,83963&#8243; carousel_lg=&#8220;1&#8243; carousel_md=&#8220;1&#8243; carousel_sm=&#8220;1&#8243; thumb_size=&#8220;four-three&#8220; gutter_size=&#8220;0&#8243; media_items=&#8220;media|nolink|original&#8220; carousel_type=&#8220;fade&#8220; carousel_interval=&#8220;0&#8243; carousel_navspeed=&#8220;400&#8243; carousel_loop=&#8220;yes&#8220; carousel_nav=&#8220;yes&#8220; carousel_dots=&#8220;yes&#8220; carousel_dots_mobile=&#8220;yes&#8220; stage_padding=&#8220;0&#8243; single_overlay_opacity=&#8220;50&#8243; single_overlay_anim=&#8220;no&#8220; single_text_anim=&#8220;no&#8220; single_image_anim=&#8220;no&#8220; single_h_align=&#8220;center&#8220; single_padding=&#8220;2&#8243; single_icon=&#8220;fa fa-search3&#8243; single_border=&#8220;yes&#8220; lbox_caption=&#8220;yes&#8220; no_double_tap=&#8220;yes&#8220; carousel_rtl=&#8220;&#8220; single_title_uppercase=&#8220;&#8220; single_title_bold=&#8220;&#8220; single_title_serif=&#8220;&#8220; onclick=&#8220;link_image&#8220; custom_links_target=&#8220;_self&#8220; items=&#8220;eyI4ODY4X2kiOnsic2luZ2xlX3dpZHRoIjoiNCIsInNpbmdsZV9oZWlnaHQiOiI0In0sIjg4NjJfaSI6eyJzaW5nbGVfd2lkdGgiOiI0Iiwic2luZ2xlX2hlaWdodCI6IjQifSwiODg2MF9pIjp7InNpbmdsZV93aWR0aCI6IjQiLCJzaW5nbGVfaGVpZ2h0IjoiNCJ9LCIyNjIxOF9pIjp7InNpbmdsZV93aWR0aCI6IjQiLCJzaW5nbGVfaGVpZ2h0IjoiNCJ9LCIyNjIyNF9pIjp7InNpbmdsZV93aWR0aCI6IjQiLCJzaW5nbGVfaGVpZ2h0IjoiNCJ9LCIyNjIyMl9pIjp7InNpbmdsZV93aWR0aCI6IjQiLCJzaW5nbGVfaGVpZ2h0IjoiNCJ9LCIyNjIyOV9pIjp7InNpbmdsZV93aWR0aCI6IjQiLCJzaW5nbGVfaGVpZ2h0IjoiNCJ9fQ==&#8220; single_half_padding=&#8220;&#8220; single_no_background=&#8220;&#8220;][\/vc_column][vc_column column_width_use_pixel=&#8220;yes&#8220; gutter_size=&#8220;3&#8243; overlay_alpha=&#8220;50&#8243; shift_x=&#8220;0&#8243; shift_y=&#8220;0&#8243; shift_y_down=&#8220;0&#8243; z_index=&#8220;0&#8243; medium_width=&#8220;0&#8243; mobile_width=&#8220;0&#8243; width=&#8220;1\/2&#8243; column_width_pixel=&#8220;900&#8243;][vc_column_text uncode_shortcode_id=&#8220;555325&#8243;]Die gef\u00fchrte Besichtigung der majest\u00e4tischen Felsbr\u00fccke ist eine hervorragende Erg\u00e4nzung zum Besuch des Wasserfallparks. Der \u201cPonte di Veja\u201d ist einer der eindrucksvollsten Orte der Lessinischen Berge und liegt etwa 25 Minuten mit dem Auto oder Bus von Molina entfernt; unsere Mitarbeiter werden Sie von der Br\u00fccke bis zum Wasserfallpark begleiten. Die gef\u00fchrte Besichtigung des \u201cPonte di Veja\u201d kann f\u00fcr kleine Gruppen bis zu 25 Personen gebucht werden.<\/p>\n<ul>\n<li>150,00 \u20ac pro Gruppe (bis 25 Teilnehmer) f\u00fcr die halbt\u00e4gige F\u00fchrung + 7,00 \u20ac pro Teilnehmer f\u00fcr den Eintritt in den Park; 5,00 \u20ac f\u00fcr Kinder von 6-12 Jahren; kostenlos f\u00fcr Kinder unter 5 Jahren und Behinderte. Eine Freikarte f\u00fcr den Gruppenleiter.<\/li>\n<li>210,00 \u20ac pro Gruppe (bis 25 Teilnehmer) f\u00fcr die ganzt\u00e4gige F\u00fchrung (Besichtigung der Felsbr\u00fccke \u201cPonte di Veja\u201d + F\u00fchrung durch den Wasserfallpark) + 7,00 \u20ac pro Teilnehmer f\u00fcr den Eintritt in den Park vor oder nach dem Besuch der Felsbr\u00fccke; 5,00 \u20ac f\u00fcr Kinder von 6-12 Jahren; kostenlos f\u00fcr Kinder bis 5 Jahre und Behinderte. F\u00fcr den Gruppenleiter gibt es eine Freikarte.<\/li>\n<\/ul>\n<p>[\/vc_column_text][\/vc_column][\/vc_row][vc_row row_height_percent=&#8220;0&#8243; override_padding=&#8220;yes&#8220; h_padding=&#8220;2&#8243; top_padding=&#8220;2&#8243; bottom_padding=&#8220;3&#8243; overlay_alpha=&#8220;50&#8243; gutter_size=&#8220;3&#8243; column_width_percent=&#8220;100&#8243; shift_y=&#8220;0&#8243; z_index=&#8220;0&#8243; css=&#8220;.vc_custom_1620982460662{margin-bottom: -25px !important;}&#8220;][vc_column column_width_percent=&#8220;100&#8243; position_vertical=&#8220;middle&#8220; align_horizontal=&#8220;align_center&#8220; gutter_size=&#8220;3&#8243; overlay_alpha=&#8220;50&#8243; shift_x=&#8220;0&#8243; shift_y=&#8220;0&#8243; shift_y_down=&#8220;0&#8243; z_index=&#8220;0&#8243; medium_width=&#8220;0&#8243; mobile_width=&#8220;0&#8243; width=&#8220;1\/1&#8243;][vc_column_text]Der Besuch des Wasserfallparks kann auch mit gef\u00fchrten Touren zu anderen Orten in den Lessinischen Bergen und im Valpolicella kombiniert werden.[\/vc_column_text][\/vc_column][\/vc_row][vc_row row_height_percent=&#8220;40&#8243; override_padding=&#8220;yes&#8220; h_padding=&#8220;2&#8243; top_padding=&#8220;2&#8243; bottom_padding=&#8220;2&#8243; back_color=&#8220;color-224619&#8243; overlay_alpha=&#8220;50&#8243; gutter_size=&#8220;3&#8243; column_width_percent=&#8220;100&#8243; shift_y=&#8220;0&#8243; z_index=&#8220;0&#8243;][vc_column column_width_percent=&#8220;100&#8243; position_vertical=&#8220;middle&#8220; align_horizontal=&#8220;align_center&#8220; gutter_size=&#8220;3&#8243; overlay_alpha=&#8220;50&#8243; shift_x=&#8220;0&#8243; shift_y=&#8220;0&#8243; shift_y_down=&#8220;0&#8243; z_index=&#8220;0&#8243; medium_width=&#8220;0&#8243; mobile_width=&#8220;0&#8243; width=&#8220;1\/1&#8243;][vc_custom_heading text_color=&#8220;color-xsdn&#8220;]Brauchen Sie Informationen?[\/vc_custom_heading][vc_button button_color=&#8220;color-xsdn&#8220; size=&#8220;btn-lg&#8220; radius=&#8220;btn-circle&#8220; border_animation=&#8220;btn-ripple-in&#8220; shadow=&#8220;yes&#8220; custom_typo=&#8220;yes&#8220; font_family=&#8220;font-555555&#8243; font_weight=&#8220;600&#8243; text_transform=&#8220;uppercase&#8220; border_width=&#8220;0&#8243; css_animation=&#8220;bottom-t-top&#8220; animation_speed=&#8220;600&#8243; link=&#8220;url:https%3A%2F%2Fparcodellecascate.it%2Fde%2Fkontakte%2F|title:Prenota|target:_blank&#8220; el_class=&#8220;button-white&#8220;]Kontakt [\/vc_button][\/vc_column][\/vc_row][vc_row row_height_percent=&#8220;0&#8243; override_padding=&#8220;yes&#8220; h_padding=&#8220;2&#8243; top_padding=&#8220;4&#8243; bottom_padding=&#8220;3&#8243; overlay_alpha=&#8220;50&#8243; gutter_size=&#8220;3&#8243; column_width_percent=&#8220;100&#8243; shift_y=&#8220;0&#8243; z_index=&#8220;0&#8243; css=&#8220;.vc_custom_1618475083042{margin-bottom: -25px !important;}&#8220;][vc_column column_width_percent=&#8220;100&#8243; position_vertical=&#8220;middle&#8220; align_horizontal=&#8220;align_center&#8220; gutter_size=&#8220;3&#8243; overlay_alpha=&#8220;50&#8243; shift_x=&#8220;0&#8243; shift_y=&#8220;0&#8243; shift_y_down=&#8220;0&#8243; z_index=&#8220;0&#8243; medium_width=&#8220;0&#8243; mobile_width=&#8220;0&#8243; width=&#8220;1\/1&#8243;][vc_custom_heading text_color=&#8220;color-224619&#8243; text_size=&#8220;h1&#8243; text_transform=&#8220;uppercase&#8220;]BUCHUNG[\/vc_custom_heading][vc_row_inner][vc_column_inner column_width_percent=&#8220;50&#8243; gutter_size=&#8220;3&#8243; overlay_alpha=&#8220;50&#8243; shift_x=&#8220;0&#8243; shift_y=&#8220;0&#8243; shift_y_down=&#8220;0&#8243; z_index=&#8220;0&#8243; medium_width=&#8220;0&#8243; mobile_width=&#8220;0&#8243; width=&#8220;1\/1&#8243;][vc_column_text]Um den erm\u00e4\u00dfigten Eintrittspreis in Anspruch nehmen zu k\u00f6nnen, ist eine Reservierung erforderlich:<\/p>\n<ul>\n<li>10 Tage vor der Besichtigung im Falle von F\u00fchrungen<\/li>\n<li>2 Tage vor dem Besuch im Falle eines Gruppeneintritts in den Park<\/li>\n<\/ul>\n<p>[\/vc_column_text][\/vc_column_inner][\/vc_row_inner][\/vc_column][\/vc_row][vc_row row_height_percent=&#8220;0&#8243; override_padding=&#8220;yes&#8220; h_padding=&#8220;2&#8243; top_padding=&#8220;2&#8243; bottom_padding=&#8220;5&#8243; overlay_alpha=&#8220;50&#8243; gutter_size=&#8220;3&#8243; column_width_percent=&#8220;100&#8243; shift_y=&#8220;0&#8243; z_index=&#8220;0&#8243;][vc_column column_width_percent=&#8220;100&#8243; align_horizontal=&#8220;align_center&#8220; gutter_size=&#8220;3&#8243; overlay_alpha=&#8220;50&#8243; shift_x=&#8220;0&#8243; shift_y=&#8220;0&#8243; shift_y_down=&#8220;0&#8243; z_index=&#8220;0&#8243; medium_width=&#8220;0&#8243; mobile_width=&#8220;0&#8243; width=&#8220;1\/1&#8243;][vc_custom_heading]Buchen Sie Ihren Besuch online[\/vc_custom_heading][vc_button button_color=&#8220;accent&#8220; size=&#8220;btn-lg&#8220; radius=&#8220;btn-circle&#8220; border_animation=&#8220;btn-ripple-in&#8220; shadow=&#8220;yes&#8220; custom_typo=&#8220;yes&#8220; font_family=&#8220;font-555555&#8243; font_weight=&#8220;600&#8243; text_transform=&#8220;uppercase&#8220; border_width=&#8220;0&#8243; css_animation=&#8220;bottom-t-top&#8220; animation_speed=&#8220;600&#8243; link=&#8220;url:https%3A%2F%2Fparcodellecascate.it%2Fde%2Fgruppen%2Fbuchen%2F|title:Prenota|target:_blank&#8220;]Buchen[\/vc_button][\/vc_column][\/vc_row]<\/p>\n<\/div>","protected":false},"excerpt":{"rendered":"<p>[vc_row row_height_percent=&#8220;0&#8243; override_padding=&#8220;yes&#8220; h_padding=&#8220;2&#8243; top_padding=&#8220;5&#8243; bottom_padding=&#8220;2&#8243; overlay_alpha=&#8220;50&#8243; gutter_size=&#8220;3&#8243; column_width_percent=&#8220;100&#8243; shift_y=&#8220;0&#8243; z_index=&#8220;0&#8243; css=&#8220;.vc_custom_1618475170945{margin-bottom: -60px !important;}&#8220;][vc_column column_width_percent=&#8220;100&#8243; position_vertical=&#8220;middle&#8220; align_horizontal=&#8220;align_center&#8220; gutter_size=&#8220;3&#8243; overlay_alpha=&#8220;50&#8243; shift_x=&#8220;0&#8243; [&hellip;]<\/p>\n","protected":false},"author":1,"featured_media":0,"parent":87544,"menu_order":0,"comment_status":"closed","ping_status":"closed","template":"","meta":{"footnotes":""},"class_list":["post-87554","page","type-page","status-publish","hentry"],"yoast_head":"<!-- This site is optimized with the Yoast SEO plugin v22.5 - https:\/\/yoast.com\/wordpress\/plugins\/seo\/ -->\n<title>Gruppen - Parco delle Cascate<\/title>\n<meta name=\"robots\" content=\"index, follow, max-snippet:-1, max-image-preview:large, max-video-preview:-1\" \/>\n<link rel=\"canonical\" href=\"https:\/\/parcodellecascate.it\/de\/gruppen\/gruppen\/\" \/>\n<meta property=\"og:locale\" content=\"de_DE\" \/>\n<meta property=\"og:type\" content=\"article\" \/>\n<meta property=\"og:title\" content=\"Gruppen - Parco delle Cascate\" \/>\n<meta property=\"og:description\" content=\"[vc_row row_height_percent=&#8220;0&#8243; override_padding=&#8220;yes&#8220; h_padding=&#8220;2&#8243; top_padding=&#8220;5&#8243; bottom_padding=&#8220;2&#8243; overlay_alpha=&#8220;50&#8243; gutter_size=&#8220;3&#8243; column_width_percent=&#8220;100&#8243; shift_y=&#8220;0&#8243; z_index=&#8220;0&#8243; css=&#8220;.vc_custom_1618475170945{margin-bottom: -60px !important;}&#8220;][vc_column column_width_percent=&#8220;100&#8243; position_vertical=&#8220;middle&#8220; align_horizontal=&#8220;align_center&#8220; gutter_size=&#8220;3&#8243; overlay_alpha=&#8220;50&#8243; shift_x=&#8220;0&#8243; [&hellip;]\" \/>\n<meta property=\"og:url\" content=\"https:\/\/parcodellecascate.it\/de\/gruppen\/gruppen\/\" \/>\n<meta property=\"og:site_name\" content=\"Parco delle Cascate\" \/>\n<meta property=\"article:modified_time\" content=\"2025-01-22T15:38:40+00:00\" \/>\n<meta name=\"twitter:card\" content=\"summary_large_image\" \/>\n<meta name=\"twitter:label1\" content=\"Gesch\u00e4tzte Lesezeit\" \/>\n\t<meta name=\"twitter:data1\" content=\"6\u00a0Minuten\" \/>\n<script type=\"application\/ld+json\" class=\"yoast-schema-graph\">{\"@context\":\"https:\/\/schema.org\",\"@graph\":[{\"@type\":\"WebPage\",\"@id\":\"https:\/\/parcodellecascate.it\/de\/gruppen\/gruppen\/\",\"url\":\"https:\/\/parcodellecascate.it\/de\/gruppen\/gruppen\/\",\"name\":\"Gruppen - Parco delle Cascate\",\"isPartOf\":{\"@id\":\"https:\/\/parcodellecascate.it\/#website\"},\"datePublished\":\"2020-03-26T11:14:53+00:00\",\"dateModified\":\"2025-01-22T15:38:40+00:00\",\"breadcrumb\":{\"@id\":\"https:\/\/parcodellecascate.it\/de\/gruppen\/gruppen\/#breadcrumb\"},\"inLanguage\":\"de\",\"potentialAction\":[{\"@type\":\"ReadAction\",\"target\":[\"https:\/\/parcodellecascate.it\/de\/gruppen\/gruppen\/\"]}]},{\"@type\":\"BreadcrumbList\",\"@id\":\"https:\/\/parcodellecascate.it\/de\/gruppen\/gruppen\/#breadcrumb\",\"itemListElement\":[{\"@type\":\"ListItem\",\"position\":1,\"name\":\"Home\",\"item\":\"https:\/\/parcodellecascate.it\/de\/\"},{\"@type\":\"ListItem\",\"position\":2,\"name\":\"Gruppen\",\"item\":\"https:\/\/parcodellecascate.it\/de\/gruppen\/\"},{\"@type\":\"ListItem\",\"position\":3,\"name\":\"Gruppen\"}]},{\"@type\":\"WebSite\",\"@id\":\"https:\/\/parcodellecascate.it\/#website\",\"url\":\"https:\/\/parcodellecascate.it\/\",\"name\":\"Parco delle Cascate\",\"description\":\"Vivere Molina\",\"potentialAction\":[{\"@type\":\"SearchAction\",\"target\":{\"@type\":\"EntryPoint\",\"urlTemplate\":\"https:\/\/parcodellecascate.it\/?s={search_term_string}\"},\"query-input\":\"required name=search_term_string\"}],\"inLanguage\":\"de\"}]}<\/script>\n<!-- \/ Yoast SEO plugin. -->","yoast_head_json":{"title":"Gruppen - Parco delle Cascate","robots":{"index":"index","follow":"follow","max-snippet":"max-snippet:-1","max-image-preview":"max-image-preview:large","max-video-preview":"max-video-preview:-1"},"canonical":"https:\/\/parcodellecascate.it\/de\/gruppen\/gruppen\/","og_locale":"de_DE","og_type":"article","og_title":"Gruppen - Parco delle Cascate","og_description":"[vc_row row_height_percent=&#8220;0&#8243; override_padding=&#8220;yes&#8220; h_padding=&#8220;2&#8243; top_padding=&#8220;5&#8243; bottom_padding=&#8220;2&#8243; overlay_alpha=&#8220;50&#8243; gutter_size=&#8220;3&#8243; column_width_percent=&#8220;100&#8243; shift_y=&#8220;0&#8243; z_index=&#8220;0&#8243; css=&#8220;.vc_custom_1618475170945{margin-bottom: -60px !important;}&#8220;][vc_column column_width_percent=&#8220;100&#8243; position_vertical=&#8220;middle&#8220; align_horizontal=&#8220;align_center&#8220; gutter_size=&#8220;3&#8243; overlay_alpha=&#8220;50&#8243; shift_x=&#8220;0&#8243; [&hellip;]","og_url":"https:\/\/parcodellecascate.it\/de\/gruppen\/gruppen\/","og_site_name":"Parco delle Cascate","article_modified_time":"2025-01-22T15:38:40+00:00","twitter_card":"summary_large_image","twitter_misc":{"Gesch\u00e4tzte Lesezeit":"6\u00a0Minuten"},"schema":{"@context":"https:\/\/schema.org","@graph":[{"@type":"WebPage","@id":"https:\/\/parcodellecascate.it\/de\/gruppen\/gruppen\/","url":"https:\/\/parcodellecascate.it\/de\/gruppen\/gruppen\/","name":"Gruppen - Parco delle Cascate","isPartOf":{"@id":"https:\/\/parcodellecascate.it\/#website"},"datePublished":"2020-03-26T11:14:53+00:00","dateModified":"2025-01-22T15:38:40+00:00","breadcrumb":{"@id":"https:\/\/parcodellecascate.it\/de\/gruppen\/gruppen\/#breadcrumb"},"inLanguage":"de","potentialAction":[{"@type":"ReadAction","target":["https:\/\/parcodellecascate.it\/de\/gruppen\/gruppen\/"]}]},{"@type":"BreadcrumbList","@id":"https:\/\/parcodellecascate.it\/de\/gruppen\/gruppen\/#breadcrumb","itemListElement":[{"@type":"ListItem","position":1,"name":"Home","item":"https:\/\/parcodellecascate.it\/de\/"},{"@type":"ListItem","position":2,"name":"Gruppen","item":"https:\/\/parcodellecascate.it\/de\/gruppen\/"},{"@type":"ListItem","position":3,"name":"Gruppen"}]},{"@type":"WebSite","@id":"https:\/\/parcodellecascate.it\/#website","url":"https:\/\/parcodellecascate.it\/","name":"Parco delle Cascate","description":"Vivere Molina","potentialAction":[{"@type":"SearchAction","target":{"@type":"EntryPoint","urlTemplate":"https:\/\/parcodellecascate.it\/?s={search_term_string}"},"query-input":"required name=search_term_string"}],"inLanguage":"de"}]}},"_links":{"self":[{"href":"https:\/\/parcodellecascate.it\/de\/wp-json\/wp\/v2\/pages\/87554","targetHints":{"allow":["GET"]}}],"collection":[{"href":"https:\/\/parcodellecascate.it\/de\/wp-json\/wp\/v2\/pages"}],"about":[{"href":"https:\/\/parcodellecascate.it\/de\/wp-json\/wp\/v2\/types\/page"}],"author":[{"embeddable":true,"href":"https:\/\/parcodellecascate.it\/de\/wp-json\/wp\/v2\/users\/1"}],"replies":[{"embeddable":true,"href":"https:\/\/parcodellecascate.it\/de\/wp-json\/wp\/v2\/comments?post=87554"}],"version-history":[{"count":17,"href":"https:\/\/parcodellecascate.it\/de\/wp-json\/wp\/v2\/pages\/87554\/revisions"}],"predecessor-version":[{"id":90761,"href":"https:\/\/parcodellecascate.it\/de\/wp-json\/wp\/v2\/pages\/87554\/revisions\/90761"}],"up":[{"embeddable":true,"href":"https:\/\/parcodellecascate.it\/de\/wp-json\/wp\/v2\/pages\/87544"}],"wp:attachment":[{"href":"https:\/\/parcodellecascate.it\/de\/wp-json\/wp\/v2\/media?parent=87554"}],"curies":[{"name":"wp","href":"https:\/\/api.w.org\/{rel}","templated":true}]}}